{"id":3299,"date":"2026-03-05T12:30:04","date_gmt":"2026-03-05T12:30:04","guid":{"rendered":"https:\/\/malabarhotel.pl\/?page_id=3299"},"modified":"2026-03-05T12:37:49","modified_gmt":"2026-03-05T12:37:49","slug":"smierc-viveka","status":"publish","type":"page","link":"https:\/\/malabarhotel.pl\/index.php\/smierc-viveka\/","title":{"rendered":"\u015amier\u0107 Viveka"},"content":{"rendered":"\n<p>na podstawie \u201e\u015amierci Viveka Ojiego\u201d Akwaeke Emezi w t\u0142umaczeniu Rafa\u0142a Lisowskiego<\/p>\n\n\n\n<p><\/p>\n\n\n\n<p><\/p>\n\n\n\n<p>Intymna, wielowarstwowa opowie\u015b\u0107 inspirowana powie\u015bci\u0105 Akwaeke Emezi. Spektakl prowadzi widza przez \u015bwiat pami\u0119ci, straty i to\u017csamo\u015bci \u2013 mi\u0119dzy tym, co widzialne, a tym, co ukryte. W przestrzeni pe\u0142nej obraz\u00f3w, d\u017awi\u0119ku i zmys\u0142owych instalacji spotykaj\u0105 si\u0119 g\u0142osy bliskich Viveka, pr\u00f3buj\u0105c zrozumie\u0107 jego \u017cycie i tajemnic\u0119 \u015bmierci.<\/p>\n\n\n\n<p>Teatr Malabar Hotel tworzy poetyck\u0105, wizualn\u0105 opowie\u015b\u0107 o inno\u015bci, czu\u0142o\u015bci i poszukiwaniu miejsca w \u015bwiecie.<\/p>\n\n\n\n<p><\/p>\n\n\n\n<p>re\u017cyseria<br><strong>Natalia So\u0142tysik<\/strong><\/p>\n\n\n\n<p>scenografia i kostiumy<br><strong>Anna Czarnota<\/strong><\/p>\n\n\n\n<p><strong>Lalki<\/strong><br>Marcin Bikowski<\/p>\n\n\n\n<p>muzyka<br><strong>Anna Stela<\/strong><\/p>\n\n\n\n<p>re\u017cyseria \u015bwiat\u0142a<br><strong>Paulina G\u00f3ral<\/strong><\/p>\n\n\n\n<p>Opieka merytoryczna<br><strong>Katarzyna Szumlas<\/strong><\/p>\n\n\n\n<p>obsada<\/p>\n\n\n\n<p><strong>Marcin Bartnikowski, Marcin Bikowski, Anna Gajewska, Anna Stela, Anna Szyma\u0144czyk<\/strong><\/p>\n\n\n\n<p><\/p>\n\n\n\n<p><strong>Premiera 23 grudnia 2026<\/strong><\/p>\n\n\n\n<div class=\"wp-block-envira-envira-gallery\"><div id=\"envira-gallery-wrap-2845\" class=\"envira-gallery-wrap envira-gallery-theme-base envira-lightbox-theme-base\" itemscope itemtype=\"https:\/\/schema.org\/ImageGallery\"><div style=\"opacity: 0.0\"  data-row-height=\"150\" data-gallery-theme=\"normal\" id=\"envira-gallery-2845\" class=\"envira-gallery-public envira-gallery-justified-public envira-gallery-0-columns envira-clear enviratope envira-gallery-css-animations\" data-envira-columns=\"0\"><div id=\"envira-gallery-item-3301\" class=\"envira-gallery-item enviratope-item envira-gallery-item-1 envira-lazy-load\" style=\"padding-left: 1px; padding-bottom: 1px; padding-right: 1px;\"  itemscope itemtype=\"https:\/\/schema.org\/ImageObject\"><div class=\"envira-gallery-item-inner\"><div class=\"envira-gallery-position-overlay  envira-gallery-top-left\"><\/div><div class=\"envira-gallery-position-overlay  envira-gallery-top-right\"><\/div><div class=\"envira-gallery-position-overlay  envira-gallery-bottom-left\"><\/div><div class=\"envira-gallery-position-overlay  envira-gallery-bottom-right\"><\/div><a href=\"http:\/\/malabarhotel.pl\/wp-content\/uploads\/2021\/07\/IMG_4108-scaled.jpeg\" class=\"envira-gallery-2845 envira-gallery-link\" rel=\"enviragallery2845\" title=\"IMG_4108\" data-envira-caption=\"IMG_4108\" data-envira-retina=\"\" data-thumbnail=\"\"  itemprop=\"contentUrl\"><img id=\"envira-gallery-image-3301\" class=\"envira-gallery-image envira-gallery-image-1 envira-normal envira-lazy\" data-envira-index=\"1\" src=\"https:\/\/malabarhotel.pl\/wp-content\/uploads\/2021\/07\/IMG_4108-768x1024-640x480.jpeg\" data-envira-src=\"https:\/\/malabarhotel.pl\/wp-content\/uploads\/2021\/07\/IMG_4108-768x1024-640x480.jpeg\" data-envira-gallery-id=\"2845\" data-envira-item-id=\"3301\" data-envira-caption=\"IMG_4108\" alt=\"\" title=\"IMG_4108\"  itemprop=\"thumbnailUrl\" data-envira-srcset=\"https:\/\/malabarhotel.pl\/wp-content\/uploads\/2021\/07\/IMG_4108-768x1024-640x480.jpeg 400w,https:\/\/malabarhotel.pl\/wp-content\/uploads\/2021\/07\/IMG_4108-768x1024-640x480.jpeg 2x\" data-envira-width=\"225\" data-envira-height=\"300\" srcset=\"data:image\/gif;base64,R0lGODlhAQABAIAAAP\/\/\/\/\/\/\/yH5BAEKAAEALAAAAAABAAEAAAICTAEAOw==\" data-safe-src=\"data:image\/gif;base64,R0lGODlhAQABAIAAAP\/\/\/\/\/\/\/yH5BAEKAAEALAAAAAABAAEAAAICTAEAOw==\" \/><\/a><\/div><\/div><div id=\"envira-gallery-item-3302\" class=\"envira-gallery-item enviratope-item envira-gallery-item-2 envira-lazy-load\" style=\"padding-left: 1px; padding-bottom: 1px; padding-right: 1px;\"  itemscope itemtype=\"https:\/\/schema.org\/ImageObject\"><div class=\"envira-gallery-item-inner\"><div class=\"envira-gallery-position-overlay  envira-gallery-top-left\"><\/div><div class=\"envira-gallery-position-overlay  envira-gallery-top-right\"><\/div><div class=\"envira-gallery-position-overlay  envira-gallery-bottom-left\"><\/div><div class=\"envira-gallery-position-overlay  envira-gallery-bottom-right\"><\/div><a href=\"http:\/\/malabarhotel.pl\/wp-content\/uploads\/2021\/07\/IMG_4122-scaled.jpeg\" class=\"envira-gallery-2845 envira-gallery-link\" rel=\"enviragallery2845\" title=\"IMG_4122\" data-envira-caption=\"IMG_4122\" data-envira-retina=\"\" data-thumbnail=\"\"  itemprop=\"contentUrl\"><img id=\"envira-gallery-image-3302\" class=\"envira-gallery-image envira-gallery-image-2 envira-normal envira-lazy\" data-envira-index=\"2\" src=\"https:\/\/malabarhotel.pl\/wp-content\/uploads\/2021\/07\/IMG_4122-1024x768-640x480.jpeg\" data-envira-src=\"https:\/\/malabarhotel.pl\/wp-content\/uploads\/2021\/07\/IMG_4122-1024x768-640x480.jpeg\" data-envira-gallery-id=\"2845\" data-envira-item-id=\"3302\" data-envira-caption=\"IMG_4122\" alt=\"\" title=\"IMG_4122\"  itemprop=\"thumbnailUrl\" data-envira-srcset=\"https:\/\/malabarhotel.pl\/wp-content\/uploads\/2021\/07\/IMG_4122-1024x768-640x480.jpeg 400w,https:\/\/malabarhotel.pl\/wp-content\/uploads\/2021\/07\/IMG_4122-1024x768-640x480.jpeg 2x\" data-envira-width=\"300\" data-envira-height=\"225\" srcset=\"data:image\/gif;base64,R0lGODlhAQABAIAAAP\/\/\/\/\/\/\/yH5BAEKAAEALAAAAAABAAEAAAICTAEAOw==\" data-safe-src=\"data:image\/gif;base64,R0lGODlhAQABAIAAAP\/\/\/\/\/\/\/yH5BAEKAAEALAAAAAABAAEAAAICTAEAOw==\" \/><\/a><\/div><\/div><div id=\"envira-gallery-item-3303\" class=\"envira-gallery-item enviratope-item envira-gallery-item-3 envira-lazy-load\" style=\"padding-left: 1px; padding-bottom: 1px; padding-right: 1px;\"  itemscope itemtype=\"https:\/\/schema.org\/ImageObject\"><div class=\"envira-gallery-item-inner\"><div class=\"envira-gallery-position-overlay  envira-gallery-top-left\"><\/div><div class=\"envira-gallery-position-overlay  envira-gallery-top-right\"><\/div><div class=\"envira-gallery-position-overlay  envira-gallery-bottom-left\"><\/div><div class=\"envira-gallery-position-overlay  envira-gallery-bottom-right\"><\/div><a href=\"http:\/\/malabarhotel.pl\/wp-content\/uploads\/2021\/07\/IMG_3996-scaled.jpeg\" class=\"envira-gallery-2845 envira-gallery-link\" rel=\"enviragallery2845\" title=\"IMG_3996\" data-envira-caption=\"IMG_3996\" data-envira-retina=\"\" data-thumbnail=\"\"  itemprop=\"contentUrl\"><img id=\"envira-gallery-image-3303\" class=\"envira-gallery-image envira-gallery-image-3 envira-normal envira-lazy\" data-envira-index=\"3\" src=\"https:\/\/malabarhotel.pl\/wp-content\/uploads\/2021\/07\/IMG_3996-1024x768-640x480.jpeg\" data-envira-src=\"https:\/\/malabarhotel.pl\/wp-content\/uploads\/2021\/07\/IMG_3996-1024x768-640x480.jpeg\" data-envira-gallery-id=\"2845\" data-envira-item-id=\"3303\" data-envira-caption=\"IMG_3996\" alt=\"\" title=\"IMG_3996\"  itemprop=\"thumbnailUrl\" data-envira-srcset=\"https:\/\/malabarhotel.pl\/wp-content\/uploads\/2021\/07\/IMG_3996-1024x768-640x480.jpeg 400w,https:\/\/malabarhotel.pl\/wp-content\/uploads\/2021\/07\/IMG_3996-1024x768-640x480.jpeg 2x\" data-envira-width=\"300\" data-envira-height=\"225\" srcset=\"data:image\/gif;base64,R0lGODlhAQABAIAAAP\/\/\/\/\/\/\/yH5BAEKAAEALAAAAAABAAEAAAICTAEAOw==\" data-safe-src=\"data:image\/gif;base64,R0lGODlhAQABAIAAAP\/\/\/\/\/\/\/yH5BAEKAAEALAAAAAABAAEAAAICTAEAOw==\" \/><\/a><\/div><\/div><div id=\"envira-gallery-item-3304\" class=\"envira-gallery-item enviratope-item envira-gallery-item-4 envira-lazy-load\" style=\"padding-left: 1px; padding-bottom: 1px; padding-right: 1px;\"  itemscope itemtype=\"https:\/\/schema.org\/ImageObject\"><div class=\"envira-gallery-item-inner\"><div class=\"envira-gallery-position-overlay  envira-gallery-top-left\"><\/div><div class=\"envira-gallery-position-overlay  envira-gallery-top-right\"><\/div><div class=\"envira-gallery-position-overlay  envira-gallery-bottom-left\"><\/div><div class=\"envira-gallery-position-overlay  envira-gallery-bottom-right\"><\/div><a href=\"http:\/\/malabarhotel.pl\/wp-content\/uploads\/2021\/07\/IMG_3991-scaled.jpeg\" class=\"envira-gallery-2845 envira-gallery-link\" rel=\"enviragallery2845\" title=\"IMG_3991\" data-envira-caption=\"IMG_3991\" data-envira-retina=\"\" data-thumbnail=\"\"  itemprop=\"contentUrl\"><img id=\"envira-gallery-image-3304\" class=\"envira-gallery-image envira-gallery-image-4 envira-normal envira-lazy\" data-envira-index=\"4\" src=\"https:\/\/malabarhotel.pl\/wp-content\/uploads\/2021\/07\/IMG_3991-768x1024-640x480.jpeg\" data-envira-src=\"https:\/\/malabarhotel.pl\/wp-content\/uploads\/2021\/07\/IMG_3991-768x1024-640x480.jpeg\" data-envira-gallery-id=\"2845\" data-envira-item-id=\"3304\" data-envira-caption=\"IMG_3991\" alt=\"\" title=\"IMG_3991\"  itemprop=\"thumbnailUrl\" data-envira-srcset=\"https:\/\/malabarhotel.pl\/wp-content\/uploads\/2021\/07\/IMG_3991-768x1024-640x480.jpeg 400w,https:\/\/malabarhotel.pl\/wp-content\/uploads\/2021\/07\/IMG_3991-768x1024-640x480.jpeg 2x\" data-envira-width=\"225\" data-envira-height=\"300\" srcset=\"data:image\/gif;base64,R0lGODlhAQABAIAAAP\/\/\/\/\/\/\/yH5BAEKAAEALAAAAAABAAEAAAICTAEAOw==\" data-safe-src=\"data:image\/gif;base64,R0lGODlhAQABAIAAAP\/\/\/\/\/\/\/yH5BAEKAAEALAAAAAABAAEAAAICTAEAOw==\" \/><\/a><\/div><\/div><div id=\"envira-gallery-item-3305\" class=\"envira-gallery-item enviratope-item envira-gallery-item-5 envira-lazy-load\" style=\"padding-left: 1px; padding-bottom: 1px; padding-right: 1px;\"  itemscope itemtype=\"https:\/\/schema.org\/ImageObject\"><div class=\"envira-gallery-item-inner\"><div class=\"envira-gallery-position-overlay  envira-gallery-top-left\"><\/div><div class=\"envira-gallery-position-overlay  envira-gallery-top-right\"><\/div><div class=\"envira-gallery-position-overlay  envira-gallery-bottom-left\"><\/div><div class=\"envira-gallery-position-overlay  envira-gallery-bottom-right\"><\/div><a href=\"http:\/\/malabarhotel.pl\/wp-content\/uploads\/2021\/07\/IMG_3922-scaled.jpeg\" class=\"envira-gallery-2845 envira-gallery-link\" rel=\"enviragallery2845\" title=\"IMG_3922\" data-envira-caption=\"IMG_3922\" data-envira-retina=\"\" data-thumbnail=\"\"  itemprop=\"contentUrl\"><img id=\"envira-gallery-image-3305\" class=\"envira-gallery-image envira-gallery-image-5 envira-normal envira-lazy\" data-envira-index=\"5\" src=\"https:\/\/malabarhotel.pl\/wp-content\/uploads\/2021\/07\/IMG_3922-1024x768-640x480.jpeg\" data-envira-src=\"https:\/\/malabarhotel.pl\/wp-content\/uploads\/2021\/07\/IMG_3922-1024x768-640x480.jpeg\" data-envira-gallery-id=\"2845\" data-envira-item-id=\"3305\" data-envira-caption=\"IMG_3922\" alt=\"\" title=\"IMG_3922\"  itemprop=\"thumbnailUrl\" data-envira-srcset=\"https:\/\/malabarhotel.pl\/wp-content\/uploads\/2021\/07\/IMG_3922-1024x768-640x480.jpeg 400w,https:\/\/malabarhotel.pl\/wp-content\/uploads\/2021\/07\/IMG_3922-1024x768-640x480.jpeg 2x\" data-envira-width=\"300\" data-envira-height=\"225\" srcset=\"data:image\/gif;base64,R0lGODlhAQABAIAAAP\/\/\/\/\/\/\/yH5BAEKAAEALAAAAAABAAEAAAICTAEAOw==\" data-safe-src=\"data:image\/gif;base64,R0lGODlhAQABAIAAAP\/\/\/\/\/\/\/yH5BAEKAAEALAAAAAABAAEAAAICTAEAOw==\" \/><\/a><\/div><\/div><div id=\"envira-gallery-item-3306\" class=\"envira-gallery-item enviratope-item envira-gallery-item-6 envira-lazy-load\" style=\"padding-left: 1px; padding-bottom: 1px; padding-right: 1px;\"  itemscope itemtype=\"https:\/\/schema.org\/ImageObject\"><div class=\"envira-gallery-item-inner\"><div class=\"envira-gallery-position-overlay  envira-gallery-top-left\"><\/div><div class=\"envira-gallery-position-overlay  envira-gallery-top-right\"><\/div><div class=\"envira-gallery-position-overlay  envira-gallery-bottom-left\"><\/div><div class=\"envira-gallery-position-overlay  envira-gallery-bottom-right\"><\/div><a href=\"http:\/\/malabarhotel.pl\/wp-content\/uploads\/2021\/07\/IMG_3894-scaled.jpeg\" class=\"envira-gallery-2845 envira-gallery-link\" rel=\"enviragallery2845\" title=\"IMG_3894\" data-envira-caption=\"IMG_3894\" data-envira-retina=\"\" data-thumbnail=\"\"  itemprop=\"contentUrl\"><img id=\"envira-gallery-image-3306\" class=\"envira-gallery-image envira-gallery-image-6 envira-normal envira-lazy\" data-envira-index=\"6\" src=\"https:\/\/malabarhotel.pl\/wp-content\/uploads\/2021\/07\/IMG_3894-1024x768-640x480.jpeg\" data-envira-src=\"https:\/\/malabarhotel.pl\/wp-content\/uploads\/2021\/07\/IMG_3894-1024x768-640x480.jpeg\" data-envira-gallery-id=\"2845\" data-envira-item-id=\"3306\" data-envira-caption=\"IMG_3894\" alt=\"\" title=\"IMG_3894\"  itemprop=\"thumbnailUrl\" data-envira-srcset=\"https:\/\/malabarhotel.pl\/wp-content\/uploads\/2021\/07\/IMG_3894-1024x768-640x480.jpeg 400w,https:\/\/malabarhotel.pl\/wp-content\/uploads\/2021\/07\/IMG_3894-1024x768-640x480.jpeg 2x\" data-envira-width=\"300\" data-envira-height=\"225\" srcset=\"data:image\/gif;base64,R0lGODlhAQABAIAAAP\/\/\/\/\/\/\/yH5BAEKAAEALAAAAAABAAEAAAICTAEAOw==\" data-safe-src=\"data:image\/gif;base64,R0lGODlhAQABAIAAAP\/\/\/\/\/\/\/yH5BAEKAAEALAAAAAABAAEAAAICTAEAOw==\" \/><\/a><\/div><\/div><\/div><\/div><noscript><img src=\"https:\/\/malabarhotel.pl\/wp-content\/uploads\/2021\/07\/IMG_4108-scaled.jpeg\" alt=\"\" \/><img src=\"https:\/\/malabarhotel.pl\/wp-content\/uploads\/2021\/07\/IMG_4122-scaled.jpeg\" alt=\"\" \/><img src=\"https:\/\/malabarhotel.pl\/wp-content\/uploads\/2021\/07\/IMG_3996-scaled.jpeg\" alt=\"\" \/><img src=\"https:\/\/malabarhotel.pl\/wp-content\/uploads\/2021\/07\/IMG_3991-scaled.jpeg\" alt=\"\" \/><img src=\"https:\/\/malabarhotel.pl\/wp-content\/uploads\/2021\/07\/IMG_3922-scaled.jpeg\" alt=\"\" \/><img src=\"https:\/\/malabarhotel.pl\/wp-content\/uploads\/2021\/07\/IMG_3894-scaled.jpeg\" alt=\"\" \/><\/noscript><\/div>\n\n\n\n<p>foto Anna Czarnota<\/p>\n\n\n\n<div class=\"is-layout-flow wp-block-group\"><div class=\"wp-block-group__inner-container\">\n<div class=\"is-layout-flow wp-block-group\"><div class=\"wp-block-group__inner-container\">\n<div class=\"is-layout-flow wp-block-group\"><div class=\"wp-block-group__inner-container\">\n<div class=\"is-layout-flow wp-block-group\"><div class=\"wp-block-group__inner-container\">\n<div class=\"is-layout-flow wp-block-group\"><div class=\"wp-block-group__inner-container\">\n<figure class=\"wp-block-image size-large is-resized\"><img decoding=\"async\" loading=\"lazy\" src=\"https:\/\/malabarhotel.pl\/wp-content\/uploads\/2026\/03\/logo_MKiDN-1024x288.png\" alt=\"\" class=\"wp-image-3308\" width=\"293\" height=\"82\" srcset=\"https:\/\/malabarhotel.pl\/wp-content\/uploads\/2026\/03\/logo_MKiDN-1024x288.png 1024w, https:\/\/malabarhotel.pl\/wp-content\/uploads\/2026\/03\/logo_MKiDN-300x84.png 300w, https:\/\/malabarhotel.pl\/wp-content\/uploads\/2026\/03\/logo_MKiDN-768x216.png 768w, https:\/\/malabarhotel.pl\/wp-content\/uploads\/2026\/03\/logo_MKiDN.png 1536w\" sizes=\"(max-width: 293px) 100vw, 293px\" \/><\/figure>\n<\/div><\/div>\n<\/div><\/div>\n\n\n\n<div class=\"is-layout-flow wp-block-group\"><div class=\"wp-block-group__inner-container\">\n<figure class=\"wp-block-image size-large\"><img decoding=\"async\" loading=\"lazy\" width=\"1024\" height=\"683\" src=\"https:\/\/malabarhotel.pl\/wp-content\/uploads\/2026\/03\/page1_1-2-1024x683.jpg\" alt=\"\" class=\"wp-image-3309\" srcset=\"https:\/\/malabarhotel.pl\/wp-content\/uploads\/2026\/03\/page1_1-2-1024x683.jpg 1024w, https:\/\/malabarhotel.pl\/wp-content\/uploads\/2026\/03\/page1_1-2-300x200.jpg 300w, https:\/\/malabarhotel.pl\/wp-content\/uploads\/2026\/03\/page1_1-2-768x512.jpg 768w, https:\/\/malabarhotel.pl\/wp-content\/uploads\/2026\/03\/page1_1-2-1536x1024.jpg 1536w, https:\/\/malabarhotel.pl\/wp-content\/uploads\/2026\/03\/page1_1-2-2048x1365.jpg 2048w, https:\/\/malabarhotel.pl\/wp-content\/uploads\/2026\/03\/page1_1-2-150x100.jpg 150w\" sizes=\"(max-width: 1024px) 100vw, 1024px\" \/><\/figure>\n<\/div><\/div>\n<\/div><\/div>\n<\/div><\/div>\n\n\n\n<p><\/p>\n<\/div><\/div>\n\n\n\n<p><\/p>\n","protected":false},"excerpt":{"rendered":"<p>na podstawie \u201e\u015amierci Viveka Ojiego\u201d Akwaeke Emezi w t\u0142umaczeniu Rafa\u0142a Lisowskiego Intymna, wielowarstwowa opowie\u015b\u0107 inspirowana powie\u015bci\u0105 Akwaeke Emezi. Spektakl prowadzi widza przez \u015bwiat pami\u0119ci, straty i to\u017csamo\u015bci \u2013 mi\u0119dzy tym, co widzialne, a tym, co ukryte. W przestrzeni pe\u0142nej obraz\u00f3w, d\u017awi\u0119ku i zmys\u0142owych instalacji spotykaj\u0105 si\u0119 g\u0142osy bliskich Viveka, pr\u00f3buj\u0105c zrozumie\u0107 jego \u017cycie i tajemnic\u0119&#8230; <\/p>\n","protected":false},"author":1,"featured_media":3313,"parent":0,"menu_order":0,"comment_status":"closed","ping_status":"closed","template":"no-sidebar.php","meta":{"om_disable_all_campaigns":false,"_monsterinsights_skip_tracking":false,"_monsterinsights_sitenote_active":false,"_monsterinsights_sitenote_note":"","_monsterinsights_sitenote_category":0},"_links":{"self":[{"href":"https:\/\/malabarhotel.pl\/index.php\/wp-json\/wp\/v2\/pages\/3299"}],"collection":[{"href":"https:\/\/malabarhotel.pl\/index.php\/wp-json\/wp\/v2\/pages"}],"about":[{"href":"https:\/\/malabarhotel.pl\/index.php\/wp-json\/wp\/v2\/types\/page"}],"author":[{"embeddable":true,"href":"https:\/\/malabarhotel.pl\/index.php\/wp-json\/wp\/v2\/users\/1"}],"replies":[{"embeddable":true,"href":"https:\/\/malabarhotel.pl\/index.php\/wp-json\/wp\/v2\/comments?post=3299"}],"version-history":[{"count":6,"href":"https:\/\/malabarhotel.pl\/index.php\/wp-json\/wp\/v2\/pages\/3299\/revisions"}],"predecessor-version":[{"id":3314,"href":"https:\/\/malabarhotel.pl\/index.php\/wp-json\/wp\/v2\/pages\/3299\/revisions\/3314"}],"wp:featuredmedia":[{"embeddable":true,"href":"https:\/\/malabarhotel.pl\/index.php\/wp-json\/wp\/v2\/media\/3313"}],"wp:attachment":[{"href":"https:\/\/malabarhotel.pl\/index.php\/wp-json\/wp\/v2\/media?parent=3299"}],"curies":[{"name":"wp","href":"https:\/\/api.w.org\/{rel}","templated":true}]}}