{"id":3286,"date":"2024-09-19T17:40:23","date_gmt":"2024-09-19T17:40:23","guid":{"rendered":"https:\/\/malabarhotel.pl\/?page_id=3286"},"modified":"2024-09-19T18:04:25","modified_gmt":"2024-09-19T18:04:25","slug":"deszcz","status":"publish","type":"page","link":"https:\/\/malabarhotel.pl\/index.php\/deszcz\/","title":{"rendered":"DESZCZ"},"content":{"rendered":"\n<p><strong>Miron Bia\u0142oszewski<\/strong><\/p>\n\n\n\n<p><\/p>\n\n\n\n<p>Odnalezione w ubieg\u0142ym roku, nie wystawiane dot\u0105d dramaty Mirona Bia\u0142oszewskiego&nbsp; trafi\u0105 na deski Teatru Kr\u00f3lewskiego dzi\u0119ki wsp\u00f3\u0142pracy Teatru Malabar Hotel oraz Muzeum \u0141azienek Kr\u00f3lewskich. Spektakl jest premierow\u0105 interpretacj\u0105 dw\u00f3ch odnalezionych niedawno tekst\u00f3w Mirona Bia\u0142oszewskiego, kt\u00f3re dzieli dekada a \u0142\u0105czy wsp\u00f3lny motyw przewodni.&nbsp; Spoiwem jest te\u017c tytu\u0142: deszcz &#8211; nadany przez Bia\u0142oszewskiego obu &#8211; koresponduj\u0105cym ze sob\u0105 tekstom. Deszcz jest parabol\u0105. Raz krajobrazem wewn\u0119trznym bohater\u00f3w.&nbsp; Raz si\u0142\u0105 wywo\u0142uj\u0105c\u0105 niepokoj\u0105ce, czy surrealistyczne obrazy. Dok\u0105d prowadzi nas wyobra\u017ania Mirona? Jakie miejsce w tej wyobra\u017ani odgrywa poliamoryczna mi\u0142o\u015b\u0107? Czy nastr\u00f3j i napi\u0119cie (nie tylko erotyczne) zapowiadaj\u0105 taniec mi\u0142o\u015bci i \u015bmierci? Ju\u017c&nbsp;w pa\u017adzierniku poruszymy te zagadnienia.&nbsp;<\/p>\n\n\n\n<p>re\u017cyseria<\/p>\n\n\n\n<p><strong>Marcin Bartnikowski<\/strong><\/p>\n\n\n\n<p><strong>Marcin Bikowski<\/strong><\/p>\n\n\n\n<p>muzyka, kostiumy, \u015bwiat\u0142o<\/p>\n\n\n\n<p><strong>Marcin Bartnikowski<\/strong><\/p>\n\n\n\n<p>scenografia<\/p>\n\n\n\n<p><strong>Marcin Bikowski<\/strong><\/p>\n\n\n\n<p>ruch sceniczny<\/p>\n\n\n\n<p><strong>Marta Bury<\/strong><\/p>\n\n\n\n<p>opieka merytoryczna i koordynacja<\/p>\n\n\n\n<p>Katarzyna Szumlas<\/p>\n\n\n\n<p>obsada<\/p>\n\n\n\n<p><strong>Marcin Bartnikowski<\/strong><\/p>\n\n\n\n<p><strong>Marcin Bikowski<\/strong><\/p>\n\n\n\n<p><strong>Premiera 1 pa\u017adziernika 2024<\/strong><\/p>\n\n\n\n<p>foto Pawe\u0142 Czarnecki<\/p>\n\n\n\n<p>Projekt wsp\u00f3\u0142finansowany jest ze \u017ar\u00f3de\u0142\u00a0Miasta Sto\u0142ecznego Warszawa oraz ze \u015brodk\u00f3w Fundacji Natura i Sztuka w Koby\u0142ce.artnerem spektaklu s\u0105 \u0141azienki Kr\u00f3lewskie w warszawie .<\/p>\n\n\n\n<figure class=\"wp-block-image size-large is-resized\"><img decoding=\"async\" loading=\"lazy\" src=\"https:\/\/malabarhotel.pl\/wp-content\/uploads\/2021\/07\/lazienki-1.png\" alt=\"\" class=\"wp-image-2794\" width=\"72\" height=\"114\"\/><\/figure>\n\n\n\n<figure class=\"wp-block-image size-large is-resized\"><img decoding=\"async\" loading=\"lazy\" src=\"https:\/\/malabarhotel.pl\/wp-content\/uploads\/2024\/09\/Fundacja-Natura-i-Sztuka-1-1024x807.jpg\" alt=\"\" class=\"wp-image-3289\" width=\"124\" height=\"98\" srcset=\"https:\/\/malabarhotel.pl\/wp-content\/uploads\/2024\/09\/Fundacja-Natura-i-Sztuka-1-1024x807.jpg 1024w, https:\/\/malabarhotel.pl\/wp-content\/uploads\/2024\/09\/Fundacja-Natura-i-Sztuka-1-300x236.jpg 300w, https:\/\/malabarhotel.pl\/wp-content\/uploads\/2024\/09\/Fundacja-Natura-i-Sztuka-1-768x605.jpg 768w, https:\/\/malabarhotel.pl\/wp-content\/uploads\/2024\/09\/Fundacja-Natura-i-Sztuka-1-1536x1211.jpg 1536w, https:\/\/malabarhotel.pl\/wp-content\/uploads\/2024\/09\/Fundacja-Natura-i-Sztuka-1-2048x1614.jpg 2048w\" sizes=\"(max-width: 124px) 100vw, 124px\" \/><\/figure>\n\n\n\n<figure class=\"wp-block-image size-large is-resized\"><img decoding=\"async\" loading=\"lazy\" src=\"https:\/\/malabarhotel.pl\/wp-content\/uploads\/2024\/09\/Warszawa-znak-RGB-czarny-podstawowy-1024x704.jpg\" alt=\"\" class=\"wp-image-3290\" width=\"183\" height=\"125\" srcset=\"https:\/\/malabarhotel.pl\/wp-content\/uploads\/2024\/09\/Warszawa-znak-RGB-czarny-podstawowy-1024x704.jpg 1024w, https:\/\/malabarhotel.pl\/wp-content\/uploads\/2024\/09\/Warszawa-znak-RGB-czarny-podstawowy-300x206.jpg 300w, https:\/\/malabarhotel.pl\/wp-content\/uploads\/2024\/09\/Warszawa-znak-RGB-czarny-podstawowy-768x528.jpg 768w, https:\/\/malabarhotel.pl\/wp-content\/uploads\/2024\/09\/Warszawa-znak-RGB-czarny-podstawowy-1536x1056.jpg 1536w, https:\/\/malabarhotel.pl\/wp-content\/uploads\/2024\/09\/Warszawa-znak-RGB-czarny-podstawowy-2048x1408.jpg 2048w\" sizes=\"(max-width: 183px) 100vw, 183px\" \/><\/figure>\n","protected":false},"excerpt":{"rendered":"<p>Miron Bia\u0142oszewski Odnalezione w ubieg\u0142ym roku, nie wystawiane dot\u0105d dramaty Mirona Bia\u0142oszewskiego&nbsp; trafi\u0105 na deski Teatru Kr\u00f3lewskiego dzi\u0119ki wsp\u00f3\u0142pracy Teatru Malabar Hotel oraz Muzeum \u0141azienek Kr\u00f3lewskich. Spektakl jest premierow\u0105 interpretacj\u0105 dw\u00f3ch odnalezionych niedawno tekst\u00f3w Mirona Bia\u0142oszewskiego, kt\u00f3re dzieli dekada a \u0142\u0105czy wsp\u00f3lny motyw przewodni.&nbsp; Spoiwem jest te\u017c tytu\u0142: deszcz &#8211; nadany przez Bia\u0142oszewskiego obu &#8211;&#8230; <\/p>\n","protected":false},"author":1,"featured_media":3291,"parent":0,"menu_order":0,"comment_status":"closed","ping_status":"closed","template":"no-sidebar.php","meta":{"om_disable_all_campaigns":false,"_monsterinsights_skip_tracking":false,"_monsterinsights_sitenote_active":false,"_monsterinsights_sitenote_note":"","_monsterinsights_sitenote_category":0},"_links":{"self":[{"href":"https:\/\/malabarhotel.pl\/index.php\/wp-json\/wp\/v2\/pages\/3286"}],"collection":[{"href":"https:\/\/malabarhotel.pl\/index.php\/wp-json\/wp\/v2\/pages"}],"about":[{"href":"https:\/\/malabarhotel.pl\/index.php\/wp-json\/wp\/v2\/types\/page"}],"author":[{"embeddable":true,"href":"https:\/\/malabarhotel.pl\/index.php\/wp-json\/wp\/v2\/users\/1"}],"replies":[{"embeddable":true,"href":"https:\/\/malabarhotel.pl\/index.php\/wp-json\/wp\/v2\/comments?post=3286"}],"version-history":[{"count":2,"href":"https:\/\/malabarhotel.pl\/index.php\/wp-json\/wp\/v2\/pages\/3286\/revisions"}],"predecessor-version":[{"id":3292,"href":"https:\/\/malabarhotel.pl\/index.php\/wp-json\/wp\/v2\/pages\/3286\/revisions\/3292"}],"wp:featuredmedia":[{"embeddable":true,"href":"https:\/\/malabarhotel.pl\/index.php\/wp-json\/wp\/v2\/media\/3291"}],"wp:attachment":[{"href":"https:\/\/malabarhotel.pl\/index.php\/wp-json\/wp\/v2\/media?parent=3286"}],"curies":[{"name":"wp","href":"https:\/\/api.w.org\/{rel}","templated":true}]}}