{"id":3127,"date":"2023-04-24T10:06:56","date_gmt":"2023-04-24T10:06:56","guid":{"rendered":"https:\/\/malabarhotel.pl\/?page_id=3127"},"modified":"2023-06-10T10:43:14","modified_gmt":"2023-06-10T10:43:14","slug":"czerwiec-2023","status":"publish","type":"page","link":"https:\/\/malabarhotel.pl\/index.php\/czerwiec-2023\/","title":{"rendered":"Czerwiec 2023"},"content":{"rendered":"\n<p>01.06&nbsp;<strong><a href=\"https:\/\/malabarhotel.pl\/index.php\/no-sidebar-template\/\">Mistrz i Ma\u0142gorzata<\/a><\/strong>&nbsp;Teatr Dramatyczny M.St.Warszawy&nbsp;<strong><a href=\"https:\/\/bilety.teatrdramatyczny.pl\/rezerwacja\/termin.html?id=107\">kup bilet<\/a><\/strong><\/p>\n\n\n\n<p>02.06&nbsp;<strong><a href=\"https:\/\/malabarhotel.pl\/index.php\/no-sidebar-template\/\">Mistrz i Ma\u0142gorzata<\/a><\/strong>&nbsp;Teatr Dramatyczny M.St.Warszawy&nbsp;<strong><a href=\"https:\/\/bilety.teatrdramatyczny.pl\/rezerwacja\/termin.html?id=107\">kup bilet<\/a><\/strong><\/p>\n\n\n\n<p>03.06&nbsp;<strong><a href=\"https:\/\/malabarhotel.pl\/index.php\/no-sidebar-template\/\">Mistrz i Ma\u0142gorzata<\/a><\/strong>&nbsp;Teatr Dramatyczny M.St.Warszawy&nbsp;<strong><a href=\"https:\/\/bilety.teatrdramatyczny.pl\/rezerwacja\/termin.html?id=107\">kup bilet<\/a><\/strong><\/p>\n\n\n\n<p>04.06&nbsp;<strong><a href=\"https:\/\/malabarhotel.pl\/index.php\/no-sidebar-template\/\">Mistrz i Ma\u0142gorzata<\/a><\/strong>&nbsp;Teatr Dramatyczny M.St.Warszawy&nbsp;<strong><a href=\"https:\/\/bilety.teatrdramatyczny.pl\/rezerwacja\/termin.html?id=107\">kup bilet<\/a><\/strong><\/p>\n\n\n\n<p>13.06\u00a0<strong><a href=\"https:\/\/malabarhotel.pl\/index.php\/nieosobni-program-romantyczny-podszyty-mykologia-ezoteryka-i-psychotronika\/\" title=\"Nieosobni\">Nieosobni<\/a><\/strong> PREMIERA\u00a0Pa\u0142acyk Konopackiego w Warszawie<\/p>\n\n\n\n<p>15.06&nbsp;<strong><a href=\"https:\/\/malabarhotel.pl\/index.php\/ferdydurke\/\" title=\"Ferdydurke\">Ferdydurke<\/a><\/strong>&nbsp;Teatr Dramatyczny M.St.Warszawy&nbsp;<strong><a href=\"https:\/\/bilety.teatrdramatyczny.pl\/rezerwacja\/termin.html?id=398\" title=\"kup bilet\">kup bilet<\/a><\/strong><\/p>\n\n\n\n<p>16.06 <strong><a href=\"https:\/\/malabarhotel.pl\/index.php\/ferdydurke\/\" title=\"Ferdydurke\">Ferdydurke<\/a><\/strong>&nbsp;Teatr Dramatyczny M.St.Warszawy&nbsp;<strong><a href=\"https:\/\/bilety.teatrdramatyczny.pl\/rezerwacja\/termin.html?id=398\" title=\"kup bilet\">kup bilet<\/a><\/strong><\/p>\n\n\n\n<p>17.06 <strong>Nieosobni<\/strong> Mi\u0119dzynarodowy Festiwal Metamorfozy w Bia\u0142ymstoku<\/p>\n\n\n\n<p><\/p>\n\n\n\n<p><\/p>\n\n\n\n<p>&nbsp;<\/p>\n\n\n\n<p><\/p>\n","protected":false},"excerpt":{"rendered":"<p>01.06&nbsp;Mistrz i Ma\u0142gorzata&nbsp;Teatr Dramatyczny M.St.Warszawy&nbsp;kup bilet 02.06&nbsp;Mistrz i Ma\u0142gorzata&nbsp;Teatr Dramatyczny M.St.Warszawy&nbsp;kup bilet 03.06&nbsp;Mistrz i Ma\u0142gorzata&nbsp;Teatr Dramatyczny M.St.Warszawy&nbsp;kup bilet 04.06&nbsp;Mistrz i Ma\u0142gorzata&nbsp;Teatr Dramatyczny M.St.Warszawy&nbsp;kup bilet 13.06\u00a0Nieosobni PREMIERA\u00a0Pa\u0142acyk Konopackiego w Warszawie 15.06&nbsp;Ferdydurke&nbsp;Teatr Dramatyczny M.St.Warszawy&nbsp;kup bilet 16.06 Ferdydurke&nbsp;Teatr Dramatyczny M.St.Warszawy&nbsp;kup bilet 17.06 Nieosobni Mi\u0119dzynarodowy Festiwal Metamorfozy w Bia\u0142ymstoku &nbsp;<\/p>\n","protected":false},"author":1,"featured_media":0,"parent":0,"menu_order":0,"comment_status":"closed","ping_status":"closed","template":"","meta":{"om_disable_all_campaigns":false,"_monsterinsights_skip_tracking":false,"_monsterinsights_sitenote_active":false,"_monsterinsights_sitenote_note":"","_monsterinsights_sitenote_category":0},"_links":{"self":[{"href":"https:\/\/malabarhotel.pl\/index.php\/wp-json\/wp\/v2\/pages\/3127"}],"collection":[{"href":"https:\/\/malabarhotel.pl\/index.php\/wp-json\/wp\/v2\/pages"}],"about":[{"href":"https:\/\/malabarhotel.pl\/index.php\/wp-json\/wp\/v2\/types\/page"}],"author":[{"embeddable":true,"href":"https:\/\/malabarhotel.pl\/index.php\/wp-json\/wp\/v2\/users\/1"}],"replies":[{"embeddable":true,"href":"https:\/\/malabarhotel.pl\/index.php\/wp-json\/wp\/v2\/comments?post=3127"}],"version-history":[{"count":4,"href":"https:\/\/malabarhotel.pl\/index.php\/wp-json\/wp\/v2\/pages\/3127\/revisions"}],"predecessor-version":[{"id":3173,"href":"https:\/\/malabarhotel.pl\/index.php\/wp-json\/wp\/v2\/pages\/3127\/revisions\/3173"}],"wp:attachment":[{"href":"https:\/\/malabarhotel.pl\/index.php\/wp-json\/wp\/v2\/media?parent=3127"}],"curies":[{"name":"wp","href":"https:\/\/api.w.org\/{rel}","templated":true}]}}