{"id":3119,"date":"2023-04-24T09:48:43","date_gmt":"2023-04-24T09:48:43","guid":{"rendered":"https:\/\/malabarhotel.pl\/?page_id=3119"},"modified":"2023-04-24T10:02:31","modified_gmt":"2023-04-24T10:02:31","slug":"pazdziernik-3","status":"publish","type":"page","link":"https:\/\/malabarhotel.pl\/index.php\/pazdziernik-3\/","title":{"rendered":"Maj 2023"},"content":{"rendered":"\n<p>09.05&nbsp;<strong><a href=\"https:\/\/malabarhotel.pl\/index.php\/no-sidebar-template\/\">Mistrz i Ma\u0142gorzata<\/a><\/strong>&nbsp;Teatr Dramatyczny M.St.Warszawy&nbsp;<strong><a href=\"https:\/\/bilety.teatrdramatyczny.pl\/rezerwacja\/termin.html?id=107\">kup bilet<\/a><\/strong><\/p>\n\n\n\n<p>10.05&nbsp;<strong><a href=\"https:\/\/malabarhotel.pl\/index.php\/no-sidebar-template\/\">Mistrz i Ma\u0142gorzata<\/a><\/strong>&nbsp;Teatr Dramatyczny M.St.Warszawy&nbsp;<strong><a href=\"https:\/\/bilety.teatrdramatyczny.pl\/rezerwacja\/termin.html?id=107\">kup bilet<\/a><\/strong><\/p>\n\n\n\n<p>11.05&nbsp;<strong><a href=\"https:\/\/malabarhotel.pl\/index.php\/no-sidebar-template\/\">Mistrz i Ma\u0142gorzata<\/a><\/strong>&nbsp;Teatr Dramatyczny M.St.Warszawy&nbsp;<strong><a href=\"https:\/\/bilety.teatrdramatyczny.pl\/rezerwacja\/termin.html?id=107\">kup bilet<\/a><\/strong><\/p>\n\n\n\n<p>16.05&nbsp;<strong><a href=\"https:\/\/malabarhotel.pl\/index.php\/ferdydurke\/\" title=\"Ferdydurke\">Ferdydurke<\/a><\/strong>&nbsp;Teatr Dramatyczny M.St.Warszawy&nbsp;<strong><a href=\"https:\/\/bilety.teatrdramatyczny.pl\/rezerwacja\/termin.html?id=398\" title=\"kup bilet\">kup bilet<\/a><\/strong><\/p>\n\n\n\n<p>17.05 <strong><a href=\"https:\/\/malabarhotel.pl\/index.php\/ferdydurke\/\" title=\"Ferdydurke\">Ferdydurke<\/a><\/strong>&nbsp;Teatr Dramatyczny M.St.Warszawy&nbsp;<strong><a href=\"https:\/\/bilety.teatrdramatyczny.pl\/rezerwacja\/termin.html?id=398\" title=\"kup bilet\">kup bilet<\/a><\/strong><\/p>\n\n\n\n<p>18.05&nbsp;<strong><a href=\"https:\/\/malabarhotel.pl\/index.php\/ferdydurke\/\" title=\"Ferdydurke\">Ferdydurke<\/a><\/strong>&nbsp;Teatr Dramatyczny M.St.Warszawy&nbsp;<strong><a href=\"https:\/\/bilety.teatrdramatyczny.pl\/rezerwacja\/termin.html?id=398\" title=\"kup bilet\">kup bilet<\/a><\/strong><\/p>\n\n\n\n<p>25.05\u00a0<strong><a href=\"https:\/\/malabarhotel.pl\/index.php\/w-grobie-sie-nie-miesci\/\">Powietrzny Burmistrz. W grobie si\u0119 nie mie\u015bci<\/a><\/strong>\u00a0Teatr Rampa\u00a0\u00a0<strong><a href=\"https:\/\/bilety.teatr-rampa.pl\/rezerwacja\/numerowane.html?d=3&amp;id=418&amp;idt=74224b515e30c6be82717078eb116931\">kup bilet<\/a><\/strong><\/p>\n\n\n\n<p>26.05\u00a0<strong><a href=\"https:\/\/malabarhotel.pl\/index.php\/w-grobie-sie-nie-miesci\/\">Powietrzny Burmistrz. W grobie si\u0119 nie mie\u015bci<\/a><\/strong>\u00a0Teatr Rampa \u00a0<strong><a href=\"https:\/\/bilety.teatr-rampa.pl\/rezerwacja\/numerowane.html?d=3&amp;id=419&amp;idt=a6cf5148be173dfbfa4267e654a52370\">kup bilet<\/a><\/strong><\/p>\n\n\n\n<p><\/p>\n\n\n\n<h3><\/h3>\n","protected":false},"excerpt":{"rendered":"<p>09.05&nbsp;Mistrz i Ma\u0142gorzata&nbsp;Teatr Dramatyczny M.St.Warszawy&nbsp;kup bilet 10.05&nbsp;Mistrz i Ma\u0142gorzata&nbsp;Teatr Dramatyczny M.St.Warszawy&nbsp;kup bilet 11.05&nbsp;Mistrz i Ma\u0142gorzata&nbsp;Teatr Dramatyczny M.St.Warszawy&nbsp;kup bilet 16.05&nbsp;Ferdydurke&nbsp;Teatr Dramatyczny M.St.Warszawy&nbsp;kup bilet 17.05 Ferdydurke&nbsp;Teatr Dramatyczny M.St.Warszawy&nbsp;kup bilet 18.05&nbsp;Ferdydurke&nbsp;Teatr Dramatyczny M.St.Warszawy&nbsp;kup bilet 25.05\u00a0Powietrzny Burmistrz. W grobie si\u0119 nie mie\u015bci\u00a0Teatr Rampa\u00a0\u00a0kup bilet 26.05\u00a0Powietrzny Burmistrz. W grobie si\u0119 nie mie\u015bci\u00a0Teatr Rampa \u00a0kup bilet<\/p>\n","protected":false},"author":1,"featured_media":0,"parent":0,"menu_order":0,"comment_status":"closed","ping_status":"closed","template":"","meta":{"om_disable_all_campaigns":false,"_monsterinsights_skip_tracking":false,"_monsterinsights_sitenote_active":false,"_monsterinsights_sitenote_note":"","_monsterinsights_sitenote_category":0},"_links":{"self":[{"href":"https:\/\/malabarhotel.pl\/index.php\/wp-json\/wp\/v2\/pages\/3119"}],"collection":[{"href":"https:\/\/malabarhotel.pl\/index.php\/wp-json\/wp\/v2\/pages"}],"about":[{"href":"https:\/\/malabarhotel.pl\/index.php\/wp-json\/wp\/v2\/types\/page"}],"author":[{"embeddable":true,"href":"https:\/\/malabarhotel.pl\/index.php\/wp-json\/wp\/v2\/users\/1"}],"replies":[{"embeddable":true,"href":"https:\/\/malabarhotel.pl\/index.php\/wp-json\/wp\/v2\/comments?post=3119"}],"version-history":[{"count":6,"href":"https:\/\/malabarhotel.pl\/index.php\/wp-json\/wp\/v2\/pages\/3119\/revisions"}],"predecessor-version":[{"id":3129,"href":"https:\/\/malabarhotel.pl\/index.php\/wp-json\/wp\/v2\/pages\/3119\/revisions\/3129"}],"wp:attachment":[{"href":"https:\/\/malabarhotel.pl\/index.php\/wp-json\/wp\/v2\/media?parent=3119"}],"curies":[{"name":"wp","href":"https:\/\/api.w.org\/{rel}","templated":true}]}}