{"id":2990,"date":"2022-09-13T09:40:54","date_gmt":"2022-09-13T09:40:54","guid":{"rendered":"https:\/\/malabarhotel.pl\/?page_id=2990"},"modified":"2022-10-22T08:40:36","modified_gmt":"2022-10-22T08:40:36","slug":"pazdziernik-2","status":"publish","type":"page","link":"https:\/\/malabarhotel.pl\/index.php\/pazdziernik-2\/","title":{"rendered":"Pa\u017adziernik"},"content":{"rendered":"\n<p>01.10 <strong><a href=\"https:\/\/malabarhotel.pl\/index.php\/no-sidebar-template\/\">Po\u017cegnanie<\/a><a href=\"https:\/\/malabarhotel.pl\/index.php\/2021\/07\/01\/pozegniae-jesieni-witkacy-muzeum-narodowe\/\"> <\/a><a href=\"https:\/\/malabarhotel.pl\/index.php\/no-sidebar-template\/\">jesieni<\/a><\/strong> czytanie performatywne Muzeum Narodowe w Warszawie <\/p>\n\n\n\n<p>05.10 <strong><a href=\"https:\/\/malabarhotel.pl\/index.php\/no-sidebar-template\/\">Mistrz i Ma\u0142gorzata<\/a><\/strong> Teatr Dramatyczny M.St.Warszawy <strong><a href=\"https:\/\/bilety.teatrdramatyczny.pl\/rezerwacja\/termin.html?id=107\">kup bilet<\/a><\/strong><\/p>\n\n\n\n<p>06.10 <strong><a href=\"https:\/\/malabarhotel.pl\/index.php\/no-sidebar-template\/\">Mistrz i Ma\u0142gorzata<\/a><\/strong> Teatr Dramatyczny M.St.Warszawy <strong><a href=\"https:\/\/bilety.teatrdramatyczny.pl\/rezerwacja\/termin.html?id=107\">kup bilet<\/a><\/strong><\/p>\n\n\n\n<p>15.10 <a href=\"https:\/\/malabarhotel.pl\/index.php\/w-grobie-sie-nie-miesci\/\" title=\"W grobie si\u0119 nie mie\u015bci a rebours \"><strong>Powietrzny Burmistrz. W grobie si\u0119 nie mie\u015bci a rebours<\/strong> <\/a>czytanie performatywne w \u0141azienkach Kr\u00f3lewskich<\/p>\n\n\n\n<p>28.10 <strong><a href=\"https:\/\/malabarhotel.pl\/index.php\/w-grobie-sie-nie-miesci\/\" title=\"W grobie si\u0119 nie mie\u015bci\">Powietrzny Burmistrz. W grobie si\u0119 nie mie\u015bci<\/a><\/strong> Teatr Rampa  <a href=\"https:\/\/bilety.teatr-rampa.pl\/rezerwacja\/numerowane.html?id=123&amp;idt=425e8af238a54ce842068fa573e95644\" title=\"kup bilet\"><strong>kup bilet<\/strong><\/a><\/p>\n\n\n\n<p>29.10 <strong><a href=\"https:\/\/malabarhotel.pl\/index.php\/w-grobie-sie-nie-miesci\/\">Powietrzny Burmistrz. W grobie si\u0119 nie mie\u015bci<\/a><\/strong> Teatr Rampa<a href=\"https:\/\/bilety.teatr-rampa.pl\/rezerwacja\/numerowane.html?id=124&amp;idt=bfd22763311696877a2306f035c62313\" title=\" kup bilet\"> <strong>kup bilet<\/strong><\/a><\/p>\n\n\n\n<p>30.10 <strong><a href=\"https:\/\/malabarhotel.pl\/index.php\/w-grobie-sie-nie-miesci\/\" title=\"https:\/\/malabarhotel.pl\/index.php\/w-grobie-sie-nie-miesci\/\">Powietrzny Burmistrz. W grobie si\u0119 nie mie\u015bci<\/a><\/strong> Teatr Rampa <a href=\"https:\/\/bilety.teatr-rampa.pl\/rezerwacja\/numerowane.html?id=125&amp;idt=619f9a379dc56963a274eeafed345655\" title=\"kup bilet\"><strong>kup bilet<\/strong><\/a><\/p>\n","protected":false},"excerpt":{"rendered":"<p>01.10 Po\u017cegnanie jesieni czytanie performatywne Muzeum Narodowe w Warszawie 05.10 Mistrz i Ma\u0142gorzata Teatr Dramatyczny M.St.Warszawy kup bilet 06.10 Mistrz i Ma\u0142gorzata Teatr Dramatyczny M.St.Warszawy kup bilet 15.10 Powietrzny Burmistrz. W grobie si\u0119 nie mie\u015bci a rebours czytanie performatywne w \u0141azienkach Kr\u00f3lewskich 28.10 Powietrzny Burmistrz. W grobie si\u0119 nie mie\u015bci Teatr Rampa kup bilet 29.10&#8230; <\/p>\n","protected":false},"author":1,"featured_media":0,"parent":0,"menu_order":0,"comment_status":"closed","ping_status":"closed","template":"","meta":{"om_disable_all_campaigns":false,"_monsterinsights_skip_tracking":false,"_monsterinsights_sitenote_active":false,"_monsterinsights_sitenote_note":"","_monsterinsights_sitenote_category":0},"_links":{"self":[{"href":"https:\/\/malabarhotel.pl\/index.php\/wp-json\/wp\/v2\/pages\/2990"}],"collection":[{"href":"https:\/\/malabarhotel.pl\/index.php\/wp-json\/wp\/v2\/pages"}],"about":[{"href":"https:\/\/malabarhotel.pl\/index.php\/wp-json\/wp\/v2\/types\/page"}],"author":[{"embeddable":true,"href":"https:\/\/malabarhotel.pl\/index.php\/wp-json\/wp\/v2\/users\/1"}],"replies":[{"embeddable":true,"href":"https:\/\/malabarhotel.pl\/index.php\/wp-json\/wp\/v2\/comments?post=2990"}],"version-history":[{"count":9,"href":"https:\/\/malabarhotel.pl\/index.php\/wp-json\/wp\/v2\/pages\/2990\/revisions"}],"predecessor-version":[{"id":3051,"href":"https:\/\/malabarhotel.pl\/index.php\/wp-json\/wp\/v2\/pages\/2990\/revisions\/3051"}],"wp:attachment":[{"href":"https:\/\/malabarhotel.pl\/index.php\/wp-json\/wp\/v2\/media?parent=2990"}],"curies":[{"name":"wp","href":"https:\/\/api.w.org\/{rel}","templated":true}]}}