{"id":2907,"date":"2021-09-15T14:56:26","date_gmt":"2021-09-15T14:56:26","guid":{"rendered":"https:\/\/malabarhotel.pl\/?page_id=2907"},"modified":"2022-09-13T09:47:02","modified_gmt":"2022-09-13T09:47:02","slug":"listopad","status":"publish","type":"page","link":"https:\/\/malabarhotel.pl\/index.php\/listopad\/","title":{"rendered":"Listopad 2022"},"content":{"rendered":"\n<p>12.11 <strong><a href=\"https:\/\/malabarhotel.pl\/index.php\/no-sidebar-template\/\">Mistrz i Ma\u0142gorzata<\/a><\/strong> Teatr Dramatyczny M.St.Warszawy <strong><a href=\"https:\/\/bilety.teatrdramatyczny.pl\/rezerwacja\/termin.html?id=107\">kup bilet<\/a><\/strong><\/p>\n\n\n\n<p>13.11 <strong><a href=\"https:\/\/malabarhotel.pl\/index.php\/no-sidebar-template\/\">Mistrz i Ma\u0142gorzata<\/a><\/strong> Teatr Dramatyczny M.St.Warszawy <strong><a href=\"https:\/\/bilety.teatrdramatyczny.pl\/rezerwacja\/termin.html?id=107\">kup bilet<\/a><\/strong><\/p>\n\n\n\n<p>14.11 <strong><a href=\"https:\/\/malabarhotel.pl\/index.php\/no-sidebar-template\/\">Mistrz i Ma\u0142gorzata<\/a><\/strong> Teatr Dramatyczny M.St.Warszawy <strong><a href=\"https:\/\/bilety.teatrdramatyczny.pl\/rezerwacja\/termin.html?id=107\">kup bilet<\/a><\/strong><\/p>\n","protected":false},"excerpt":{"rendered":"<p>12.11 Mistrz i Ma\u0142gorzata Teatr Dramatyczny M.St.Warszawy kup bilet 13.11 Mistrz i Ma\u0142gorzata Teatr Dramatyczny M.St.Warszawy kup bilet 14.11 Mistrz i Ma\u0142gorzata Teatr Dramatyczny M.St.Warszawy kup bilet<\/p>\n","protected":false},"author":1,"featured_media":2631,"parent":0,"menu_order":0,"comment_status":"closed","ping_status":"closed","template":"no-sidebar.php","meta":{"om_disable_all_campaigns":false,"_monsterinsights_skip_tracking":false,"_monsterinsights_sitenote_active":false,"_monsterinsights_sitenote_note":"","_monsterinsights_sitenote_category":0},"_links":{"self":[{"href":"https:\/\/malabarhotel.pl\/index.php\/wp-json\/wp\/v2\/pages\/2907"}],"collection":[{"href":"https:\/\/malabarhotel.pl\/index.php\/wp-json\/wp\/v2\/pages"}],"about":[{"href":"https:\/\/malabarhotel.pl\/index.php\/wp-json\/wp\/v2\/types\/page"}],"author":[{"embeddable":true,"href":"https:\/\/malabarhotel.pl\/index.php\/wp-json\/wp\/v2\/users\/1"}],"replies":[{"embeddable":true,"href":"https:\/\/malabarhotel.pl\/index.php\/wp-json\/wp\/v2\/comments?post=2907"}],"version-history":[{"count":2,"href":"https:\/\/malabarhotel.pl\/index.php\/wp-json\/wp\/v2\/pages\/2907\/revisions"}],"predecessor-version":[{"id":2996,"href":"https:\/\/malabarhotel.pl\/index.php\/wp-json\/wp\/v2\/pages\/2907\/revisions\/2996"}],"wp:featuredmedia":[{"embeddable":true,"href":"https:\/\/malabarhotel.pl\/index.php\/wp-json\/wp\/v2\/media\/2631"}],"wp:attachment":[{"href":"https:\/\/malabarhotel.pl\/index.php\/wp-json\/wp\/v2\/media?parent=2907"}],"curies":[{"name":"wp","href":"https:\/\/api.w.org\/{rel}","templated":true}]}}