{"id":2662,"date":"2021-07-28T11:25:37","date_gmt":"2021-07-28T11:25:37","guid":{"rendered":"https:\/\/malabarhotel.pl\/?page_id=2662"},"modified":"2021-09-16T10:10:15","modified_gmt":"2021-09-16T10:10:15","slug":"pazdziernik","status":"publish","type":"page","link":"https:\/\/malabarhotel.pl\/index.php\/pazdziernik\/","title":{"rendered":"Pa\u017adziernik"},"content":{"rendered":"\n<p>9.10 <strong><a href=\"https:\/\/malabarhotel.pl\/index.php\/baldanders\/\">Baldanders<\/a><\/strong> Festiwal Animo w Kwidzynie<\/p>\n\n\n\n<p>12.10 <strong><a href=\"https:\/\/malabarhotel.pl\/index.php\/baldanders\/\">Baldanders<\/a><\/strong> Przegl\u0105d Niezwyk\u0142ych Zjawisk Teatralnych w Bydgoszczy<\/p>\n\n\n\n<p>16.10 <strong><a href=\"https:\/\/malabarhotel.pl\/index.php\/grochow\/\">Groch\u00f3w<\/a><\/strong> Teatr Dramatyczny M.St.Warszawy <strong><a href=\"https:\/\/bilety.teatrdramatyczny.pl\/rezerwacja\/termin.html?id=522\">kup bilet<\/a><\/strong><\/p>\n\n\n\n<p>17.10 <strong><a href=\"https:\/\/malabarhotel.pl\/index.php\/grochow\/\">Groch\u00f3w<\/a><\/strong> Teatr Dramatyczny M.St.Warszawy <strong><a href=\"https:\/\/bilety.teatrdramatyczny.pl\/rezerwacja\/termin.html?id=522\">kup bilet<\/a><\/strong><\/p>\n\n\n\n<p>29.10 <strong><a href=\"https:\/\/malabarhotel.pl\/index.php\/no-sidebar-template\/\">Mistrz i Ma\u0142gorzata<\/a><\/strong> Teatr Dramatyczny M.St.Warszawy <strong><a href=\"https:\/\/bilety.teatrdramatyczny.pl\/rezerwacja\/termin.html?id=107\">kup bilet<\/a><\/strong><\/p>\n\n\n\n<p>30.10 <strong><a href=\"https:\/\/malabarhotel.pl\/index.php\/no-sidebar-template\/\">Mistrz i Ma\u0142gorzata<\/a><\/strong> Teatr Dramatyczny M.St.Warszawy <strong><a href=\"https:\/\/bilety.teatrdramatyczny.pl\/rezerwacja\/termin.html?id=107\">kup bilet<\/a><\/strong><\/p>\n\n\n\n<p>31.10 <strong><a href=\"https:\/\/malabarhotel.pl\/index.php\/no-sidebar-template\/\">Mistrz i Ma\u0142gorzata<\/a><\/strong> Teatr Dramatyczny M.St.Warszawy <strong><a href=\"https:\/\/bilety.teatrdramatyczny.pl\/rezerwacja\/termin.html?id=107\">kup bilet<\/a><\/strong><\/p>\n","protected":false},"excerpt":{"rendered":"<p>9.10 Baldanders Festiwal Animo w Kwidzynie 12.10 Baldanders Przegl\u0105d Niezwyk\u0142ych Zjawisk Teatralnych w Bydgoszczy 16.10 Groch\u00f3w Teatr Dramatyczny M.St.Warszawy kup bilet 17.10 Groch\u00f3w Teatr Dramatyczny M.St.Warszawy kup bilet 29.10 Mistrz i Ma\u0142gorzata Teatr Dramatyczny M.St.Warszawy kup bilet 30.10 Mistrz i Ma\u0142gorzata Teatr Dramatyczny M.St.Warszawy kup bilet 31.10 Mistrz i Ma\u0142gorzata Teatr Dramatyczny M.St.Warszawy kup bilet<\/p>\n","protected":false},"author":1,"featured_media":2572,"parent":0,"menu_order":0,"comment_status":"closed","ping_status":"closed","template":"no-sidebar.php","meta":{"om_disable_all_campaigns":false,"_monsterinsights_skip_tracking":false,"_monsterinsights_sitenote_active":false,"_monsterinsights_sitenote_note":"","_monsterinsights_sitenote_category":0},"_links":{"self":[{"href":"https:\/\/malabarhotel.pl\/index.php\/wp-json\/wp\/v2\/pages\/2662"}],"collection":[{"href":"https:\/\/malabarhotel.pl\/index.php\/wp-json\/wp\/v2\/pages"}],"about":[{"href":"https:\/\/malabarhotel.pl\/index.php\/wp-json\/wp\/v2\/types\/page"}],"author":[{"embeddable":true,"href":"https:\/\/malabarhotel.pl\/index.php\/wp-json\/wp\/v2\/users\/1"}],"replies":[{"embeddable":true,"href":"https:\/\/malabarhotel.pl\/index.php\/wp-json\/wp\/v2\/comments?post=2662"}],"version-history":[{"count":4,"href":"https:\/\/malabarhotel.pl\/index.php\/wp-json\/wp\/v2\/pages\/2662\/revisions"}],"predecessor-version":[{"id":2914,"href":"https:\/\/malabarhotel.pl\/index.php\/wp-json\/wp\/v2\/pages\/2662\/revisions\/2914"}],"wp:featuredmedia":[{"embeddable":true,"href":"https:\/\/malabarhotel.pl\/index.php\/wp-json\/wp\/v2\/media\/2572"}],"wp:attachment":[{"href":"https:\/\/malabarhotel.pl\/index.php\/wp-json\/wp\/v2\/media?parent=2662"}],"curies":[{"name":"wp","href":"https:\/\/api.w.org\/{rel}","templated":true}]}}