{"id":2656,"date":"2021-07-28T11:07:00","date_gmt":"2021-07-28T11:07:00","guid":{"rendered":"https:\/\/malabarhotel.pl\/?page_id=2656"},"modified":"2021-07-30T17:18:25","modified_gmt":"2021-07-30T17:18:25","slug":"wrzesien","status":"publish","type":"page","link":"https:\/\/malabarhotel.pl\/index.php\/wrzesien\/","title":{"rendered":"Wrzesie\u0144"},"content":{"rendered":"\n<p>05.09 <strong>Tutli-Putli. Kto jest dziki?<\/strong> Marecki O\u015brodek Kultury\/ Spektakl plenerowy<\/p>\n\n\n\n<p>22.09 <strong><a href=\"https:\/\/malabarhotel.pl\/index.php\/k\/\">Gaz!<\/a><\/strong> Teatr Fredry w Gnie\u017anie<a href=\"https:\/\/teatr.gniezno.pl\/spektakle\/repertuar\/\"> <strong>kup bilet<\/strong><\/a><\/p>\n\n\n\n<p>23.09 <strong><a href=\"https:\/\/malabarhotel.pl\/index.php\/k\/\">Gaz!<\/a><\/strong> Teatr Fredry w Gnie\u017anie<a href=\"https:\/\/teatr.gniezno.pl\/spektakle\/repertuar\/\"><strong> kup bilet<\/strong><\/a><\/p>\n\n\n\n<p>24.09 <strong><a href=\"https:\/\/malabarhotel.pl\/index.php\/no-sidebar-template\/\">Mistrz i Ma\u0142gorzata<\/a><\/strong> Teatr Dramatyczny M.St.Warszawy <strong><a href=\"https:\/\/bilety.teatrdramatyczny.pl\/rezerwacja\/termin.html?id=107\">kup bilet<\/a><\/strong><\/p>\n\n\n\n<p>25.09 <strong><a href=\"https:\/\/malabarhotel.pl\/index.php\/no-sidebar-template\/\">Mistrz i Ma\u0142gorzata<\/a><\/strong> Teatr Dramatyczny M.St.Warszawy <strong><a href=\"https:\/\/bilety.teatrdramatyczny.pl\/rezerwacja\/termin.html?id=107\">kup bilet<\/a><\/strong><\/p>\n\n\n\n<p>26.09 <strong><a href=\"https:\/\/malabarhotel.pl\/index.php\/no-sidebar-template\/\">Mistrz i Ma\u0142gorzata<\/a><\/strong> Teatr Dramatyczny M.St.Warszawy <strong><a href=\"https:\/\/bilety.teatrdramatyczny.pl\/rezerwacja\/termin.html?id=107\">kup bilet<\/a><\/strong><\/p>\n\n\n\n<p><\/p>\n","protected":false},"excerpt":{"rendered":"<p>05.09 Tutli-Putli. Kto jest dziki? Marecki O\u015brodek Kultury\/ Spektakl plenerowy 22.09 Gaz! Teatr Fredry w Gnie\u017anie kup bilet 23.09 Gaz! Teatr Fredry w Gnie\u017anie kup bilet 24.09 Mistrz i Ma\u0142gorzata Teatr Dramatyczny M.St.Warszawy kup bilet 25.09 Mistrz i Ma\u0142gorzata Teatr Dramatyczny M.St.Warszawy kup bilet 26.09 Mistrz i Ma\u0142gorzata Teatr Dramatyczny M.St.Warszawy kup bilet<\/p>\n","protected":false},"author":1,"featured_media":2533,"parent":0,"menu_order":0,"comment_status":"closed","ping_status":"closed","template":"no-sidebar.php","meta":{"om_disable_all_campaigns":false,"_monsterinsights_skip_tracking":false,"_monsterinsights_sitenote_active":false,"_monsterinsights_sitenote_note":"","_monsterinsights_sitenote_category":0},"_links":{"self":[{"href":"https:\/\/malabarhotel.pl\/index.php\/wp-json\/wp\/v2\/pages\/2656"}],"collection":[{"href":"https:\/\/malabarhotel.pl\/index.php\/wp-json\/wp\/v2\/pages"}],"about":[{"href":"https:\/\/malabarhotel.pl\/index.php\/wp-json\/wp\/v2\/types\/page"}],"author":[{"embeddable":true,"href":"https:\/\/malabarhotel.pl\/index.php\/wp-json\/wp\/v2\/users\/1"}],"replies":[{"embeddable":true,"href":"https:\/\/malabarhotel.pl\/index.php\/wp-json\/wp\/v2\/comments?post=2656"}],"version-history":[{"count":3,"href":"https:\/\/malabarhotel.pl\/index.php\/wp-json\/wp\/v2\/pages\/2656\/revisions"}],"predecessor-version":[{"id":2864,"href":"https:\/\/malabarhotel.pl\/index.php\/wp-json\/wp\/v2\/pages\/2656\/revisions\/2864"}],"wp:featuredmedia":[{"embeddable":true,"href":"https:\/\/malabarhotel.pl\/index.php\/wp-json\/wp\/v2\/media\/2533"}],"wp:attachment":[{"href":"https:\/\/malabarhotel.pl\/index.php\/wp-json\/wp\/v2\/media?parent=2656"}],"curies":[{"name":"wp","href":"https:\/\/api.w.org\/{rel}","templated":true}]}}