{"id":2627,"date":"2021-07-28T08:01:36","date_gmt":"2021-07-28T08:01:36","guid":{"rendered":"https:\/\/malabarhotel.pl\/?page_id=2627"},"modified":"2021-07-30T14:46:58","modified_gmt":"2021-07-30T14:46:58","slug":"zespol-2","status":"publish","type":"page","link":"https:\/\/malabarhotel.pl\/index.php\/zespol-2\/","title":{"rendered":"Zesp\u00f3\u0142"},"content":{"rendered":"\n<div class=\"wp-block-media-text alignwide is-stacked-on-mobile\"><figure class=\"wp-block-media-text__media\"><img decoding=\"async\" loading=\"lazy\" width=\"1024\" height=\"682\" src=\"https:\/\/malabarhotel.pl\/wp-content\/uploads\/2021\/07\/foto-by-kasia-chmura-WWW-11-2-1024x682.jpg\" alt=\"\" class=\"wp-image-2628 size-full\" srcset=\"https:\/\/malabarhotel.pl\/wp-content\/uploads\/2021\/07\/foto-by-kasia-chmura-WWW-11-2-1024x682.jpg 1024w, https:\/\/malabarhotel.pl\/wp-content\/uploads\/2021\/07\/foto-by-kasia-chmura-WWW-11-2-300x200.jpg 300w, https:\/\/malabarhotel.pl\/wp-content\/uploads\/2021\/07\/foto-by-kasia-chmura-WWW-11-2-768x512.jpg 768w, https:\/\/malabarhotel.pl\/wp-content\/uploads\/2021\/07\/foto-by-kasia-chmura-WWW-11-2-150x100.jpg 150w, https:\/\/malabarhotel.pl\/wp-content\/uploads\/2021\/07\/foto-by-kasia-chmura-WWW-11-2-370x245.jpg 370w, https:\/\/malabarhotel.pl\/wp-content\/uploads\/2021\/07\/foto-by-kasia-chmura-WWW-11-2.jpg 1400w\" sizes=\"(max-width: 1024px) 100vw, 1024px\" \/><\/figure><div class=\"wp-block-media-text__content\">\n<p class=\"has-large-font-size\">Marcin Bartnikowski<\/p>\n\n\n\n<p>aktor<\/p>\n\n\n\n<p>dramaturg<\/p>\n\n\n\n<p>kierownik artystyczny<\/p>\n<\/div><\/div>\n\n\n\n<div class=\"wp-block-media-text alignwide is-stacked-on-mobile\"><figure class=\"wp-block-media-text__media\"><img decoding=\"async\" loading=\"lazy\" width=\"1024\" height=\"681\" src=\"http:\/\/malabarhotel.pl\/wp-content\/uploads\/2021\/07\/fot-bartek-warzecha-c-dsc8779-c-b-1024x681.jpg\" alt=\"\" class=\"wp-image-2586 size-full\" srcset=\"https:\/\/malabarhotel.pl\/wp-content\/uploads\/2021\/07\/fot-bartek-warzecha-c-dsc8779-c-b-1024x681.jpg 1024w, https:\/\/malabarhotel.pl\/wp-content\/uploads\/2021\/07\/fot-bartek-warzecha-c-dsc8779-c-b-300x200.jpg 300w, https:\/\/malabarhotel.pl\/wp-content\/uploads\/2021\/07\/fot-bartek-warzecha-c-dsc8779-c-b-768x511.jpg 768w, https:\/\/malabarhotel.pl\/wp-content\/uploads\/2021\/07\/fot-bartek-warzecha-c-dsc8779-c-b-150x100.jpg 150w, https:\/\/malabarhotel.pl\/wp-content\/uploads\/2021\/07\/fot-bartek-warzecha-c-dsc8779-c-b-370x245.jpg 370w, https:\/\/malabarhotel.pl\/wp-content\/uploads\/2021\/07\/fot-bartek-warzecha-c-dsc8779-c-b.jpg 1183w\" sizes=\"(max-width: 1024px) 100vw, 1024px\" \/><\/figure><div class=\"wp-block-media-text__content\">\n<p class=\"has-large-font-size\">Marcin Bikowski<\/p>\n\n\n\n<p>aktor<\/p>\n\n\n\n<p>re\u017cyser<\/p>\n<\/div><\/div>\n\n\n\n<div class=\"wp-block-media-text alignwide is-stacked-on-mobile\"><figure class=\"wp-block-media-text__media\"><img decoding=\"async\" loading=\"lazy\" width=\"857\" height=\"589\" src=\"https:\/\/malabarhotel.pl\/wp-content\/uploads\/2021\/07\/Fot_Bartek_Warzecha_DSC2160.jpg\" alt=\"\" class=\"wp-image-2633 size-full\" srcset=\"https:\/\/malabarhotel.pl\/wp-content\/uploads\/2021\/07\/Fot_Bartek_Warzecha_DSC2160.jpg 857w, https:\/\/malabarhotel.pl\/wp-content\/uploads\/2021\/07\/Fot_Bartek_Warzecha_DSC2160-300x206.jpg 300w, https:\/\/malabarhotel.pl\/wp-content\/uploads\/2021\/07\/Fot_Bartek_Warzecha_DSC2160-768x528.jpg 768w\" sizes=\"(max-width: 857px) 100vw, 857px\" \/><\/figure><div class=\"wp-block-media-text__content\">\n<p class=\"has-large-font-size\">Agnieszka Makowska<\/p>\n\n\n\n<p>aktorka<\/p>\n<\/div><\/div>\n\n\n\n<div class=\"wp-block-media-text alignwide is-stacked-on-mobile\"><figure class=\"wp-block-media-text__media\"><img decoding=\"async\" loading=\"lazy\" width=\"857\" height=\"589\" src=\"https:\/\/malabarhotel.pl\/wp-content\/uploads\/2021\/07\/Fot_Bartek_Warzecha_DSC1776.jpg\" alt=\"\" class=\"wp-image-2635 size-full\" srcset=\"https:\/\/malabarhotel.pl\/wp-content\/uploads\/2021\/07\/Fot_Bartek_Warzecha_DSC1776.jpg 857w, https:\/\/malabarhotel.pl\/wp-content\/uploads\/2021\/07\/Fot_Bartek_Warzecha_DSC1776-300x206.jpg 300w, https:\/\/malabarhotel.pl\/wp-content\/uploads\/2021\/07\/Fot_Bartek_Warzecha_DSC1776-768x528.jpg 768w\" sizes=\"(max-width: 857px) 100vw, 857px\" \/><\/figure><div class=\"wp-block-media-text__content\">\n<p class=\"has-large-font-size\">\u0141ukasz Lewandowski<\/p>\n\n\n\n<p>aktor<\/p>\n<\/div><\/div>\n\n\n\n<div class=\"wp-block-media-text alignwide is-stacked-on-mobile\"><figure class=\"wp-block-media-text__media\"><img decoding=\"async\" loading=\"lazy\" width=\"1024\" height=\"576\" src=\"https:\/\/malabarhotel.pl\/wp-content\/uploads\/2021\/07\/maxresdefault-1024x576.jpg\" alt=\"\" class=\"wp-image-2637 size-full\" srcset=\"https:\/\/malabarhotel.pl\/wp-content\/uploads\/2021\/07\/maxresdefault-1024x576.jpg 1024w, https:\/\/malabarhotel.pl\/wp-content\/uploads\/2021\/07\/maxresdefault-300x169.jpg 300w, https:\/\/malabarhotel.pl\/wp-content\/uploads\/2021\/07\/maxresdefault-768x432.jpg 768w, https:\/\/malabarhotel.pl\/wp-content\/uploads\/2021\/07\/maxresdefault.jpg 1280w\" sizes=\"(max-width: 1024px) 100vw, 1024px\" \/><\/figure><div class=\"wp-block-media-text__content\">\n<p class=\"has-large-font-size\">Magdalena Miklasz<\/p>\n\n\n\n<p>re\u017cyserka<\/p>\n<\/div><\/div>\n\n\n\n<div class=\"wp-block-media-text alignwide is-stacked-on-mobile\"><figure class=\"wp-block-media-text__media\"><img decoding=\"async\" loading=\"lazy\" width=\"857\" height=\"590\" src=\"https:\/\/malabarhotel.pl\/wp-content\/uploads\/2021\/07\/Fot_Bartek_Warzecha_DSC1566.jpg\" alt=\"\" class=\"wp-image-2636 size-full\" srcset=\"https:\/\/malabarhotel.pl\/wp-content\/uploads\/2021\/07\/Fot_Bartek_Warzecha_DSC1566.jpg 857w, https:\/\/malabarhotel.pl\/wp-content\/uploads\/2021\/07\/Fot_Bartek_Warzecha_DSC1566-300x207.jpg 300w, https:\/\/malabarhotel.pl\/wp-content\/uploads\/2021\/07\/Fot_Bartek_Warzecha_DSC1566-768x529.jpg 768w\" sizes=\"(max-width: 857px) 100vw, 857px\" \/><\/figure><div class=\"wp-block-media-text__content\">\n<p class=\"has-large-font-size\">Anna Stela<\/p>\n\n\n\n<p>aktorka<\/p>\n\n\n\n<p>muzyczka<\/p>\n<\/div><\/div>\n\n\n\n<div class=\"wp-block-media-text alignwide is-stacked-on-mobile\"><figure class=\"wp-block-media-text__media\"><img decoding=\"async\" loading=\"lazy\" width=\"530\" height=\"340\" src=\"http:\/\/malabarhotel.pl\/wp-content\/uploads\/2021\/07\/user_2844444_fcb844_huge-1.jpg\" alt=\"\" class=\"wp-image-2819 size-full\" srcset=\"https:\/\/malabarhotel.pl\/wp-content\/uploads\/2021\/07\/user_2844444_fcb844_huge-1.jpg 530w, https:\/\/malabarhotel.pl\/wp-content\/uploads\/2021\/07\/user_2844444_fcb844_huge-1-300x192.jpg 300w\" sizes=\"(max-width: 530px) 100vw, 530px\" \/><\/figure><div class=\"wp-block-media-text__content\">\n<p class=\"has-large-font-size\">Maria \u017bynel<\/p>\n\n\n\n<p>aktorka<\/p>\n\n\n\n<p>re\u017cyserka<\/p>\n<\/div><\/div>\n\n\n\n<p>Aktorzy wsp\u00f3\u0142pracuj\u0105cy:<\/p>\n\n\n\n<p><strong>Agnieszka Baranowska<\/strong><\/p>\n\n\n\n<p><strong>Waldemar Barwi\u0144ski<\/strong><\/p>\n\n\n\n<p><strong>Stanis\u0142aw Brudny<\/strong><\/p>\n\n\n\n<p><strong>Bartosz Budny<\/strong><\/p>\n\n\n\n<p><strong>Agata Buzek<\/strong><\/p>\n\n\n\n<p><strong>Magdalena Czajkowska<\/strong><\/p>\n\n\n\n<p><strong>Piotr Domalewski<\/strong><\/p>\n\n\n\n<p><strong>Anna Gorajska<\/strong><\/p>\n\n\n\n<p><strong>Daniel Guzdek<\/strong><\/p>\n\n\n\n<p><strong>Irena Jun<\/strong><\/p>\n\n\n\n<p><strong>Jan Jurkowski<\/strong><\/p>\n\n\n\n<p><strong>Danuta Kierklo-Czajkowska<\/strong><\/p>\n\n\n\n<p><strong>Ma\u0142gorzata Krawczenko<\/strong><\/p>\n\n\n\n<p><strong>Maria Robaszkiewicz<\/strong><\/p>\n\n\n\n<p><strong>Magdalena Smalara<\/strong><\/p>\n\n\n\n<p><strong>Kornelia Trawkowska<\/strong><\/p>\n\n\n\n<p><strong>Mateusz Trzmiel<\/strong><\/p>\n\n\n\n<p><strong>Mateusz Weber<\/strong><\/p>\n\n\n\n<p><strong>\u0141ukasz W\u00f3jcik<\/strong><\/p>\n\n\n\n<p><strong>Katarzyna Zawadzka<\/strong><\/p>\n\n\n\n<p><\/p>\n\n\n\n<p>Re\u017cyserzy wsp\u00f3\u0142pracuj\u0105cy:<\/p>\n\n\n\n<p><strong>Agnieszka Baranowska<\/strong><\/p>\n\n\n\n<p><strong>Antonia Christl<\/strong><\/p>\n\n\n\n<p><strong>Agnieszka Gli\u0144ska<\/strong><\/p>\n\n\n\n<p><strong>Hendrik Mannes<\/strong><\/p>\n\n\n\n<p><strong>Jakub Mr\u00f3z<\/strong><\/p>\n\n\n\n<p><strong>Ewa Piotrowska<\/strong><\/p>\n\n\n\n<p><strong>Michael Vogel<\/strong><\/p>\n\n\n\n<p><strong>Marcin Wierzchowski<\/strong><\/p>\n\n\n\n<p><\/p>\n\n\n\n<p>Scenografowie wsp\u00f3\u0142pracuj\u0105cy:<\/p>\n\n\n\n<p><strong>Katarzyna Borkowska<\/strong><\/p>\n\n\n\n<p><strong>Katarzyna Minkowska<\/strong><\/p>\n\n\n\n<p><strong>Monika Nyckowska<\/strong><\/p>\n\n\n\n<p><strong>Alex Provalinsky<\/strong><\/p>\n\n\n\n<p><strong>Ewa Wo\u017aniak<\/strong><\/p>\n\n\n\n<p><\/p>\n\n\n\n<p>Muzycy wsp\u00f3\u0142pracuj\u0105cy:<\/p>\n\n\n\n<p><strong>Marcin Liwie\u0144<\/strong><\/p>\n\n\n\n<p><strong>Jacek Mazurkiewicz<\/strong><\/p>\n\n\n\n<p><strong>Igor Nikiforow<\/strong><\/p>\n\n\n\n<p><strong>Anna \u015awi\u0119tochowska<\/strong><\/p>\n\n\n\n<p><strong>Kamil Tuszy\u0144ski<\/strong><\/p>\n","protected":false},"excerpt":{"rendered":"<p>Marcin Bartnikowski aktor dramaturg kierownik artystyczny Marcin Bikowski aktor re\u017cyser Agnieszka Makowska aktorka \u0141ukasz Lewandowski aktor Magdalena Miklasz re\u017cyserka Anna Stela aktorka muzyczka Maria \u017bynel aktorka re\u017cyserka Aktorzy wsp\u00f3\u0142pracuj\u0105cy: Agnieszka Baranowska Waldemar Barwi\u0144ski Stanis\u0142aw Brudny Bartosz Budny Agata Buzek Magdalena Czajkowska Piotr Domalewski Anna Gorajska Daniel Guzdek Irena Jun Jan Jurkowski Danuta Kierklo-Czajkowska Ma\u0142gorzata Krawczenko&#8230; <\/p>\n","protected":false},"author":1,"featured_media":2631,"parent":0,"menu_order":0,"comment_status":"closed","ping_status":"closed","template":"no-sidebar.php","meta":{"om_disable_all_campaigns":false,"_monsterinsights_skip_tracking":false,"_monsterinsights_sitenote_active":false,"_monsterinsights_sitenote_note":"","_monsterinsights_sitenote_category":0},"_links":{"self":[{"href":"https:\/\/malabarhotel.pl\/index.php\/wp-json\/wp\/v2\/pages\/2627"}],"collection":[{"href":"https:\/\/malabarhotel.pl\/index.php\/wp-json\/wp\/v2\/pages"}],"about":[{"href":"https:\/\/malabarhotel.pl\/index.php\/wp-json\/wp\/v2\/types\/page"}],"author":[{"embeddable":true,"href":"https:\/\/malabarhotel.pl\/index.php\/wp-json\/wp\/v2\/users\/1"}],"replies":[{"embeddable":true,"href":"https:\/\/malabarhotel.pl\/index.php\/wp-json\/wp\/v2\/comments?post=2627"}],"version-history":[{"count":7,"href":"https:\/\/malabarhotel.pl\/index.php\/wp-json\/wp\/v2\/pages\/2627\/revisions"}],"predecessor-version":[{"id":2862,"href":"https:\/\/malabarhotel.pl\/index.php\/wp-json\/wp\/v2\/pages\/2627\/revisions\/2862"}],"wp:featuredmedia":[{"embeddable":true,"href":"https:\/\/malabarhotel.pl\/index.php\/wp-json\/wp\/v2\/media\/2631"}],"wp:attachment":[{"href":"https:\/\/malabarhotel.pl\/index.php\/wp-json\/wp\/v2\/media?parent=2627"}],"curies":[{"name":"wp","href":"https:\/\/api.w.org\/{rel}","templated":true}]}}