{"id":2617,"date":"2021-07-27T19:26:02","date_gmt":"2021-07-27T19:26:02","guid":{"rendered":"http:\/\/malabarhotel.pl\/?page_id=2617"},"modified":"2025-02-26T13:40:37","modified_gmt":"2025-02-26T13:40:37","slug":"info","status":"publish","type":"page","link":"https:\/\/malabarhotel.pl\/index.php\/info\/","title":{"rendered":"Info"},"content":{"rendered":"\n<p>Teatr Malabar Hotel powsta\u0142 w 2009 roku. Od pocz\u0105tku jest prowadzony przez Marcina Bartnikowskiego i Marcina Bikowskiego. Nazwa teatru zosta\u0142a zainspirowana fikcyjn\u0105 przestrzeni\u0105 &#8211; Malabar Hotelem &#8211; wyst\u0119puj\u0105c\u0105 w trzech dramatach Witkacego:<em> Bziku tropikalnym, Niepodleg\u0142o\u015bci tr\u00f3jk\u0105t\u00f3w i Metafizyce dwug\u0142owego ciel\u0119cia<\/em>. Teksty te s\u0105 pok\u0142osiem antropologicznej wyprawy, w kt\u00f3rej Witkiewicz towarzyszy\u0142 Malinowskiemu po \u015bmierci Jadwigi Janczewskiej. Smutek i feeria tropik\u00f3w zainspirowa\u0142y tw\u00f3rc\u00f3w teatru do w\u0142asnych podr\u00f3\u017cy i indyjski Malabar (wprawdzie w <em>Mister Price<\/em> Malabar Hotel znajduje si\u0119 burmijskim Rangoon, kt\u00f3re te\u017c zdo\u0142ali\u015bmy odwiedzi\u0107 i wyruszy\u0107 stamt\u0105d w delt\u0119 Irawadi w poszukiwaniu bia\u0142ych krokodyli, ale to kanwa innej opowie\u015bci) sta\u0142 si\u0119 naszym rajem na ziemi i \u017ar\u00f3d\u0142em inspiracji. <\/p>\n\n\n\n<p>Podobno mamy rozpoznawalny charakter pisma, ale ewoluuje on dzi\u0119ki wsp\u00f3\u0142pracy z re\u017cyserami (Hendrik Mannes, Magda Miklasz, Michael Vogel, Ewa Piotrowska, Maria \u017bynel, Agnieszka Gli\u0144ska, Marcin Wierzchowski) i jest pomieszaniem teatru lalkowego, dramatycznego i plastycznego w stopniu zawsze zale\u017cnym od sensu. Forma jest dla nas wy\u0142\u0105cznie wspornikiem tre\u015bci i nawet je\u015bli jest wybuja\u0142a, nie jest &#8220;czyst\u0105&#8221;, cho\u0107 Witkacy inspiruje nas ci\u0105gle i nie przestaje go\u015bci\u0107 w naszym repertuarze.<\/p>\n\n\n\n<p>Teatr Malabar Hotel od 2013 roku regularnie wsp\u00f3\u0142pracuje z Teatrem Dramatycznym M.St Warszawy, kt\u00f3rego go\u015bcinne sceny sta\u0142y si\u0119 naszym drugim domem. Podejmowali\u015bmy blisk\u0105 wsp\u00f3\u0142prac\u0119 z teatrami w Polsce (Teatr Studio w Warszawie, Teatr Roma w Warszawie, Bia\u0142ostocki Teatr Lalek, Teatr Polski w Warszawie, Teatr Szkolny im. Jana Wilkowskiego w Bia\u0142ymstoku, Teatr Collegium Nobilium, Teatr Socho w Warszawie, Teatr Ochoty w Warszawie, Teatr Fredry w Gnie\u017anie) i za granic\u0105 (Shaubude w Berlinie, Westfluegel w Lipsku). <\/p>\n\n\n\n<p>Teatr otrzyma\u0142 nast\u0119puj\u0105ce nagrody:<\/p>\n\n\n\n<ul>\n<li>Nagroda g\u0142\u00f3wna dla tw\u00f3rc\u00f3w spektaklu <em>Baldanders <\/em>(Anny \u015awi\u0119tochowskiej, Marcina Bartnikowskiego, Marcina Bikowskiego) na Mi\u0119dznarodowym Festiwalu Teatralnym Walizka w \u0141om\u017cy (2007)&nbsp;<\/li>\n\n\n\n<li>Z\u0142amany Szlaban\/Zlomena Zavora \u2013 Nagroda g\u0142\u00f3wna dla tw\u00f3rc\u00f3w spektaklu Baldanders (Marcina Bartnikowskego i Marcina Bikowskiego) na Mi\u0119dzynarodowym Festiwalu Teatralnym Bez granic w Cieszynie (2007)&nbsp;<\/li>\n\n\n\n<li>Nagroda g\u0142\u00f3wna dla spektaklu <em>Baldanders <\/em>w XIII Og\u00f3lnopolskim Konkursie na Wystawienie Polskiej Sztuki Wsp\u00f3\u0142czesnej \u2013 (nagroda dla tw\u00f3rc\u00f3w spektaklu: Marcina Bartnikowskiego i Marcina Bikowskiego). (2007)&nbsp;<\/li>\n\n\n\n<li>Nagroda aktorska za rol\u0119 w spektaklu <em>Baldanders&nbsp; <\/em>dla Marcina Bikowskiegow XIII Og\u00f3lnopolskim Konkursie na Wystawienie Polskiej Sztuki Wsp\u00f3\u0142czesnej (2007)&nbsp;<\/li>\n\n\n\n<li>Wyr\u00f3\u017cnienie aktorskie dla Marcina Bartnikowskiego za rol\u0119 Dwug\u0142owego w spektaklu <em>Baldanders <\/em>w XIII Og\u00f3lnopolskim Konkursie na Wystawienie Polskiej Sztuki Wsp\u00f3\u0142czesnej (2007)&nbsp;<\/li>\n\n\n\n<li>Grand Prix Doomsday za spektakl <em>K\u0105sanie <\/em>na Festiwalu Zdarzenia w Tczewie (2007)&nbsp;<\/li>\n\n\n\n<li>\u015awiadectwo Wysokiej Jako\u015bci i Poziomu Artystycznego Mi\u0119dzynarodowego Stowarzyszenia Assitej dla spektaklu <em>Baldanders <\/em>(2007)<\/li>\n\n\n\n<li>Nagroda zespo\u0142owa dla Marcina Bartnikowskiego i Marcina Bikowskiego za spektakl <em>Baldanders <\/em>na Mi\u0119dzynarodowych Toru\u0144skich Spotkaniach Lalkarzy. (2007)<\/li>\n\n\n\n<li>Nagroda za rol\u0119 m\u0119sk\u0105 dla Marcina Bikowskiego za spektakl <em>Baldanders <\/em>na Mi\u0119dzynarodowych Toru\u0144skich Spotkaniach Lalkarzy. (2007)<\/li>\n\n\n\n<li>Grand Prix (Wielka Nagroda Publiczno\u015bci) na Festiwalu Lalka Te\u017c Cz\u0142owiek w Warszawie za spektakl <em>Baldanders<\/em>. (2007)<\/li>\n\n\n\n<li>Nagroda za najlepszy spektakl na Festiwalu Lalka Te\u017c Cz\u0142owiek w Warszawie za spektakl <em>Baldanders<\/em>. (2007)<\/li>\n\n\n\n<li>Grand Prix Festiwalu Kon-teksty w Poznaniu za spektakl <em>Baldanders <\/em>(2007)&nbsp;<\/li>\n\n\n\n<li>Nagroda im. Leona Schillera dla Marcina Bikowskiego za wybitne osi\u0105gni\u0119cia w dziedzinie sztuki lalkarskiej (2008)<\/li>\n\n\n\n<li>Nagroda jury studenckiego na Festiwalu Kon-teksty w Poznaniu za spektakl <em>Baldanders<\/em>. (2008)&nbsp;<\/li>\n\n\n\n<li>Opole &#8211; Nagroda im.W\u0142adys\u0142awa Jaremy przyznana Marcinowi Bikowskiemu przez Sekcj\u0119 Teatr\u00f3w Lalkowych ZASP za kreacj\u0119 aktorsk\u0105 w spektaklu \u201eBaldanders&#8221; (2007)<\/li>\n\n\n\n<li>Nagroda za re\u017cyseri\u0119 <em>K\u0105sania<\/em> dla Marcina Bikowskiego na Roma Teatro Festival w Rzymie (2008).&nbsp;<\/li>\n\n\n\n<li>Nagroda za g\u0142os w spektaklu K\u0105sanie dla Marcina Bikowskiego na Roma Teatro Festival w Rzymie (2008).&nbsp;<\/li>\n\n\n\n<li>Nominacja do nagrody za najlepsz\u0105 rol\u0119 m\u0119sk\u0105 dla Marcina Bartnikowskiego za rol\u0119 Cayetano de Laury w <em>K\u0105saniu <\/em>na Roma Teatro Festival w Rzymie (2008).<\/li>\n\n\n\n<li>Wielka Nagroda Publiczno\u015bci za spektakl <em>K\u0105sanie <\/em>na Festiwalu Lalka Te\u017c Cz\u0142owiek w Warszawie (2008)<\/li>\n\n\n\n<li>Nagroda za spektakl <em>Skrawki <\/em>wg <em>Otella <\/em>Szekspira na Festiwalu Lalka Te\u017c Cz\u0142owiek w Warszawie (2009)&nbsp;<\/li>\n\n\n\n<li>Warszawa &#8211; Mi\u0119dzynarodwy Festiwal Teatru Lalek i Animacji Filmowych &#8220;Lalka Te\u017c Cz\u0142owiek&#8221; &#8211; nagroda  dla Agnieszki Makowskiej &#8220;Za Wyra\u017cenie Lalk\u0105 \u017bycia&#8221; w spektaklu &#8220;Skrawki&#8221; Teatru Malabar Hotel (2009)<\/li>\n\n\n\n<li>Nagroda dla Marcina Bikowskiego za rol\u0119 w Spektaklu <em>Alicja?<\/em> na Mi\u0119dzynarodowym Festiwalu Teatralnym Walizka w \u0141om\u017cy (2010)<\/li>\n\n\n\n<li>Nagroda dla Marii \u017bynel i Marcina Bikowskiego za scenografi\u0119 w Spektaklu <em>Alicja?<\/em> na Mi\u0119dzynarodowym Festiwalu Teatralnym Walizka w \u0141om\u017cy (2010)<\/li>\n\n\n\n<li>Nagroda za spektakl <em>Skrawki <\/em>wg <em>Otella <\/em>Szekspira za \u201enowoczesne odczytanie dramatu Szekspira i sugestywn\u0105 realizacj\u0119 sceniczn\u0105\u201d na Mi\u0119dzynarodowym Festiwalu Teatranym S\u0105siedzi w Lublinie (2010)<\/li>\n\n\n\n<li>Grand Prix dla tw\u00f3rc\u00f3w spektaklu <em>Alicja? <\/em>Teatru Malabar Hotel na Festiwalu teatralnym Kon-teksty w Poznaniu (2011)<\/li>\n\n\n\n<li>Nagroda dla tw\u00f3rc\u00f3w spektaklu <em>Alicja? <\/em>Teatru Malabar Hotel na Og\u00f3lnopolskim Festiwalu Teatr\u00f3w Niezale\u017cnych w Ostrowie Wielkopolskim (2011)<\/li>\n\n\n\n<li>Grand Prix Mi\u0119dzynarodowego Festiwalu Teatralnego Lalka te\u017c cz\u0142owiek za spektakl <em>G\u0142o\u015bniej!<\/em>(Warszawa 2012)&nbsp;<\/li>\n\n\n\n<li>Nagroda &#8220;cudownej chwili&#8221; za wyj\u0105tkowy moment w animacji dla Marcina Bikowskiego na Mi\u0119dzynarodoweym Festiwalu Teatralnym Lalka te\u017c cz\u0142owiek za spektakl <em>G\u0142o\u015bniej!<\/em>(Warszawa 2012)<\/li>\n\n\n\n<li>XIX Miedzynarodowy Festiwal Lalek &#8220;Spotkania&#8221; &#8211; nagroda za najlepsz\u0105 rol\u0119 m\u0119sk\u0105 dla Marcina Bikowskiego &#8211; za wcielenie si\u0119 w liczne postacie w przedstawieniu &#8220;Sprawa Dantona. Samowywiad&#8221; Teatru Malabar Hotel w Warszawie (2013)<\/li>\n\n\n\n<li>\u0141om\u017ca &#8211; XXXI Mi\u0119dzynarodowy Festiwal Teatralny &#8220;Walizka&#8221; &#8211; nagroda za muzyk\u0119 do spektaklu &#8220;G\u0142o\u015bniej!\u201d Dla Charlotte Wilde (2013)<\/li>\n\n\n\n<li>Toru\u0144 &#8211; XXVIII Toru\u0144skie Spotkania Teatr\u00f3w Jednego Aktora &#8211; wyr\u00f3\u017cnienie dla Marcina Bikowskiego za spektakl \u201eBacon&#8221; (2013)<\/li>\n\n\n\n<li>\u201eZ\u0142ote Klucze\u201d Kuriera Porannego w kategorii Kultura i Sztuka (2013)<\/li>\n\n\n\n<li>Honorowa Plakietka ZASP za osi\u0105gni\u0119cia artystyczne (2013)<\/li>\n\n\n\n<li>Nagroda Prezydenta Miasta Bia\u0142egostoku w dziedzinie kultura dla Teatru Malabar Hotel (2013)&nbsp;<\/li>\n\n\n\n<li>Opole &#8211; XXVI Og\u00f3lnopolski Festiwal Teatr\u00f3w Lalek &#8211; nagroda dla Magdaleny Miklasz za re\u017cyseri\u0119 przedstawienia &#8220;Sprawa Dantona. Samowywiad\u201d (2013)<\/li>\n\n\n\n<li>Opole &#8211; XXVII Opolski Festiwal Teatr\u00f3w Lalek &#8211; nagroda dla Marcina Bikowskiego za rol\u0119 w spektaklu &#8220;Bacon&#8221; Teatru Malabar Hotel (2015)<\/li>\n\n\n\n<li>Nagroda G\u0142\u00f3wna Na Mi\u0119dzynarodowym Festiwalu Teatralnym Maskarada w Rzeszowie za <em>Mistrza i Ma\u0142gorzat\u0119<\/em><\/li>\n\n\n\n<li>Zespo\u0142owa aktorska nagroda ZASP dla Marcina Bartnikowskiego, Marcina Bikowskiego i \u0141ukasza Lewandowskiego  za <em>\u201e\u0106wiczenia stylistyczne <\/em>na Mi\u0119dzynarodowym Festiwalu Teatralnym Spotkania w Toruniu (2016)&nbsp;<\/li>\n\n\n\n<li>\u0141om\u017ca &#8211; XXIX Mi\u0119dzynarodowy Festiwal Teatralny WALIZKA &#8211; nagroda za re\u017cyseri\u0119 przedstawienia &#8220;\u0106wiczenia stylistyczne\u201d dla Marii \u017bynel (2016)<\/li>\n\n\n\n<li>Opole &#8211; XVIII Og\u00f3lnopolski Festiwal Teatr\u00f3w Lalek &#8211; wyr\u00f3\u017cnienie aktorskie dla Anny Steli za rol\u0119 K\u0142awdii Chouchat (2017)<\/li>\n\n\n\n<li>\u0141om\u017ca &#8211; XXXI Mi\u0119dzynarodowy Festiwal Teatralny &#8220;Walizka&#8221; &#8211; nagroda za muzyk\u0119 do spektaklu &#8220;Tutli-Putli. Kto jest dziki?\u201d Dla Anny Steli i Marcina Liwienia (2018)<\/li>\n\n\n\n<li>Wyr\u00f3\u017cnienia aktorskie dla Anny Gorajskiej i Anny Steli na Festiwalu Gombrowiczowskim za role w spektaklu <em>Ferdydurke <\/em>(2018)<\/li>\n\n\n\n<li>Dwukrotnie Stypendium M\u0142oda Polska Narodowego centrum Kultury przyznane Marcinowi Bartnikowskiemu. (2008, 2010)&nbsp;<\/li>\n\n\n\n<li>Stypendium M\u0142oda Polska dla Marcina Bikowskiego<\/li>\n\n\n\n<li>Trzykrotnie Stypendium Artystyczne Ministra kultury i Dziedzictwa Narodowego przyznane Marcinowi Bartnikowskiemu. (2008, 2012, 2015)&nbsp;<\/li>\n\n\n\n<li>Dwukrotnie Stypendium Artystyczne Ministra kultury i Dziedzictwa Narodowego przyznane Marcinowi Bikowskiemu.<\/li>\n\n\n\n<li> Stypendium Miasta Sto\u0142ecznego warszawy dla tw\u00f3rc\u00f3w Profesjonalnych dla Marcina Bartnikowskiego. (2018)&nbsp;<\/li>\n\n\n\n<li>Stypendium M\u0142oda Polska dla Anny Stelu na realizacj\u0119 spektaklu &#8220;Gaz!&#8221; (2019)<\/li>\n\n\n\n<li>Nagroda Komisji Artystycznej Og\u00f3lnopolskiego Konkursu na Wystawienie Polskiej Sztuki Wsp\u00f3\u0142czesnej za spektakl &#8220;Nieosobni. Program romantyczny podszyty mykologi\u0105, matafizyk\u0105 i ezoteryk\u0105&#8221; (2024)<\/li>\n\n\n\n<li>Nagroda specjalna im Hebanowskiego w Og\u00f3lnopolskim Konkursie Klasyka \u017bywa za spektakl &#8220;Deszcz&#8221;<\/li>\n<\/ul>\n","protected":false},"excerpt":{"rendered":"<p>Teatr Malabar Hotel powsta\u0142 w 2009 roku. Od pocz\u0105tku jest prowadzony przez Marcina Bartnikowskiego i Marcina Bikowskiego. Nazwa teatru zosta\u0142a zainspirowana fikcyjn\u0105 przestrzeni\u0105 &#8211; Malabar Hotelem &#8211; wyst\u0119puj\u0105c\u0105 w trzech dramatach Witkacego: Bziku tropikalnym, Niepodleg\u0142o\u015bci tr\u00f3jk\u0105t\u00f3w i Metafizyce dwug\u0142owego ciel\u0119cia. Teksty te s\u0105 pok\u0142osiem antropologicznej wyprawy, w kt\u00f3rej Witkiewicz towarzyszy\u0142 Malinowskiemu po \u015bmierci Jadwigi Janczewskiej&#8230;. <\/p>\n","protected":false},"author":1,"featured_media":2618,"parent":0,"menu_order":0,"comment_status":"closed","ping_status":"closed","template":"no-sidebar.php","meta":{"om_disable_all_campaigns":false,"_monsterinsights_skip_tracking":false,"_monsterinsights_sitenote_active":false,"_monsterinsights_sitenote_note":"","_monsterinsights_sitenote_category":0},"_links":{"self":[{"href":"https:\/\/malabarhotel.pl\/index.php\/wp-json\/wp\/v2\/pages\/2617"}],"collection":[{"href":"https:\/\/malabarhotel.pl\/index.php\/wp-json\/wp\/v2\/pages"}],"about":[{"href":"https:\/\/malabarhotel.pl\/index.php\/wp-json\/wp\/v2\/types\/page"}],"author":[{"embeddable":true,"href":"https:\/\/malabarhotel.pl\/index.php\/wp-json\/wp\/v2\/users\/1"}],"replies":[{"embeddable":true,"href":"https:\/\/malabarhotel.pl\/index.php\/wp-json\/wp\/v2\/comments?post=2617"}],"version-history":[{"count":12,"href":"https:\/\/malabarhotel.pl\/index.php\/wp-json\/wp\/v2\/pages\/2617\/revisions"}],"predecessor-version":[{"id":3297,"href":"https:\/\/malabarhotel.pl\/index.php\/wp-json\/wp\/v2\/pages\/2617\/revisions\/3297"}],"wp:featuredmedia":[{"embeddable":true,"href":"https:\/\/malabarhotel.pl\/index.php\/wp-json\/wp\/v2\/media\/2618"}],"wp:attachment":[{"href":"https:\/\/malabarhotel.pl\/index.php\/wp-json\/wp\/v2\/media?parent=2617"}],"curies":[{"name":"wp","href":"https:\/\/api.w.org\/{rel}","templated":true}]}}