{"id":2589,"date":"2021-07-27T18:54:05","date_gmt":"2021-07-27T18:54:05","guid":{"rendered":"http:\/\/malabarhotel.pl\/?page_id=2589"},"modified":"2021-07-30T14:20:57","modified_gmt":"2021-07-30T14:20:57","slug":"wiosna","status":"publish","type":"page","link":"https:\/\/malabarhotel.pl\/index.php\/wiosna\/","title":{"rendered":"Wiosna"},"content":{"rendered":"\n<p><strong>Bruno Schulz<\/strong><\/p>\n\n\n\n<p>&#8220;Wiosna&#8221; Brunona Schulza to sen o&nbsp;nadziei, \u017ce rewolucja mo\u017ce zachowa\u0107 \u015bwie\u017co\u015b\u0107,<br>pozosta\u0107 wiern\u0105, dotrzyma\u0107 przysi\u0119gi&#8221;. Jest to jedyny utw\u00f3r autora &#8220;Sklep\u00f3w cynamonowych&#8221;, kt\u00f3ry porusza problemy spo\u0142eczne i&nbsp;polityczne. Nawi\u0105zania do wydarze\u0144 dwudziestolecia i&nbsp;okresu poprzedzaj\u0105cego wybuch pierwszej wielkiej wojny zosta\u0142y tu po Schulzowsku &#8220;nazwane&#8221; i&nbsp;wykorzystane tak, \u017ce opisuj\u0105 rzeczy uniwersalne.<\/p>\n\n\n\n<p>&#8211; Mamy tu rewolucj\u0119 m\u0142odo\u015bci, seksualno\u015bci i&nbsp;mi\u0142o\u015bci, kt\u00f3ra splata si\u0119 z&nbsp;pragnieniem zbudowania lepszego \u015bwiata. Wiemy, jak spe\u0142ni\u0142y si\u0119 te marzenia w&nbsp;latach 40. XX w. Podobnie jak Schulz postanowili\u015bmy jednak z&nbsp;naiwno\u015bci\u0105 uda\u0107 si\u0119 w&nbsp;ow\u0105 rewolucyjn\u0105 podr\u00f3\u017c, wierz\u0105c, \u017ce nie pope\u0142nimy b\u0142\u0119d\u00f3w naszych poprzednik\u00f3w &#8211; podkre\u015blaj\u0105 tw\u00f3rcy spektaklu. &#8211; &#8220;Wiosna&#8221; Teatru Malabar Hotel to seans we wsp\u00f3\u0142czesnym panopticum, gdzie zn\u00f3w spr\u00f3bujemy zmierzy\u0107 si\u0119 z&nbsp;demiurgi\u0105, o\u017cywiaj\u0105c martw\u0105 materi\u0119 &#8211; dodaj\u0105 aktorzy.<\/p>\n\n\n\n<p>re\u017cyseria<\/p>\n\n\n\n<p><strong>Marcin Bartnikowski<\/strong><\/p>\n\n\n\n<p><strong>Marcin Bikowski<\/strong><\/p>\n\n\n\n<p>dramaturgia<\/p>\n\n\n\n<p><strong>Marcin Bartnikowski<\/strong><\/p>\n\n\n\n<p>scenografia i lalki<\/p>\n\n\n\n<p><strong>Marcin Bikowski<\/strong><\/p>\n\n\n\n<p>muzyka, opracowanie muzyczne, \u015bwiat\u0142o, video<\/p>\n\n\n\n<p><strong>Marcin Bartnikowski<\/strong><\/p>\n\n\n\n<p>obsada<\/p>\n\n\n\n<p><strong>Marcin Bartnikowski<\/strong><\/p>\n\n\n\n<p><strong>Marcin Bikowski<\/strong><\/p>\n\n\n\n<p>koordynacja<\/p>\n\n\n\n<p><strong>Joanna Szuma\u0144ska<\/strong><\/p>\n\n\n\n<p><strong>Premiera 14 grudnia 2021<\/strong><\/p>\n\n\n\n<div class=\"wp-block-envira-envira-gallery\"><div id=\"envira-gallery-wrap-2848\" class=\"envira-gallery-wrap envira-gallery-theme-base envira-lightbox-theme-base\" itemscope itemtype=\"https:\/\/schema.org\/ImageGallery\"><div style=\"opacity: 0.0\"  data-row-height=\"150\" data-gallery-theme=\"normal\" id=\"envira-gallery-2848\" class=\"envira-gallery-public envira-gallery-justified-public envira-gallery-0-columns envira-clear enviratope envira-gallery-css-animations\" data-envira-columns=\"0\"><div id=\"envira-gallery-item-2592\" class=\"envira-gallery-item enviratope-item envira-gallery-item-1 envira-lazy-load\" style=\"padding-left: 1px; padding-bottom: 1px; padding-right: 1px;\"  itemscope itemtype=\"https:\/\/schema.org\/ImageObject\"><div class=\"envira-gallery-item-inner\"><div class=\"envira-gallery-position-overlay  envira-gallery-top-left\"><\/div><div class=\"envira-gallery-position-overlay  envira-gallery-top-right\"><\/div><div class=\"envira-gallery-position-overlay  envira-gallery-bottom-left\"><\/div><div class=\"envira-gallery-position-overlay  envira-gallery-bottom-right\"><\/div><a href=\"http:\/\/malabarhotel.pl\/wp-content\/uploads\/2021\/07\/5df0d9aecca3b.jpg\" class=\"envira-gallery-2848 envira-gallery-link\" rel=\"enviragallery2848\" title=\"5df0d9aecca3b\" data-envira-caption=\"5df0d9aecca3b\" data-envira-retina=\"\" data-thumbnail=\"\"  itemprop=\"contentUrl\"><img id=\"envira-gallery-image-2592\" class=\"envira-gallery-image envira-gallery-image-1 envira-normal envira-lazy\" data-envira-index=\"1\" src=\"https:\/\/malabarhotel.pl\/wp-content\/uploads\/2021\/07\/5df0d9aecca3b-640x480.jpg\" data-envira-src=\"https:\/\/malabarhotel.pl\/wp-content\/uploads\/2021\/07\/5df0d9aecca3b-640x480.jpg\" data-envira-gallery-id=\"2848\" data-envira-item-id=\"2592\" data-envira-caption=\"5df0d9aecca3b\" alt=\"\" title=\"5df0d9aecca3b\"  itemprop=\"thumbnailUrl\" data-envira-srcset=\"https:\/\/malabarhotel.pl\/wp-content\/uploads\/2021\/07\/5df0d9aecca3b-640x480.jpg 400w,https:\/\/malabarhotel.pl\/wp-content\/uploads\/2021\/07\/5df0d9aecca3b-640x480.jpg 2x\" data-envira-width=\"200\" data-envira-height=\"300\" srcset=\"data:image\/gif;base64,R0lGODlhAQABAIAAAP\/\/\/\/\/\/\/yH5BAEKAAEALAAAAAABAAEAAAICTAEAOw==\" data-safe-src=\"data:image\/gif;base64,R0lGODlhAQABAIAAAP\/\/\/\/\/\/\/yH5BAEKAAEALAAAAAABAAEAAAICTAEAOw==\" \/><\/a><\/div><\/div><div id=\"envira-gallery-item-2594\" class=\"envira-gallery-item enviratope-item envira-gallery-item-2 envira-lazy-load\" style=\"padding-left: 1px; padding-bottom: 1px; padding-right: 1px;\"  itemscope itemtype=\"https:\/\/schema.org\/ImageObject\"><div class=\"envira-gallery-item-inner\"><div class=\"envira-gallery-position-overlay  envira-gallery-top-left\"><\/div><div class=\"envira-gallery-position-overlay  envira-gallery-top-right\"><\/div><div class=\"envira-gallery-position-overlay  envira-gallery-bottom-left\"><\/div><div class=\"envira-gallery-position-overlay  envira-gallery-bottom-right\"><\/div><a href=\"http:\/\/malabarhotel.pl\/wp-content\/uploads\/2021\/07\/5df0d78c13f32.jpg\" class=\"envira-gallery-2848 envira-gallery-link\" rel=\"enviragallery2848\" title=\"5df0d78c13f32\" data-envira-caption=\"5df0d78c13f32\" data-envira-retina=\"\" data-thumbnail=\"\"  itemprop=\"contentUrl\"><img id=\"envira-gallery-image-2594\" class=\"envira-gallery-image envira-gallery-image-2 envira-normal envira-lazy\" data-envira-index=\"2\" src=\"https:\/\/malabarhotel.pl\/wp-content\/uploads\/2021\/07\/5df0d78c13f32-640x480.jpg\" data-envira-src=\"https:\/\/malabarhotel.pl\/wp-content\/uploads\/2021\/07\/5df0d78c13f32-640x480.jpg\" data-envira-gallery-id=\"2848\" data-envira-item-id=\"2594\" data-envira-caption=\"5df0d78c13f32\" alt=\"\" title=\"5df0d78c13f32\"  itemprop=\"thumbnailUrl\" data-envira-srcset=\"https:\/\/malabarhotel.pl\/wp-content\/uploads\/2021\/07\/5df0d78c13f32-640x480.jpg 400w,https:\/\/malabarhotel.pl\/wp-content\/uploads\/2021\/07\/5df0d78c13f32-640x480.jpg 2x\" data-envira-width=\"200\" data-envira-height=\"300\" srcset=\"data:image\/gif;base64,R0lGODlhAQABAIAAAP\/\/\/\/\/\/\/yH5BAEKAAEALAAAAAABAAEAAAICTAEAOw==\" data-safe-src=\"data:image\/gif;base64,R0lGODlhAQABAIAAAP\/\/\/\/\/\/\/yH5BAEKAAEALAAAAAABAAEAAAICTAEAOw==\" \/><\/a><\/div><\/div><div id=\"envira-gallery-item-2591\" class=\"envira-gallery-item enviratope-item envira-gallery-item-3 envira-lazy-load\" style=\"padding-left: 1px; padding-bottom: 1px; padding-right: 1px;\"  itemscope itemtype=\"https:\/\/schema.org\/ImageObject\"><div class=\"envira-gallery-item-inner\"><div class=\"envira-gallery-position-overlay  envira-gallery-top-left\"><\/div><div class=\"envira-gallery-position-overlay  envira-gallery-top-right\"><\/div><div class=\"envira-gallery-position-overlay  envira-gallery-bottom-left\"><\/div><div class=\"envira-gallery-position-overlay  envira-gallery-bottom-right\"><\/div><a href=\"http:\/\/malabarhotel.pl\/wp-content\/uploads\/2021\/07\/5df0d9a869646.jpg\" class=\"envira-gallery-2848 envira-gallery-link\" rel=\"enviragallery2848\" title=\"5df0d9a869646\" data-envira-caption=\"5df0d9a869646\" data-envira-retina=\"\" data-thumbnail=\"\"  itemprop=\"contentUrl\"><img id=\"envira-gallery-image-2591\" class=\"envira-gallery-image envira-gallery-image-3 envira-normal envira-lazy\" data-envira-index=\"3\" src=\"https:\/\/malabarhotel.pl\/wp-content\/uploads\/2021\/07\/5df0d9a869646-640x480.jpg\" data-envira-src=\"https:\/\/malabarhotel.pl\/wp-content\/uploads\/2021\/07\/5df0d9a869646-640x480.jpg\" data-envira-gallery-id=\"2848\" data-envira-item-id=\"2591\" data-envira-caption=\"5df0d9a869646\" alt=\"\" title=\"5df0d9a869646\"  itemprop=\"thumbnailUrl\" data-envira-srcset=\"https:\/\/malabarhotel.pl\/wp-content\/uploads\/2021\/07\/5df0d9a869646-640x480.jpg 400w,https:\/\/malabarhotel.pl\/wp-content\/uploads\/2021\/07\/5df0d9a869646-640x480.jpg 2x\" data-envira-width=\"300\" data-envira-height=\"200\" srcset=\"data:image\/gif;base64,R0lGODlhAQABAIAAAP\/\/\/\/\/\/\/yH5BAEKAAEALAAAAAABAAEAAAICTAEAOw==\" data-safe-src=\"data:image\/gif;base64,R0lGODlhAQABAIAAAP\/\/\/\/\/\/\/yH5BAEKAAEALAAAAAABAAEAAAICTAEAOw==\" \/><\/a><\/div><\/div><div id=\"envira-gallery-item-2595\" class=\"envira-gallery-item enviratope-item envira-gallery-item-4 envira-lazy-load\" style=\"padding-left: 1px; padding-bottom: 1px; padding-right: 1px;\"  itemscope itemtype=\"https:\/\/schema.org\/ImageObject\"><div class=\"envira-gallery-item-inner\"><div class=\"envira-gallery-position-overlay  envira-gallery-top-left\"><\/div><div class=\"envira-gallery-position-overlay  envira-gallery-top-right\"><\/div><div class=\"envira-gallery-position-overlay  envira-gallery-bottom-left\"><\/div><div class=\"envira-gallery-position-overlay  envira-gallery-bottom-right\"><\/div><a href=\"http:\/\/malabarhotel.pl\/wp-content\/uploads\/2021\/07\/5df0d9488a5b8.jpg\" class=\"envira-gallery-2848 envira-gallery-link\" rel=\"enviragallery2848\" title=\"5df0d9488a5b8\" data-envira-caption=\"5df0d9488a5b8\" data-envira-retina=\"\" data-thumbnail=\"\"  itemprop=\"contentUrl\"><img id=\"envira-gallery-image-2595\" class=\"envira-gallery-image envira-gallery-image-4 envira-normal envira-lazy\" data-envira-index=\"4\" src=\"https:\/\/malabarhotel.pl\/wp-content\/uploads\/2021\/07\/5df0d9488a5b8-640x480.jpg\" data-envira-src=\"https:\/\/malabarhotel.pl\/wp-content\/uploads\/2021\/07\/5df0d9488a5b8-640x480.jpg\" data-envira-gallery-id=\"2848\" data-envira-item-id=\"2595\" data-envira-caption=\"5df0d9488a5b8\" alt=\"\" title=\"5df0d9488a5b8\"  itemprop=\"thumbnailUrl\" data-envira-srcset=\"https:\/\/malabarhotel.pl\/wp-content\/uploads\/2021\/07\/5df0d9488a5b8-640x480.jpg 400w,https:\/\/malabarhotel.pl\/wp-content\/uploads\/2021\/07\/5df0d9488a5b8-640x480.jpg 2x\" data-envira-width=\"200\" data-envira-height=\"300\" srcset=\"data:image\/gif;base64,R0lGODlhAQABAIAAAP\/\/\/\/\/\/\/yH5BAEKAAEALAAAAAABAAEAAAICTAEAOw==\" data-safe-src=\"data:image\/gif;base64,R0lGODlhAQABAIAAAP\/\/\/\/\/\/\/yH5BAEKAAEALAAAAAABAAEAAAICTAEAOw==\" \/><\/a><\/div><\/div><div id=\"envira-gallery-item-2593\" class=\"envira-gallery-item enviratope-item envira-gallery-item-5 envira-lazy-load\" style=\"padding-left: 1px; padding-bottom: 1px; padding-right: 1px;\"  itemscope itemtype=\"https:\/\/schema.org\/ImageObject\"><div class=\"envira-gallery-item-inner\"><div class=\"envira-gallery-position-overlay  envira-gallery-top-left\"><\/div><div class=\"envira-gallery-position-overlay  envira-gallery-top-right\"><\/div><div class=\"envira-gallery-position-overlay  envira-gallery-bottom-left\"><\/div><div class=\"envira-gallery-position-overlay  envira-gallery-bottom-right\"><\/div><a href=\"http:\/\/malabarhotel.pl\/wp-content\/uploads\/2021\/07\/5df0d785f1453.jpg\" class=\"envira-gallery-2848 envira-gallery-link\" rel=\"enviragallery2848\" title=\"5df0d785f1453\" data-envira-caption=\"5df0d785f1453\" data-envira-retina=\"\" data-thumbnail=\"\"  itemprop=\"contentUrl\"><img id=\"envira-gallery-image-2593\" class=\"envira-gallery-image envira-gallery-image-5 envira-normal envira-lazy\" data-envira-index=\"5\" src=\"https:\/\/malabarhotel.pl\/wp-content\/uploads\/2021\/07\/5df0d785f1453-640x480.jpg\" data-envira-src=\"https:\/\/malabarhotel.pl\/wp-content\/uploads\/2021\/07\/5df0d785f1453-640x480.jpg\" data-envira-gallery-id=\"2848\" data-envira-item-id=\"2593\" data-envira-caption=\"5df0d785f1453\" alt=\"\" title=\"5df0d785f1453\"  itemprop=\"thumbnailUrl\" data-envira-srcset=\"https:\/\/malabarhotel.pl\/wp-content\/uploads\/2021\/07\/5df0d785f1453-640x480.jpg 400w,https:\/\/malabarhotel.pl\/wp-content\/uploads\/2021\/07\/5df0d785f1453-640x480.jpg 2x\" data-envira-width=\"200\" data-envira-height=\"300\" srcset=\"data:image\/gif;base64,R0lGODlhAQABAIAAAP\/\/\/\/\/\/\/yH5BAEKAAEALAAAAAABAAEAAAICTAEAOw==\" data-safe-src=\"data:image\/gif;base64,R0lGODlhAQABAIAAAP\/\/\/\/\/\/\/yH5BAEKAAEALAAAAAABAAEAAAICTAEAOw==\" \/><\/a><\/div><\/div><div id=\"envira-gallery-item-2597\" class=\"envira-gallery-item enviratope-item envira-gallery-item-6 envira-lazy-load\" style=\"padding-left: 1px; padding-bottom: 1px; padding-right: 1px;\"  itemscope itemtype=\"https:\/\/schema.org\/ImageObject\"><div class=\"envira-gallery-item-inner\"><div class=\"envira-gallery-position-overlay  envira-gallery-top-left\"><\/div><div class=\"envira-gallery-position-overlay  envira-gallery-top-right\"><\/div><div class=\"envira-gallery-position-overlay  envira-gallery-bottom-left\"><\/div><div class=\"envira-gallery-position-overlay  envira-gallery-bottom-right\"><\/div><a href=\"http:\/\/malabarhotel.pl\/wp-content\/uploads\/2021\/07\/5df0d83083c23.jpg\" class=\"envira-gallery-2848 envira-gallery-link\" rel=\"enviragallery2848\" title=\"5df0d83083c23\" data-envira-caption=\"5df0d83083c23\" data-envira-retina=\"\" data-thumbnail=\"\"  itemprop=\"contentUrl\"><img id=\"envira-gallery-image-2597\" class=\"envira-gallery-image envira-gallery-image-6 envira-normal envira-lazy\" data-envira-index=\"6\" src=\"https:\/\/malabarhotel.pl\/wp-content\/uploads\/2021\/07\/5df0d83083c23-640x480.jpg\" data-envira-src=\"https:\/\/malabarhotel.pl\/wp-content\/uploads\/2021\/07\/5df0d83083c23-640x480.jpg\" data-envira-gallery-id=\"2848\" data-envira-item-id=\"2597\" data-envira-caption=\"5df0d83083c23\" alt=\"\" title=\"5df0d83083c23\"  itemprop=\"thumbnailUrl\" data-envira-srcset=\"https:\/\/malabarhotel.pl\/wp-content\/uploads\/2021\/07\/5df0d83083c23-640x480.jpg 400w,https:\/\/malabarhotel.pl\/wp-content\/uploads\/2021\/07\/5df0d83083c23-640x480.jpg 2x\" data-envira-width=\"200\" data-envira-height=\"300\" srcset=\"data:image\/gif;base64,R0lGODlhAQABAIAAAP\/\/\/\/\/\/\/yH5BAEKAAEALAAAAAABAAEAAAICTAEAOw==\" data-safe-src=\"data:image\/gif;base64,R0lGODlhAQABAIAAAP\/\/\/\/\/\/\/yH5BAEKAAEALAAAAAABAAEAAAICTAEAOw==\" \/><\/a><\/div><\/div><div id=\"envira-gallery-item-2598\" class=\"envira-gallery-item enviratope-item envira-gallery-item-7 envira-lazy-load\" style=\"padding-left: 1px; padding-bottom: 1px; padding-right: 1px;\"  itemscope itemtype=\"https:\/\/schema.org\/ImageObject\"><div class=\"envira-gallery-item-inner\"><div class=\"envira-gallery-position-overlay  envira-gallery-top-left\"><\/div><div class=\"envira-gallery-position-overlay  envira-gallery-top-right\"><\/div><div class=\"envira-gallery-position-overlay  envira-gallery-bottom-left\"><\/div><div class=\"envira-gallery-position-overlay  envira-gallery-bottom-right\"><\/div><a href=\"http:\/\/malabarhotel.pl\/wp-content\/uploads\/2021\/07\/5df0da1b7bd31.jpg\" class=\"envira-gallery-2848 envira-gallery-link\" rel=\"enviragallery2848\" title=\"5df0da1b7bd31\" data-envira-caption=\"5df0da1b7bd31\" data-envira-retina=\"\" data-thumbnail=\"\"  itemprop=\"contentUrl\"><img id=\"envira-gallery-image-2598\" class=\"envira-gallery-image envira-gallery-image-7 envira-normal envira-lazy\" data-envira-index=\"7\" src=\"https:\/\/malabarhotel.pl\/wp-content\/uploads\/2021\/07\/5df0da1b7bd31-640x480.jpg\" data-envira-src=\"https:\/\/malabarhotel.pl\/wp-content\/uploads\/2021\/07\/5df0da1b7bd31-640x480.jpg\" data-envira-gallery-id=\"2848\" data-envira-item-id=\"2598\" data-envira-caption=\"5df0da1b7bd31\" alt=\"\" title=\"5df0da1b7bd31\"  itemprop=\"thumbnailUrl\" data-envira-srcset=\"https:\/\/malabarhotel.pl\/wp-content\/uploads\/2021\/07\/5df0da1b7bd31-640x480.jpg 400w,https:\/\/malabarhotel.pl\/wp-content\/uploads\/2021\/07\/5df0da1b7bd31-640x480.jpg 2x\" data-envira-width=\"200\" data-envira-height=\"300\" srcset=\"data:image\/gif;base64,R0lGODlhAQABAIAAAP\/\/\/\/\/\/\/yH5BAEKAAEALAAAAAABAAEAAAICTAEAOw==\" data-safe-src=\"data:image\/gif;base64,R0lGODlhAQABAIAAAP\/\/\/\/\/\/\/yH5BAEKAAEALAAAAAABAAEAAAICTAEAOw==\" \/><\/a><\/div><\/div><\/div><\/div><noscript><img src=\"https:\/\/malabarhotel.pl\/wp-content\/uploads\/2021\/07\/5df0d9aecca3b.jpg\" alt=\"\" \/><img src=\"https:\/\/malabarhotel.pl\/wp-content\/uploads\/2021\/07\/5df0d78c13f32.jpg\" alt=\"\" \/><img src=\"https:\/\/malabarhotel.pl\/wp-content\/uploads\/2021\/07\/5df0d9a869646.jpg\" alt=\"\" \/><img src=\"https:\/\/malabarhotel.pl\/wp-content\/uploads\/2021\/07\/5df0d9488a5b8.jpg\" alt=\"\" \/><img src=\"https:\/\/malabarhotel.pl\/wp-content\/uploads\/2021\/07\/5df0d785f1453.jpg\" alt=\"\" \/><img src=\"https:\/\/malabarhotel.pl\/wp-content\/uploads\/2021\/07\/5df0d83083c23.jpg\" alt=\"\" \/><img src=\"https:\/\/malabarhotel.pl\/wp-content\/uploads\/2021\/07\/5df0da1b7bd31.jpg\" alt=\"\" \/><\/noscript><\/div>\n\n\n\n<p>foto Pawe\u0142 Czarnecki<\/p>\n\n\n\n<p>Spektakl &#8220;Wiosna&#8221; realizowany jest ze \u015brodk\u00f3w Ministerstwa Kultury i&nbsp;Dziedzictwa Narodowego w&nbsp;ramach stypendium tw\u00f3rczego, przyznanego Marcinowi Bikowskiemu, a&nbsp;tak\u017ce w&nbsp;ramach stypendium z&nbsp;Funduszu Popierania Tw\u00f3rczo\u015bci ZAiKS.<\/p>\n\n\n\n<figure class=\"wp-block-image size-large is-resized\"><img decoding=\"async\" loading=\"lazy\" src=\"https:\/\/malabarhotel.pl\/wp-content\/uploads\/2021\/07\/zaiks-1.png\" alt=\"\" class=\"wp-image-2777\" width=\"89\" height=\"47\" srcset=\"https:\/\/malabarhotel.pl\/wp-content\/uploads\/2021\/07\/zaiks-1.png 310w, https:\/\/malabarhotel.pl\/wp-content\/uploads\/2021\/07\/zaiks-1-300x158.png 300w\" sizes=\"(max-width: 89px) 100vw, 89px\" \/><\/figure>\n\n\n\n<figure class=\"wp-block-image size-large is-resized\"><img decoding=\"async\" loading=\"lazy\" src=\"https:\/\/malabarhotel.pl\/wp-content\/uploads\/2021\/07\/mkidn_logo-4.jpg\" alt=\"\" class=\"wp-image-2778\" width=\"81\" height=\"81\" srcset=\"https:\/\/malabarhotel.pl\/wp-content\/uploads\/2021\/07\/mkidn_logo-4.jpg 300w, https:\/\/malabarhotel.pl\/wp-content\/uploads\/2021\/07\/mkidn_logo-4-150x150.jpg 150w\" sizes=\"(max-width: 81px) 100vw, 81px\" \/><\/figure>\n\n\n\n<figure class=\"wp-block-image size-large is-resized\"><img decoding=\"async\" loading=\"lazy\" src=\"https:\/\/malabarhotel.pl\/wp-content\/uploads\/2021\/07\/lazienki.png\" alt=\"\" class=\"wp-image-2792\" width=\"72\" height=\"114\"\/><\/figure>\n","protected":false},"excerpt":{"rendered":"<p>Bruno Schulz &#8220;Wiosna&#8221; Brunona Schulza to sen o&nbsp;nadziei, \u017ce rewolucja mo\u017ce zachowa\u0107 \u015bwie\u017co\u015b\u0107,pozosta\u0107 wiern\u0105, dotrzyma\u0107 przysi\u0119gi&#8221;. Jest to jedyny utw\u00f3r autora &#8220;Sklep\u00f3w cynamonowych&#8221;, kt\u00f3ry porusza problemy spo\u0142eczne i&nbsp;polityczne. Nawi\u0105zania do wydarze\u0144 dwudziestolecia i&nbsp;okresu poprzedzaj\u0105cego wybuch pierwszej wielkiej wojny zosta\u0142y tu po Schulzowsku &#8220;nazwane&#8221; i&nbsp;wykorzystane tak, \u017ce opisuj\u0105 rzeczy uniwersalne. &#8211; Mamy tu rewolucj\u0119 m\u0142odo\u015bci, seksualno\u015bci&#8230; <\/p>\n","protected":false},"author":1,"featured_media":2599,"parent":0,"menu_order":0,"comment_status":"closed","ping_status":"closed","template":"no-sidebar.php","meta":{"om_disable_all_campaigns":false,"_monsterinsights_skip_tracking":false,"_monsterinsights_sitenote_active":false,"_monsterinsights_sitenote_note":"","_monsterinsights_sitenote_category":0},"_links":{"self":[{"href":"https:\/\/malabarhotel.pl\/index.php\/wp-json\/wp\/v2\/pages\/2589"}],"collection":[{"href":"https:\/\/malabarhotel.pl\/index.php\/wp-json\/wp\/v2\/pages"}],"about":[{"href":"https:\/\/malabarhotel.pl\/index.php\/wp-json\/wp\/v2\/types\/page"}],"author":[{"embeddable":true,"href":"https:\/\/malabarhotel.pl\/index.php\/wp-json\/wp\/v2\/users\/1"}],"replies":[{"embeddable":true,"href":"https:\/\/malabarhotel.pl\/index.php\/wp-json\/wp\/v2\/comments?post=2589"}],"version-history":[{"count":6,"href":"https:\/\/malabarhotel.pl\/index.php\/wp-json\/wp\/v2\/pages\/2589\/revisions"}],"predecessor-version":[{"id":2860,"href":"https:\/\/malabarhotel.pl\/index.php\/wp-json\/wp\/v2\/pages\/2589\/revisions\/2860"}],"wp:featuredmedia":[{"embeddable":true,"href":"https:\/\/malabarhotel.pl\/index.php\/wp-json\/wp\/v2\/media\/2599"}],"wp:attachment":[{"href":"https:\/\/malabarhotel.pl\/index.php\/wp-json\/wp\/v2\/media?parent=2589"}],"curies":[{"name":"wp","href":"https:\/\/api.w.org\/{rel}","templated":true}]}}