{"id":2580,"date":"2021-07-27T18:45:49","date_gmt":"2021-07-27T18:45:49","guid":{"rendered":"http:\/\/malabarhotel.pl\/?page_id=2580"},"modified":"2021-07-30T14:18:58","modified_gmt":"2021-07-30T14:18:58","slug":"pozegnanie-jesieni","status":"publish","type":"page","link":"https:\/\/malabarhotel.pl\/index.php\/pozegnanie-jesieni\/","title":{"rendered":"Po\u017cegnanie jesieni"},"content":{"rendered":"\n<p><strong>Stanis\u0142aw Ignacy Witkiewicz<\/strong><\/p>\n\n\n\n<p>\u201ePo\u017cegnanie jesieni\u201d to&nbsp;katastroficzna wizja spo\u0142ecze\u0144stwa oddaj\u0105cego si\u0119 w&nbsp;obj\u0119cia totalitaryzmu. Bohaterowie rozpi\u0119ci mi\u0119dzy dwoma jesieniami przez&nbsp;jeden kr\u00f3tki rok do\u015bwiadczaj\u0105 kryzysu sztuki, filozofii i&nbsp;religii, kt\u00f3ry&nbsp;zmiata z&nbsp;powierzchni ziemi \u015bwiat, jaki dot\u0105d znali. Na&nbsp;tym tle ogl\u0105damy erotyczne przygody Atanazego Bazakbala, Heli Bertz i&nbsp;J\u0119drusia \u0141ochojskiego, kt\u00f3rzy&nbsp;pr\u00f3buj\u0105 chwyta\u0107 si\u0119 ka\u017cdej szansy na&nbsp;przetrwanie i&nbsp;popraw\u0119 losu.<\/p>\n\n\n\n<p>Kultow\u0105 powie\u015b\u0107 Witkacego opowiadamy z&nbsp;perspektywy Izabeli Czajki Stachowicz vel Beli Hertz \u2013 pierwowzoru demonicznej Heli, kt\u00f3ra&nbsp;faktycznie prze\u017cy\u0142a spe\u0142nienie katastrofizmu zapisanego przez&nbsp;Witkiewicza. Bela uchwycona w&nbsp;muzeum potworno\u015bci Witkacego wraca pami\u0119ci\u0105 do&nbsp;tamtej&nbsp;Warszawy i&nbsp;tamtej&nbsp;jesieni. Mamy nadziej\u0119, \u017ce&nbsp;diametralnie r\u00f3\u017cnej od&nbsp;obecnej.<\/p>\n\n\n\n<p>re\u017cyseria<br><strong>Maria \u017bynel<\/strong><\/p>\n\n\n\n<p>dramaturgia<br><strong>Marcin Bartnikowski<\/strong><\/p>\n\n\n\n<p>scenografia, Kostiumy i Lalki<br><strong>Marcin Bikowski<\/strong><\/p>\n\n\n\n<p>muzyka<br><strong>Jacek Mazurkiewicz<\/strong><\/p>\n\n\n\n<p>obsada<br><strong>Maria Robaszkiewicz<br>Marcin Bartnikowski<br>Marcin Bikowski<\/strong><\/p>\n\n\n\n<p><strong>Premiera 7 grudnia 2018<\/strong><\/p>\n\n\n\n<div class=\"wp-block-envira-envira-gallery\"><div id=\"envira-gallery-wrap-2847\" class=\"envira-gallery-wrap envira-gallery-theme-base envira-lightbox-theme-base\" itemscope itemtype=\"https:\/\/schema.org\/ImageGallery\"><div style=\"opacity: 0.0\"  data-row-height=\"150\" data-gallery-theme=\"normal\" id=\"envira-gallery-2847\" class=\"envira-gallery-public envira-gallery-justified-public envira-gallery-0-columns envira-clear enviratope envira-gallery-css-animations\" data-envira-columns=\"0\"><div id=\"envira-gallery-item-2586\" class=\"envira-gallery-item enviratope-item envira-gallery-item-1 envira-lazy-load\" style=\"padding-left: 1px; padding-bottom: 1px; padding-right: 1px;\"  itemscope itemtype=\"https:\/\/schema.org\/ImageObject\"><div class=\"envira-gallery-item-inner\"><div class=\"envira-gallery-position-overlay  envira-gallery-top-left\"><\/div><div class=\"envira-gallery-position-overlay  envira-gallery-top-right\"><\/div><div class=\"envira-gallery-position-overlay  envira-gallery-bottom-left\"><\/div><div class=\"envira-gallery-position-overlay  envira-gallery-bottom-right\"><\/div><a href=\"http:\/\/malabarhotel.pl\/wp-content\/uploads\/2021\/07\/fot-bartek-warzecha-c-dsc8779-c-b.jpg\" class=\"envira-gallery-2847 envira-gallery-link\" rel=\"enviragallery2847\" title=\"\" data-envira-caption=\"\" data-envira-retina=\"\" data-thumbnail=\"\"  itemprop=\"contentUrl\"><img id=\"envira-gallery-image-2586\" class=\"envira-gallery-image envira-gallery-image-1 envira-normal envira-lazy\" data-envira-index=\"1\" src=\"https:\/\/malabarhotel.pl\/wp-content\/uploads\/2021\/07\/fot-bartek-warzecha-c-dsc8779-c-b-1024x681-640x480.jpg\" data-envira-src=\"https:\/\/malabarhotel.pl\/wp-content\/uploads\/2021\/07\/fot-bartek-warzecha-c-dsc8779-c-b-1024x681-640x480.jpg\" data-envira-gallery-id=\"2847\" data-envira-item-id=\"2586\" data-envira-caption=\"\" alt=\"\" title=\"\"  itemprop=\"thumbnailUrl\" data-envira-srcset=\"https:\/\/malabarhotel.pl\/wp-content\/uploads\/2021\/07\/fot-bartek-warzecha-c-dsc8779-c-b-1024x681-640x480.jpg 400w,https:\/\/malabarhotel.pl\/wp-content\/uploads\/2021\/07\/fot-bartek-warzecha-c-dsc8779-c-b-1024x681-640x480.jpg 2x\" data-envira-width=\"300\" data-envira-height=\"200\" srcset=\"data:image\/gif;base64,R0lGODlhAQABAIAAAP\/\/\/\/\/\/\/yH5BAEKAAEALAAAAAABAAEAAAICTAEAOw==\" data-safe-src=\"data:image\/gif;base64,R0lGODlhAQABAIAAAP\/\/\/\/\/\/\/yH5BAEKAAEALAAAAAABAAEAAAICTAEAOw==\" \/><\/a><\/div><\/div><div id=\"envira-gallery-item-2585\" class=\"envira-gallery-item enviratope-item envira-gallery-item-2 envira-lazy-load\" style=\"padding-left: 1px; padding-bottom: 1px; padding-right: 1px;\"  itemscope itemtype=\"https:\/\/schema.org\/ImageObject\"><div class=\"envira-gallery-item-inner\"><div class=\"envira-gallery-position-overlay  envira-gallery-top-left\"><\/div><div class=\"envira-gallery-position-overlay  envira-gallery-top-right\"><\/div><div class=\"envira-gallery-position-overlay  envira-gallery-bottom-left\"><\/div><div class=\"envira-gallery-position-overlay  envira-gallery-bottom-right\"><\/div><a href=\"http:\/\/malabarhotel.pl\/wp-content\/uploads\/2021\/07\/fot-bartek-warzecha-c-dsc8219-c-b.jpg\" class=\"envira-gallery-2847 envira-gallery-link\" rel=\"enviragallery2847\" title=\"\" data-envira-caption=\"\" data-envira-retina=\"\" data-thumbnail=\"\"  itemprop=\"contentUrl\"><img id=\"envira-gallery-image-2585\" class=\"envira-gallery-image envira-gallery-image-2 envira-normal envira-lazy\" data-envira-index=\"2\" src=\"https:\/\/malabarhotel.pl\/wp-content\/uploads\/2021\/07\/fot-bartek-warzecha-c-dsc8219-c-b-1024x683-640x480.jpg\" data-envira-src=\"https:\/\/malabarhotel.pl\/wp-content\/uploads\/2021\/07\/fot-bartek-warzecha-c-dsc8219-c-b-1024x683-640x480.jpg\" data-envira-gallery-id=\"2847\" data-envira-item-id=\"2585\" data-envira-caption=\"\" alt=\"\" title=\"\"  itemprop=\"thumbnailUrl\" data-envira-srcset=\"https:\/\/malabarhotel.pl\/wp-content\/uploads\/2021\/07\/fot-bartek-warzecha-c-dsc8219-c-b-1024x683-640x480.jpg 400w,https:\/\/malabarhotel.pl\/wp-content\/uploads\/2021\/07\/fot-bartek-warzecha-c-dsc8219-c-b-1024x683-640x480.jpg 2x\" data-envira-width=\"300\" data-envira-height=\"200\" srcset=\"data:image\/gif;base64,R0lGODlhAQABAIAAAP\/\/\/\/\/\/\/yH5BAEKAAEALAAAAAABAAEAAAICTAEAOw==\" data-safe-src=\"data:image\/gif;base64,R0lGODlhAQABAIAAAP\/\/\/\/\/\/\/yH5BAEKAAEALAAAAAABAAEAAAICTAEAOw==\" \/><\/a><\/div><\/div><div id=\"envira-gallery-item-2584\" class=\"envira-gallery-item enviratope-item envira-gallery-item-3 envira-lazy-load\" style=\"padding-left: 1px; padding-bottom: 1px; padding-right: 1px;\"  itemscope itemtype=\"https:\/\/schema.org\/ImageObject\"><div class=\"envira-gallery-item-inner\"><div class=\"envira-gallery-position-overlay  envira-gallery-top-left\"><\/div><div class=\"envira-gallery-position-overlay  envira-gallery-top-right\"><\/div><div class=\"envira-gallery-position-overlay  envira-gallery-bottom-left\"><\/div><div class=\"envira-gallery-position-overlay  envira-gallery-bottom-right\"><\/div><a href=\"http:\/\/malabarhotel.pl\/wp-content\/uploads\/2021\/07\/fot-bartek-warzecha-c-dsc8642-c-b.jpg\" class=\"envira-gallery-2847 envira-gallery-link\" rel=\"enviragallery2847\" title=\"\" data-envira-caption=\"\" data-envira-retina=\"\" data-thumbnail=\"\"  itemprop=\"contentUrl\"><img id=\"envira-gallery-image-2584\" class=\"envira-gallery-image envira-gallery-image-3 envira-normal envira-lazy\" data-envira-index=\"3\" src=\"https:\/\/malabarhotel.pl\/wp-content\/uploads\/2021\/07\/fot-bartek-warzecha-c-dsc8642-c-b-1024x683-640x480.jpg\" data-envira-src=\"https:\/\/malabarhotel.pl\/wp-content\/uploads\/2021\/07\/fot-bartek-warzecha-c-dsc8642-c-b-1024x683-640x480.jpg\" data-envira-gallery-id=\"2847\" data-envira-item-id=\"2584\" data-envira-caption=\"\" alt=\"\" title=\"\"  itemprop=\"thumbnailUrl\" data-envira-srcset=\"https:\/\/malabarhotel.pl\/wp-content\/uploads\/2021\/07\/fot-bartek-warzecha-c-dsc8642-c-b-1024x683-640x480.jpg 400w,https:\/\/malabarhotel.pl\/wp-content\/uploads\/2021\/07\/fot-bartek-warzecha-c-dsc8642-c-b-1024x683-640x480.jpg 2x\" data-envira-width=\"300\" data-envira-height=\"200\" srcset=\"data:image\/gif;base64,R0lGODlhAQABAIAAAP\/\/\/\/\/\/\/yH5BAEKAAEALAAAAAABAAEAAAICTAEAOw==\" data-safe-src=\"data:image\/gif;base64,R0lGODlhAQABAIAAAP\/\/\/\/\/\/\/yH5BAEKAAEALAAAAAABAAEAAAICTAEAOw==\" \/><\/a><\/div><\/div><div id=\"envira-gallery-item-2583\" class=\"envira-gallery-item enviratope-item envira-gallery-item-4 envira-lazy-load\" style=\"padding-left: 1px; padding-bottom: 1px; padding-right: 1px;\"  itemscope itemtype=\"https:\/\/schema.org\/ImageObject\"><div class=\"envira-gallery-item-inner\"><div class=\"envira-gallery-position-overlay  envira-gallery-top-left\"><\/div><div class=\"envira-gallery-position-overlay  envira-gallery-top-right\"><\/div><div class=\"envira-gallery-position-overlay  envira-gallery-bottom-left\"><\/div><div class=\"envira-gallery-position-overlay  envira-gallery-bottom-right\"><\/div><a href=\"http:\/\/malabarhotel.pl\/wp-content\/uploads\/2021\/07\/fot-bartek-warzecha-c-dsc8483-c-b.jpg\" class=\"envira-gallery-2847 envira-gallery-link\" rel=\"enviragallery2847\" title=\"\" data-envira-caption=\"\" data-envira-retina=\"\" data-thumbnail=\"\"  itemprop=\"contentUrl\"><img id=\"envira-gallery-image-2583\" class=\"envira-gallery-image envira-gallery-image-4 envira-normal envira-lazy\" data-envira-index=\"4\" src=\"https:\/\/malabarhotel.pl\/wp-content\/uploads\/2021\/07\/fot-bartek-warzecha-c-dsc8483-c-b-1024x683-640x480.jpg\" data-envira-src=\"https:\/\/malabarhotel.pl\/wp-content\/uploads\/2021\/07\/fot-bartek-warzecha-c-dsc8483-c-b-1024x683-640x480.jpg\" data-envira-gallery-id=\"2847\" data-envira-item-id=\"2583\" data-envira-caption=\"\" alt=\"\" title=\"\"  itemprop=\"thumbnailUrl\" data-envira-srcset=\"https:\/\/malabarhotel.pl\/wp-content\/uploads\/2021\/07\/fot-bartek-warzecha-c-dsc8483-c-b-1024x683-640x480.jpg 400w,https:\/\/malabarhotel.pl\/wp-content\/uploads\/2021\/07\/fot-bartek-warzecha-c-dsc8483-c-b-1024x683-640x480.jpg 2x\" data-envira-width=\"300\" data-envira-height=\"200\" srcset=\"data:image\/gif;base64,R0lGODlhAQABAIAAAP\/\/\/\/\/\/\/yH5BAEKAAEALAAAAAABAAEAAAICTAEAOw==\" data-safe-src=\"data:image\/gif;base64,R0lGODlhAQABAIAAAP\/\/\/\/\/\/\/yH5BAEKAAEALAAAAAABAAEAAAICTAEAOw==\" \/><\/a><\/div><\/div><div id=\"envira-gallery-item-2582\" class=\"envira-gallery-item enviratope-item envira-gallery-item-5 envira-lazy-load\" style=\"padding-left: 1px; padding-bottom: 1px; padding-right: 1px;\"  itemscope itemtype=\"https:\/\/schema.org\/ImageObject\"><div class=\"envira-gallery-item-inner\"><div class=\"envira-gallery-position-overlay  envira-gallery-top-left\"><\/div><div class=\"envira-gallery-position-overlay  envira-gallery-top-right\"><\/div><div class=\"envira-gallery-position-overlay  envira-gallery-bottom-left\"><\/div><div class=\"envira-gallery-position-overlay  envira-gallery-bottom-right\"><\/div><a href=\"http:\/\/malabarhotel.pl\/wp-content\/uploads\/2021\/07\/fot-bartek-warzecha-c-dsc8296-c-b.jpg\" class=\"envira-gallery-2847 envira-gallery-link\" rel=\"enviragallery2847\" title=\"\" data-envira-caption=\"\" data-envira-retina=\"\" data-thumbnail=\"\"  itemprop=\"contentUrl\"><img id=\"envira-gallery-image-2582\" class=\"envira-gallery-image envira-gallery-image-5 envira-normal envira-lazy\" data-envira-index=\"5\" src=\"https:\/\/malabarhotel.pl\/wp-content\/uploads\/2021\/07\/fot-bartek-warzecha-c-dsc8296-c-b-1024x683-640x480.jpg\" data-envira-src=\"https:\/\/malabarhotel.pl\/wp-content\/uploads\/2021\/07\/fot-bartek-warzecha-c-dsc8296-c-b-1024x683-640x480.jpg\" data-envira-gallery-id=\"2847\" data-envira-item-id=\"2582\" data-envira-caption=\"\" alt=\"\" title=\"\"  itemprop=\"thumbnailUrl\" data-envira-srcset=\"https:\/\/malabarhotel.pl\/wp-content\/uploads\/2021\/07\/fot-bartek-warzecha-c-dsc8296-c-b-1024x683-640x480.jpg 400w,https:\/\/malabarhotel.pl\/wp-content\/uploads\/2021\/07\/fot-bartek-warzecha-c-dsc8296-c-b-1024x683-640x480.jpg 2x\" data-envira-width=\"300\" data-envira-height=\"200\" srcset=\"data:image\/gif;base64,R0lGODlhAQABAIAAAP\/\/\/\/\/\/\/yH5BAEKAAEALAAAAAABAAEAAAICTAEAOw==\" data-safe-src=\"data:image\/gif;base64,R0lGODlhAQABAIAAAP\/\/\/\/\/\/\/yH5BAEKAAEALAAAAAABAAEAAAICTAEAOw==\" \/><\/a><\/div><\/div><div id=\"envira-gallery-item-2581\" class=\"envira-gallery-item enviratope-item envira-gallery-item-6 envira-lazy-load\" style=\"padding-left: 1px; padding-bottom: 1px; padding-right: 1px;\"  itemscope itemtype=\"https:\/\/schema.org\/ImageObject\"><div class=\"envira-gallery-item-inner\"><div class=\"envira-gallery-position-overlay  envira-gallery-top-left\"><\/div><div class=\"envira-gallery-position-overlay  envira-gallery-top-right\"><\/div><div class=\"envira-gallery-position-overlay  envira-gallery-bottom-left\"><\/div><div class=\"envira-gallery-position-overlay  envira-gallery-bottom-right\"><\/div><a href=\"http:\/\/malabarhotel.pl\/wp-content\/uploads\/2021\/07\/fot-bartek-warzecha-c-dsc8248-c-b-1400x933-1.jpg\" class=\"envira-gallery-2847 envira-gallery-link\" rel=\"enviragallery2847\" title=\"\" data-envira-caption=\"\" data-envira-retina=\"\" data-thumbnail=\"\"  itemprop=\"contentUrl\"><img id=\"envira-gallery-image-2581\" class=\"envira-gallery-image envira-gallery-image-6 envira-normal envira-lazy\" data-envira-index=\"6\" src=\"https:\/\/malabarhotel.pl\/wp-content\/uploads\/2021\/07\/fot-bartek-warzecha-c-dsc8248-c-b-1400x933-1-1024x682-640x480.jpg\" data-envira-src=\"https:\/\/malabarhotel.pl\/wp-content\/uploads\/2021\/07\/fot-bartek-warzecha-c-dsc8248-c-b-1400x933-1-1024x682-640x480.jpg\" data-envira-gallery-id=\"2847\" data-envira-item-id=\"2581\" data-envira-caption=\"\" alt=\"\" title=\"\"  itemprop=\"thumbnailUrl\" data-envira-srcset=\"https:\/\/malabarhotel.pl\/wp-content\/uploads\/2021\/07\/fot-bartek-warzecha-c-dsc8248-c-b-1400x933-1-1024x682-640x480.jpg 400w,https:\/\/malabarhotel.pl\/wp-content\/uploads\/2021\/07\/fot-bartek-warzecha-c-dsc8248-c-b-1400x933-1-1024x682-640x480.jpg 2x\" data-envira-width=\"300\" data-envira-height=\"200\" srcset=\"data:image\/gif;base64,R0lGODlhAQABAIAAAP\/\/\/\/\/\/\/yH5BAEKAAEALAAAAAABAAEAAAICTAEAOw==\" data-safe-src=\"data:image\/gif;base64,R0lGODlhAQABAIAAAP\/\/\/\/\/\/\/yH5BAEKAAEALAAAAAABAAEAAAICTAEAOw==\" \/><\/a><\/div><\/div><\/div><\/div><noscript><img src=\"https:\/\/malabarhotel.pl\/wp-content\/uploads\/2021\/07\/fot-bartek-warzecha-c-dsc8779-c-b.jpg\" alt=\"\" \/><img src=\"https:\/\/malabarhotel.pl\/wp-content\/uploads\/2021\/07\/fot-bartek-warzecha-c-dsc8219-c-b.jpg\" alt=\"\" \/><img src=\"https:\/\/malabarhotel.pl\/wp-content\/uploads\/2021\/07\/fot-bartek-warzecha-c-dsc8642-c-b.jpg\" alt=\"\" \/><img src=\"https:\/\/malabarhotel.pl\/wp-content\/uploads\/2021\/07\/fot-bartek-warzecha-c-dsc8483-c-b.jpg\" alt=\"\" \/><img src=\"https:\/\/malabarhotel.pl\/wp-content\/uploads\/2021\/07\/fot-bartek-warzecha-c-dsc8296-c-b.jpg\" alt=\"\" \/><img src=\"https:\/\/malabarhotel.pl\/wp-content\/uploads\/2021\/07\/fot-bartek-warzecha-c-dsc8248-c-b-1400x933-1.jpg\" alt=\"\" \/><\/noscript><\/div>\n\n\n\n<p>foto Bartek Warzecha<\/p>\n\n\n\n<p>Projekt zrealizowano dzi\u0119ki Stypendium Prezydenta M.St.Warszawy i&nbsp;w&nbsp;ramach Stypendium z&nbsp;Funduszu Popierania Tw\u00f3rczo\u015bci ZAiKS dla Marcina Bartnikowskiego.<\/p>\n\n\n\n<p>Spektakl wsp\u00f3\u0142produkowany przez&nbsp;Zamojskie Lato Teatralne i&nbsp;Teatr Maska w&nbsp;Rzeszowie.<\/p>\n\n\n\n<figure class=\"wp-block-image size-large is-resized\"><img decoding=\"async\" loading=\"lazy\" src=\"https:\/\/malabarhotel.pl\/wp-content\/uploads\/2021\/07\/wawa.png\" alt=\"\" class=\"wp-image-2770\" width=\"100\" height=\"108\"\/><\/figure>\n\n\n\n<figure class=\"wp-block-image size-large is-resized\"><img decoding=\"async\" loading=\"lazy\" src=\"https:\/\/malabarhotel.pl\/wp-content\/uploads\/2021\/07\/zaiks.png\" alt=\"\" class=\"wp-image-2771\" width=\"109\" height=\"57\" srcset=\"https:\/\/malabarhotel.pl\/wp-content\/uploads\/2021\/07\/zaiks.png 310w, https:\/\/malabarhotel.pl\/wp-content\/uploads\/2021\/07\/zaiks-300x158.png 300w\" sizes=\"(max-width: 109px) 100vw, 109px\" \/><\/figure>\n\n\n\n<figure class=\"wp-block-image size-large is-resized\"><img decoding=\"async\" loading=\"lazy\" src=\"https:\/\/malabarhotel.pl\/wp-content\/uploads\/2021\/07\/zamosc.png\" alt=\"\" class=\"wp-image-2772\" width=\"98\" height=\"36\" srcset=\"https:\/\/malabarhotel.pl\/wp-content\/uploads\/2021\/07\/zamosc.png 371w, https:\/\/malabarhotel.pl\/wp-content\/uploads\/2021\/07\/zamosc-300x110.png 300w\" sizes=\"(max-width: 98px) 100vw, 98px\" \/><\/figure>\n\n\n\n<figure class=\"wp-block-image size-large is-resized\"><img decoding=\"async\" loading=\"lazy\" src=\"https:\/\/malabarhotel.pl\/wp-content\/uploads\/2021\/07\/rzeszow.png\" alt=\"\" class=\"wp-image-2773\" width=\"94\" height=\"70\"\/><\/figure>\n","protected":false},"excerpt":{"rendered":"<p>Stanis\u0142aw Ignacy Witkiewicz \u201ePo\u017cegnanie jesieni\u201d to&nbsp;katastroficzna wizja spo\u0142ecze\u0144stwa oddaj\u0105cego si\u0119 w&nbsp;obj\u0119cia totalitaryzmu. Bohaterowie rozpi\u0119ci mi\u0119dzy dwoma jesieniami przez&nbsp;jeden kr\u00f3tki rok do\u015bwiadczaj\u0105 kryzysu sztuki, filozofii i&nbsp;religii, kt\u00f3ry&nbsp;zmiata z&nbsp;powierzchni ziemi \u015bwiat, jaki dot\u0105d znali. Na&nbsp;tym tle ogl\u0105damy erotyczne przygody Atanazego Bazakbala, Heli Bertz i&nbsp;J\u0119drusia \u0141ochojskiego, kt\u00f3rzy&nbsp;pr\u00f3buj\u0105 chwyta\u0107 si\u0119 ka\u017cdej szansy na&nbsp;przetrwanie i&nbsp;popraw\u0119 losu. Kultow\u0105 powie\u015b\u0107 Witkacego opowiadamy&#8230; <\/p>\n","protected":false},"author":1,"featured_media":2587,"parent":0,"menu_order":0,"comment_status":"closed","ping_status":"closed","template":"no-sidebar.php","meta":{"om_disable_all_campaigns":false,"_monsterinsights_skip_tracking":false,"_monsterinsights_sitenote_active":false,"_monsterinsights_sitenote_note":"","_monsterinsights_sitenote_category":0},"_links":{"self":[{"href":"https:\/\/malabarhotel.pl\/index.php\/wp-json\/wp\/v2\/pages\/2580"}],"collection":[{"href":"https:\/\/malabarhotel.pl\/index.php\/wp-json\/wp\/v2\/pages"}],"about":[{"href":"https:\/\/malabarhotel.pl\/index.php\/wp-json\/wp\/v2\/types\/page"}],"author":[{"embeddable":true,"href":"https:\/\/malabarhotel.pl\/index.php\/wp-json\/wp\/v2\/users\/1"}],"replies":[{"embeddable":true,"href":"https:\/\/malabarhotel.pl\/index.php\/wp-json\/wp\/v2\/comments?post=2580"}],"version-history":[{"count":6,"href":"https:\/\/malabarhotel.pl\/index.php\/wp-json\/wp\/v2\/pages\/2580\/revisions"}],"predecessor-version":[{"id":2857,"href":"https:\/\/malabarhotel.pl\/index.php\/wp-json\/wp\/v2\/pages\/2580\/revisions\/2857"}],"wp:featuredmedia":[{"embeddable":true,"href":"https:\/\/malabarhotel.pl\/index.php\/wp-json\/wp\/v2\/media\/2587"}],"wp:attachment":[{"href":"https:\/\/malabarhotel.pl\/index.php\/wp-json\/wp\/v2\/media?parent=2580"}],"curies":[{"name":"wp","href":"https:\/\/api.w.org\/{rel}","templated":true}]}}