{"id":2563,"date":"2021-07-27T18:36:41","date_gmt":"2021-07-27T18:36:41","guid":{"rendered":"http:\/\/malabarhotel.pl\/?page_id=2563"},"modified":"2021-07-30T14:15:48","modified_gmt":"2021-07-30T14:15:48","slug":"grochow","status":"publish","type":"page","link":"https:\/\/malabarhotel.pl\/index.php\/grochow\/","title":{"rendered":"Groch\u00f3w"},"content":{"rendered":"\n<p><strong>Andrzej Stasiuk<\/strong><\/p>\n\n\n\n<p>Od warszawskiego Grochowa, przez Polsk\u0119, a\u017c po Adriatyk \u2013 \u015bmier\u0107 przyjaciela staje si\u0119 pocz\u0105tkiem wewn\u0119trznej podr\u00f3\u017cy po wsp\u00f3lnie zwiedzonych \u015bwiatach. To opowie\u015b\u0107 o powrocie, ale i niemo\u017cliwo\u015bci ucieczki. O \u017cyciu, po m\u0119sku, bez sentymentu.<\/p>\n\n\n\n<p>opieka artystyczna<br><strong>Agnieszka Gli\u0144ska<\/strong><br>scenariusz<br><strong>\u0141ukasz Lewandowski<\/strong><br>przestrze\u0144<br><strong>Monika Nyckowska<\/strong><br>lalki<br><strong>Marcin Bikowski<\/strong><br>muzyka<br><strong>Igor Nikiforow<\/strong><br>kierownik produkcji<br><strong>Anna Garstka<\/strong><\/p>\n\n\n\n<p>obsada<\/p>\n\n\n\n<p><strong>Marcin Bartnikowski<br>Marcin Bikowski<br><a href=\"http:\/\/www.teatrdramatyczny.pl\/lukasz-lewandowski\"><strong>\u0141ukasz Lewandowski<\/strong><\/a><\/strong><\/p>\n\n\n\n<p><strong>Premiera 11 pa\u017adziernika 2019 <\/strong><\/p>\n\n\n\n<div class=\"wp-block-envira-envira-gallery\"><div id=\"envira-gallery-wrap-2846\" class=\"envira-gallery-wrap envira-gallery-theme-base envira-lightbox-theme-base\" itemscope itemtype=\"https:\/\/schema.org\/ImageGallery\"><div style=\"opacity: 0.0\"  data-row-height=\"150\" data-gallery-theme=\"normal\" id=\"envira-gallery-2846\" class=\"envira-gallery-public envira-gallery-justified-public envira-gallery-0-columns envira-clear enviratope envira-gallery-css-animations\" data-envira-columns=\"0\"><div id=\"envira-gallery-item-2570\" class=\"envira-gallery-item enviratope-item envira-gallery-item-1 envira-lazy-load\" style=\"padding-left: 1px; padding-bottom: 1px; padding-right: 1px;\"  itemscope itemtype=\"https:\/\/schema.org\/ImageObject\"><div class=\"envira-gallery-item-inner\"><div class=\"envira-gallery-position-overlay  envira-gallery-top-left\"><\/div><div class=\"envira-gallery-position-overlay  envira-gallery-top-right\"><\/div><div class=\"envira-gallery-position-overlay  envira-gallery-bottom-left\"><\/div><div class=\"envira-gallery-position-overlay  envira-gallery-bottom-right\"><\/div><a href=\"http:\/\/malabarhotel.pl\/wp-content\/uploads\/2021\/07\/BIEL7078.jpg\" class=\"envira-gallery-2846 envira-gallery-link\" rel=\"enviragallery2846\" title=\"BIEL7078\" data-envira-caption=\"BIEL7078\" data-envira-retina=\"\" data-thumbnail=\"\"  itemprop=\"contentUrl\"><img id=\"envira-gallery-image-2570\" class=\"envira-gallery-image envira-gallery-image-1 envira-normal envira-lazy\" data-envira-index=\"1\" src=\"https:\/\/malabarhotel.pl\/wp-content\/uploads\/2021\/07\/BIEL7078-1024x682-640x480.jpg\" data-envira-src=\"https:\/\/malabarhotel.pl\/wp-content\/uploads\/2021\/07\/BIEL7078-1024x682-640x480.jpg\" data-envira-gallery-id=\"2846\" data-envira-item-id=\"2570\" data-envira-caption=\"BIEL7078\" alt=\"\" title=\"BIEL7078\"  itemprop=\"thumbnailUrl\" data-envira-srcset=\"https:\/\/malabarhotel.pl\/wp-content\/uploads\/2021\/07\/BIEL7078-1024x682-640x480.jpg 400w,https:\/\/malabarhotel.pl\/wp-content\/uploads\/2021\/07\/BIEL7078-1024x682-640x480.jpg 2x\" data-envira-width=\"300\" data-envira-height=\"200\" srcset=\"data:image\/gif;base64,R0lGODlhAQABAIAAAP\/\/\/\/\/\/\/yH5BAEKAAEALAAAAAABAAEAAAICTAEAOw==\" data-safe-src=\"data:image\/gif;base64,R0lGODlhAQABAIAAAP\/\/\/\/\/\/\/yH5BAEKAAEALAAAAAABAAEAAAICTAEAOw==\" \/><\/a><\/div><\/div><div id=\"envira-gallery-item-2569\" class=\"envira-gallery-item enviratope-item envira-gallery-item-2 envira-lazy-load\" style=\"padding-left: 1px; padding-bottom: 1px; padding-right: 1px;\"  itemscope itemtype=\"https:\/\/schema.org\/ImageObject\"><div class=\"envira-gallery-item-inner\"><div class=\"envira-gallery-position-overlay  envira-gallery-top-left\"><\/div><div class=\"envira-gallery-position-overlay  envira-gallery-top-right\"><\/div><div class=\"envira-gallery-position-overlay  envira-gallery-bottom-left\"><\/div><div class=\"envira-gallery-position-overlay  envira-gallery-bottom-right\"><\/div><a href=\"http:\/\/malabarhotel.pl\/wp-content\/uploads\/2021\/07\/BIEL6979.jpg\" class=\"envira-gallery-2846 envira-gallery-link\" rel=\"enviragallery2846\" title=\"BIEL6979\" data-envira-caption=\"BIEL6979\" data-envira-retina=\"\" data-thumbnail=\"\"  itemprop=\"contentUrl\"><img id=\"envira-gallery-image-2569\" class=\"envira-gallery-image envira-gallery-image-2 envira-normal envira-lazy\" data-envira-index=\"2\" src=\"https:\/\/malabarhotel.pl\/wp-content\/uploads\/2021\/07\/BIEL6979-1024x682-640x480.jpg\" data-envira-src=\"https:\/\/malabarhotel.pl\/wp-content\/uploads\/2021\/07\/BIEL6979-1024x682-640x480.jpg\" data-envira-gallery-id=\"2846\" data-envira-item-id=\"2569\" data-envira-caption=\"BIEL6979\" alt=\"\" title=\"BIEL6979\"  itemprop=\"thumbnailUrl\" data-envira-srcset=\"https:\/\/malabarhotel.pl\/wp-content\/uploads\/2021\/07\/BIEL6979-1024x682-640x480.jpg 400w,https:\/\/malabarhotel.pl\/wp-content\/uploads\/2021\/07\/BIEL6979-1024x682-640x480.jpg 2x\" data-envira-width=\"300\" data-envira-height=\"200\" srcset=\"data:image\/gif;base64,R0lGODlhAQABAIAAAP\/\/\/\/\/\/\/yH5BAEKAAEALAAAAAABAAEAAAICTAEAOw==\" data-safe-src=\"data:image\/gif;base64,R0lGODlhAQABAIAAAP\/\/\/\/\/\/\/yH5BAEKAAEALAAAAAABAAEAAAICTAEAOw==\" \/><\/a><\/div><\/div><div id=\"envira-gallery-item-2571\" class=\"envira-gallery-item enviratope-item envira-gallery-item-3 envira-lazy-load\" style=\"padding-left: 1px; padding-bottom: 1px; padding-right: 1px;\"  itemscope itemtype=\"https:\/\/schema.org\/ImageObject\"><div class=\"envira-gallery-item-inner\"><div class=\"envira-gallery-position-overlay  envira-gallery-top-left\"><\/div><div class=\"envira-gallery-position-overlay  envira-gallery-top-right\"><\/div><div class=\"envira-gallery-position-overlay  envira-gallery-bottom-left\"><\/div><div class=\"envira-gallery-position-overlay  envira-gallery-bottom-right\"><\/div><a href=\"http:\/\/malabarhotel.pl\/wp-content\/uploads\/2021\/07\/BIEL7495.jpg\" class=\"envira-gallery-2846 envira-gallery-link\" rel=\"enviragallery2846\" title=\"BIEL7495\" data-envira-caption=\"BIEL7495\" data-envira-retina=\"\" data-thumbnail=\"\"  itemprop=\"contentUrl\"><img id=\"envira-gallery-image-2571\" class=\"envira-gallery-image envira-gallery-image-3 envira-normal envira-lazy\" data-envira-index=\"3\" src=\"https:\/\/malabarhotel.pl\/wp-content\/uploads\/2021\/07\/BIEL7495-1024x682-640x480.jpg\" data-envira-src=\"https:\/\/malabarhotel.pl\/wp-content\/uploads\/2021\/07\/BIEL7495-1024x682-640x480.jpg\" data-envira-gallery-id=\"2846\" data-envira-item-id=\"2571\" data-envira-caption=\"BIEL7495\" alt=\"\" title=\"BIEL7495\"  itemprop=\"thumbnailUrl\" data-envira-srcset=\"https:\/\/malabarhotel.pl\/wp-content\/uploads\/2021\/07\/BIEL7495-1024x682-640x480.jpg 400w,https:\/\/malabarhotel.pl\/wp-content\/uploads\/2021\/07\/BIEL7495-1024x682-640x480.jpg 2x\" data-envira-width=\"300\" data-envira-height=\"200\" srcset=\"data:image\/gif;base64,R0lGODlhAQABAIAAAP\/\/\/\/\/\/\/yH5BAEKAAEALAAAAAABAAEAAAICTAEAOw==\" data-safe-src=\"data:image\/gif;base64,R0lGODlhAQABAIAAAP\/\/\/\/\/\/\/yH5BAEKAAEALAAAAAABAAEAAAICTAEAOw==\" \/><\/a><\/div><\/div><div id=\"envira-gallery-item-2568\" class=\"envira-gallery-item enviratope-item envira-gallery-item-4 envira-lazy-load\" style=\"padding-left: 1px; padding-bottom: 1px; padding-right: 1px;\"  itemscope itemtype=\"https:\/\/schema.org\/ImageObject\"><div class=\"envira-gallery-item-inner\"><div class=\"envira-gallery-position-overlay  envira-gallery-top-left\"><\/div><div class=\"envira-gallery-position-overlay  envira-gallery-top-right\"><\/div><div class=\"envira-gallery-position-overlay  envira-gallery-bottom-left\"><\/div><div class=\"envira-gallery-position-overlay  envira-gallery-bottom-right\"><\/div><a href=\"http:\/\/malabarhotel.pl\/wp-content\/uploads\/2021\/07\/BIEL6907.jpg\" class=\"envira-gallery-2846 envira-gallery-link\" rel=\"enviragallery2846\" title=\"BIEL6907\" data-envira-caption=\"BIEL6907\" data-envira-retina=\"\" data-thumbnail=\"\"  itemprop=\"contentUrl\"><img id=\"envira-gallery-image-2568\" class=\"envira-gallery-image envira-gallery-image-4 envira-normal envira-lazy\" data-envira-index=\"4\" src=\"https:\/\/malabarhotel.pl\/wp-content\/uploads\/2021\/07\/BIEL6907-1024x682-640x480.jpg\" data-envira-src=\"https:\/\/malabarhotel.pl\/wp-content\/uploads\/2021\/07\/BIEL6907-1024x682-640x480.jpg\" data-envira-gallery-id=\"2846\" data-envira-item-id=\"2568\" data-envira-caption=\"BIEL6907\" alt=\"\" title=\"BIEL6907\"  itemprop=\"thumbnailUrl\" data-envira-srcset=\"https:\/\/malabarhotel.pl\/wp-content\/uploads\/2021\/07\/BIEL6907-1024x682-640x480.jpg 400w,https:\/\/malabarhotel.pl\/wp-content\/uploads\/2021\/07\/BIEL6907-1024x682-640x480.jpg 2x\" data-envira-width=\"300\" data-envira-height=\"200\" srcset=\"data:image\/gif;base64,R0lGODlhAQABAIAAAP\/\/\/\/\/\/\/yH5BAEKAAEALAAAAAABAAEAAAICTAEAOw==\" data-safe-src=\"data:image\/gif;base64,R0lGODlhAQABAIAAAP\/\/\/\/\/\/\/yH5BAEKAAEALAAAAAABAAEAAAICTAEAOw==\" \/><\/a><\/div><\/div><div id=\"envira-gallery-item-2567\" class=\"envira-gallery-item enviratope-item envira-gallery-item-5 envira-lazy-load\" style=\"padding-left: 1px; padding-bottom: 1px; padding-right: 1px;\"  itemscope itemtype=\"https:\/\/schema.org\/ImageObject\"><div class=\"envira-gallery-item-inner\"><div class=\"envira-gallery-position-overlay  envira-gallery-top-left\"><\/div><div class=\"envira-gallery-position-overlay  envira-gallery-top-right\"><\/div><div class=\"envira-gallery-position-overlay  envira-gallery-bottom-left\"><\/div><div class=\"envira-gallery-position-overlay  envira-gallery-bottom-right\"><\/div><a href=\"http:\/\/malabarhotel.pl\/wp-content\/uploads\/2021\/07\/BIEL7182.jpg\" class=\"envira-gallery-2846 envira-gallery-link\" rel=\"enviragallery2846\" title=\"BIEL7182\" data-envira-caption=\"BIEL7182\" data-envira-retina=\"\" data-thumbnail=\"\"  itemprop=\"contentUrl\"><img id=\"envira-gallery-image-2567\" class=\"envira-gallery-image envira-gallery-image-5 envira-normal envira-lazy\" data-envira-index=\"5\" src=\"https:\/\/malabarhotel.pl\/wp-content\/uploads\/2021\/07\/BIEL7182-1024x682-640x480.jpg\" data-envira-src=\"https:\/\/malabarhotel.pl\/wp-content\/uploads\/2021\/07\/BIEL7182-1024x682-640x480.jpg\" data-envira-gallery-id=\"2846\" data-envira-item-id=\"2567\" data-envira-caption=\"BIEL7182\" alt=\"\" title=\"BIEL7182\"  itemprop=\"thumbnailUrl\" data-envira-srcset=\"https:\/\/malabarhotel.pl\/wp-content\/uploads\/2021\/07\/BIEL7182-1024x682-640x480.jpg 400w,https:\/\/malabarhotel.pl\/wp-content\/uploads\/2021\/07\/BIEL7182-1024x682-640x480.jpg 2x\" data-envira-width=\"300\" data-envira-height=\"200\" srcset=\"data:image\/gif;base64,R0lGODlhAQABAIAAAP\/\/\/\/\/\/\/yH5BAEKAAEALAAAAAABAAEAAAICTAEAOw==\" data-safe-src=\"data:image\/gif;base64,R0lGODlhAQABAIAAAP\/\/\/\/\/\/\/yH5BAEKAAEALAAAAAABAAEAAAICTAEAOw==\" \/><\/a><\/div><\/div><div id=\"envira-gallery-item-2566\" class=\"envira-gallery-item enviratope-item envira-gallery-item-6 envira-lazy-load\" style=\"padding-left: 1px; padding-bottom: 1px; padding-right: 1px;\"  itemscope itemtype=\"https:\/\/schema.org\/ImageObject\"><div class=\"envira-gallery-item-inner\"><div class=\"envira-gallery-position-overlay  envira-gallery-top-left\"><\/div><div class=\"envira-gallery-position-overlay  envira-gallery-top-right\"><\/div><div class=\"envira-gallery-position-overlay  envira-gallery-bottom-left\"><\/div><div class=\"envira-gallery-position-overlay  envira-gallery-bottom-right\"><\/div><a href=\"http:\/\/malabarhotel.pl\/wp-content\/uploads\/2021\/07\/BIEL7241.jpg\" class=\"envira-gallery-2846 envira-gallery-link\" rel=\"enviragallery2846\" title=\"BIEL7241\" data-envira-caption=\"BIEL7241\" data-envira-retina=\"\" data-thumbnail=\"\"  itemprop=\"contentUrl\"><img id=\"envira-gallery-image-2566\" class=\"envira-gallery-image envira-gallery-image-6 envira-normal envira-lazy\" data-envira-index=\"6\" src=\"https:\/\/malabarhotel.pl\/wp-content\/uploads\/2021\/07\/BIEL7241-1024x682-640x480.jpg\" data-envira-src=\"https:\/\/malabarhotel.pl\/wp-content\/uploads\/2021\/07\/BIEL7241-1024x682-640x480.jpg\" data-envira-gallery-id=\"2846\" data-envira-item-id=\"2566\" data-envira-caption=\"BIEL7241\" alt=\"\" title=\"BIEL7241\"  itemprop=\"thumbnailUrl\" data-envira-srcset=\"https:\/\/malabarhotel.pl\/wp-content\/uploads\/2021\/07\/BIEL7241-1024x682-640x480.jpg 400w,https:\/\/malabarhotel.pl\/wp-content\/uploads\/2021\/07\/BIEL7241-1024x682-640x480.jpg 2x\" data-envira-width=\"300\" data-envira-height=\"200\" srcset=\"data:image\/gif;base64,R0lGODlhAQABAIAAAP\/\/\/\/\/\/\/yH5BAEKAAEALAAAAAABAAEAAAICTAEAOw==\" data-safe-src=\"data:image\/gif;base64,R0lGODlhAQABAIAAAP\/\/\/\/\/\/\/yH5BAEKAAEALAAAAAABAAEAAAICTAEAOw==\" \/><\/a><\/div><\/div><div id=\"envira-gallery-item-2565\" class=\"envira-gallery-item enviratope-item envira-gallery-item-7 envira-lazy-load\" style=\"padding-left: 1px; padding-bottom: 1px; padding-right: 1px;\"  itemscope itemtype=\"https:\/\/schema.org\/ImageObject\"><div class=\"envira-gallery-item-inner\"><div class=\"envira-gallery-position-overlay  envira-gallery-top-left\"><\/div><div class=\"envira-gallery-position-overlay  envira-gallery-top-right\"><\/div><div class=\"envira-gallery-position-overlay  envira-gallery-bottom-left\"><\/div><div class=\"envira-gallery-position-overlay  envira-gallery-bottom-right\"><\/div><a href=\"http:\/\/malabarhotel.pl\/wp-content\/uploads\/2021\/07\/BIEL7300-1.jpg\" class=\"envira-gallery-2846 envira-gallery-link\" rel=\"enviragallery2846\" title=\"BIEL7300-1\" data-envira-caption=\"BIEL7300-1\" data-envira-retina=\"\" data-thumbnail=\"\"  itemprop=\"contentUrl\"><img id=\"envira-gallery-image-2565\" class=\"envira-gallery-image envira-gallery-image-7 envira-normal envira-lazy\" data-envira-index=\"7\" src=\"https:\/\/malabarhotel.pl\/wp-content\/uploads\/2021\/07\/BIEL7300-1-1024x682-640x480.jpg\" data-envira-src=\"https:\/\/malabarhotel.pl\/wp-content\/uploads\/2021\/07\/BIEL7300-1-1024x682-640x480.jpg\" data-envira-gallery-id=\"2846\" data-envira-item-id=\"2565\" data-envira-caption=\"BIEL7300-1\" alt=\"\" title=\"BIEL7300-1\"  itemprop=\"thumbnailUrl\" data-envira-srcset=\"https:\/\/malabarhotel.pl\/wp-content\/uploads\/2021\/07\/BIEL7300-1-1024x682-640x480.jpg 400w,https:\/\/malabarhotel.pl\/wp-content\/uploads\/2021\/07\/BIEL7300-1-1024x682-640x480.jpg 2x\" data-envira-width=\"300\" data-envira-height=\"200\" srcset=\"data:image\/gif;base64,R0lGODlhAQABAIAAAP\/\/\/\/\/\/\/yH5BAEKAAEALAAAAAABAAEAAAICTAEAOw==\" data-safe-src=\"data:image\/gif;base64,R0lGODlhAQABAIAAAP\/\/\/\/\/\/\/yH5BAEKAAEALAAAAAABAAEAAAICTAEAOw==\" \/><\/a><\/div><\/div><div id=\"envira-gallery-item-2564\" class=\"envira-gallery-item enviratope-item envira-gallery-item-8 envira-lazy-load\" style=\"padding-left: 1px; padding-bottom: 1px; padding-right: 1px;\"  itemscope itemtype=\"https:\/\/schema.org\/ImageObject\"><div class=\"envira-gallery-item-inner\"><div class=\"envira-gallery-position-overlay  envira-gallery-top-left\"><\/div><div class=\"envira-gallery-position-overlay  envira-gallery-top-right\"><\/div><div class=\"envira-gallery-position-overlay  envira-gallery-bottom-left\"><\/div><div class=\"envira-gallery-position-overlay  envira-gallery-bottom-right\"><\/div><a href=\"http:\/\/malabarhotel.pl\/wp-content\/uploads\/2021\/07\/BIEL7343-4.jpg\" class=\"envira-gallery-2846 envira-gallery-link\" rel=\"enviragallery2846\" title=\"BIEL7343-4\" data-envira-caption=\"BIEL7343-4\" data-envira-retina=\"\" data-thumbnail=\"\"  itemprop=\"contentUrl\"><img id=\"envira-gallery-image-2564\" class=\"envira-gallery-image envira-gallery-image-8 envira-normal envira-lazy\" data-envira-index=\"8\" src=\"https:\/\/malabarhotel.pl\/wp-content\/uploads\/2021\/07\/BIEL7343-4-1024x682-640x480.jpg\" data-envira-src=\"https:\/\/malabarhotel.pl\/wp-content\/uploads\/2021\/07\/BIEL7343-4-1024x682-640x480.jpg\" data-envira-gallery-id=\"2846\" data-envira-item-id=\"2564\" data-envira-caption=\"BIEL7343-4\" alt=\"\" title=\"BIEL7343-4\"  itemprop=\"thumbnailUrl\" data-envira-srcset=\"https:\/\/malabarhotel.pl\/wp-content\/uploads\/2021\/07\/BIEL7343-4-1024x682-640x480.jpg 400w,https:\/\/malabarhotel.pl\/wp-content\/uploads\/2021\/07\/BIEL7343-4-1024x682-640x480.jpg 2x\" data-envira-width=\"300\" data-envira-height=\"200\" srcset=\"data:image\/gif;base64,R0lGODlhAQABAIAAAP\/\/\/\/\/\/\/yH5BAEKAAEALAAAAAABAAEAAAICTAEAOw==\" data-safe-src=\"data:image\/gif;base64,R0lGODlhAQABAIAAAP\/\/\/\/\/\/\/yH5BAEKAAEALAAAAAABAAEAAAICTAEAOw==\" \/><\/a><\/div><\/div><\/div><\/div><noscript><img src=\"https:\/\/malabarhotel.pl\/wp-content\/uploads\/2021\/07\/BIEL7078.jpg\" alt=\"\" \/><img src=\"https:\/\/malabarhotel.pl\/wp-content\/uploads\/2021\/07\/BIEL6979.jpg\" alt=\"\" \/><img src=\"https:\/\/malabarhotel.pl\/wp-content\/uploads\/2021\/07\/BIEL7495.jpg\" alt=\"\" \/><img src=\"https:\/\/malabarhotel.pl\/wp-content\/uploads\/2021\/07\/BIEL6907.jpg\" alt=\"\" \/><img src=\"https:\/\/malabarhotel.pl\/wp-content\/uploads\/2021\/07\/BIEL7182.jpg\" alt=\"\" \/><img src=\"https:\/\/malabarhotel.pl\/wp-content\/uploads\/2021\/07\/BIEL7241.jpg\" alt=\"\" \/><img src=\"https:\/\/malabarhotel.pl\/wp-content\/uploads\/2021\/07\/BIEL7300-1.jpg\" alt=\"\" \/><img src=\"https:\/\/malabarhotel.pl\/wp-content\/uploads\/2021\/07\/BIEL7343-4.jpg\" alt=\"\" \/><\/noscript><\/div>\n\n\n\n<p>foto Krzysztof Bieli\u0144ski<\/p>\n\n\n\n<p>Spektakl zosta\u0142 zrealizowany w ramach Stypendium Ministerstwa kultury Dziedzictwa narodowego, przyznanego \u0141ukaszowi Lewandowskiemu<\/p>\n\n\n\n<figure class=\"wp-block-image size-large is-resized\"><img decoding=\"async\" loading=\"lazy\" src=\"http:\/\/malabarhotel.pl\/wp-content\/uploads\/2021\/07\/mkidn_logo.jpg\" alt=\"\" class=\"wp-image-2578\" width=\"77\" height=\"77\" srcset=\"https:\/\/malabarhotel.pl\/wp-content\/uploads\/2021\/07\/mkidn_logo.jpg 300w, https:\/\/malabarhotel.pl\/wp-content\/uploads\/2021\/07\/mkidn_logo-150x150.jpg 150w\" sizes=\"(max-width: 77px) 100vw, 77px\" \/><\/figure>\n","protected":false},"excerpt":{"rendered":"<p>Andrzej Stasiuk Od warszawskiego Grochowa, przez Polsk\u0119, a\u017c po Adriatyk \u2013 \u015bmier\u0107 przyjaciela staje si\u0119 pocz\u0105tkiem wewn\u0119trznej podr\u00f3\u017cy po wsp\u00f3lnie zwiedzonych \u015bwiatach. To opowie\u015b\u0107 o powrocie, ale i niemo\u017cliwo\u015bci ucieczki. O \u017cyciu, po m\u0119sku, bez sentymentu. opieka artystycznaAgnieszka Gli\u0144skascenariusz\u0141ukasz Lewandowskiprzestrze\u0144Monika NyckowskalalkiMarcin BikowskimuzykaIgor Nikiforowkierownik produkcjiAnna Garstka obsada Marcin BartnikowskiMarcin Bikowski\u0141ukasz Lewandowski Premiera 11 pa\u017adziernika 2019 foto&#8230; <\/p>\n","protected":false},"author":1,"featured_media":2572,"parent":0,"menu_order":0,"comment_status":"closed","ping_status":"closed","template":"no-sidebar.php","meta":{"om_disable_all_campaigns":false,"_monsterinsights_skip_tracking":false,"_monsterinsights_sitenote_active":false,"_monsterinsights_sitenote_note":"","_monsterinsights_sitenote_category":0},"_links":{"self":[{"href":"https:\/\/malabarhotel.pl\/index.php\/wp-json\/wp\/v2\/pages\/2563"}],"collection":[{"href":"https:\/\/malabarhotel.pl\/index.php\/wp-json\/wp\/v2\/pages"}],"about":[{"href":"https:\/\/malabarhotel.pl\/index.php\/wp-json\/wp\/v2\/types\/page"}],"author":[{"embeddable":true,"href":"https:\/\/malabarhotel.pl\/index.php\/wp-json\/wp\/v2\/users\/1"}],"replies":[{"embeddable":true,"href":"https:\/\/malabarhotel.pl\/index.php\/wp-json\/wp\/v2\/comments?post=2563"}],"version-history":[{"count":8,"href":"https:\/\/malabarhotel.pl\/index.php\/wp-json\/wp\/v2\/pages\/2563\/revisions"}],"predecessor-version":[{"id":2854,"href":"https:\/\/malabarhotel.pl\/index.php\/wp-json\/wp\/v2\/pages\/2563\/revisions\/2854"}],"wp:featuredmedia":[{"embeddable":true,"href":"https:\/\/malabarhotel.pl\/index.php\/wp-json\/wp\/v2\/media\/2572"}],"wp:attachment":[{"href":"https:\/\/malabarhotel.pl\/index.php\/wp-json\/wp\/v2\/media?parent=2563"}],"curies":[{"name":"wp","href":"https:\/\/api.w.org\/{rel}","templated":true}]}}