{"id":2536,"date":"2021-07-27T18:21:47","date_gmt":"2021-07-27T18:21:47","guid":{"rendered":"http:\/\/malabarhotel.pl\/?page_id=2536"},"modified":"2021-07-30T14:13:03","modified_gmt":"2021-07-30T14:13:03","slug":"ferdydurke","status":"publish","type":"page","link":"https:\/\/malabarhotel.pl\/index.php\/ferdydurke\/","title":{"rendered":"Ferdydurke"},"content":{"rendered":"\n<p><strong>Witold Gombrowicz<\/strong><\/p>\n\n\n\n<p>Trzydziestoletni J\u00f3zio prze\u017cywa istny horror. Horror egzystencjalny. \u015awiat poddaje go torturom, wciskaj\u0105c na powr\u00f3t w szkoln\u0105 \u0142awk\u0119 &#8211; za ma\u0142\u0105 i obklejon\u0105 wy\u017cut\u0105 gum\u0105. T\u0142amsi nowoczesno\u015b\u0107 trend\u00f3w, mierzi zat\u0119ch\u0142o\u015b\u0107 ziemia\u0144skiego dworku. Torturuje wreszcie J\u00f3zio sam siebie: wstydem, l\u0119kiem i kompleksami. Pragnie si\u0119 ukszta\u0142towa\u0107, a jednocze\u015bnie chce pozosta\u0107 niedookre\u015blony. Jednak nie mo\u017ce uciec przed g\u0119b\u0105 inaczej, jak tylko w inn\u0105 g\u0119b\u0119. Nie wie kim jest, ale wie, kiedy go deformuj\u0105.<\/p>\n\n\n\n<p>Stoj\u0105cy za sukcesem \u201eMistrza i Ma\u0142gorzaty\u201d Teatr Malabar Hotel wraz z Teatrem Dramatycznym tym razem przedstawiaj\u0105 kanon literatury polskiej &#8211; FERDYDURKE. Zjawiskowo\u015b\u0107 scenografii, lalki i maski tworz\u0105ce szale\u0144stwo p\u00f3\u0142snu, sprawiaj\u0105, \u017ce adaptacja powie\u015bci jest wyj\u0105tkowa, a jednocze\u015bnie bardzo wierna Gombrowiczowi. FERDYDURKE staje si\u0119 horrorem egzystencjalnym, kt\u00f3ry zachwyca. Bo jak ma nie zachwyca\u0107, skoro zachwyca?<\/p>\n\n\n\n<p>re\u017cyseria<br><strong>Magdalena Miklasz<\/strong><br>adaptacja&nbsp;<br><strong>Maciej Podstawny<\/strong><br>scenografia<br><strong>\u200bKatarzyna Borkowska<\/strong><br>kostiumy<br><strong>\u200bPaula Grocholska&nbsp;<\/strong><br>muzyka<br><strong>\u200bAnna Stela<\/strong>&nbsp;<br>lalki<br>\u200b<strong>Marcin Bikowski&nbsp;<\/strong><br>asystent re\u017cyserki<br><strong>\u200bMicha\u0142 Karwowski&nbsp;<\/strong><\/p>\n\n\n\n<p>obsada<\/p>\n\n\n\n<p><strong><a href=\"https:\/\/teatrdramatyczny.pl\/waldemar-barwinski\"><strong>Waldemar Barwi\u0144ski<\/strong><\/a><\/strong><em>J\u00f3zio<\/em><br><strong><a href=\"https:\/\/teatrdramatyczny.pl\/anna-gorajska\"><strong>Anna Gorajska<\/strong><\/a><\/strong><em>Zuta, Myzdral, Kopyrda, Hurlecka<\/em><br><strong><a href=\"https:\/\/teatrdramatyczny.pl\/magdalena-smalara\"><strong>Magdalena Smalara<\/strong><\/a><\/strong>&nbsp;(go\u015bcinnie)&nbsp;<em>M\u0142odziakowa, Pyzo, Zygmunt<\/em><br><strong><a href=\"https:\/\/teatrdramatyczny.pl\/mateusz-weber\"><strong>Mateusz Weber<\/strong><\/a><\/strong><em>Syfon, Walek<\/em><br><strong><a href=\"https:\/\/teatrdramatyczny.pl\/lukasz-wojcik\"><strong>\u0141ukasz W\u00f3jcik<\/strong><\/a><\/strong><em>Pimko, Hurlecki<\/em><br><strong>Marcin Bartnikowski&nbsp;<\/strong><em>M\u0142odziak, Hopek, S\u0142uga Franciszek<\/em><br><strong>Marcin Bikowski<\/strong><em>Mi\u0119tus<\/em><br><strong><a href=\"https:\/\/teatrdramatyczny.pl\/anna-stela\"><strong>Anna Stela<\/strong><\/a>&nbsp;<\/strong><em>Uczennica Zos<\/em>ia<\/p>\n\n\n\n<p><strong>Premiera 29 czerwca 2018<\/strong><\/p>\n\n\n\n<div class=\"wp-block-envira-envira-gallery\"><div id=\"envira-gallery-wrap-2839\" class=\"envira-gallery-wrap envira-gallery-theme-base envira-lightbox-theme-base\" itemscope itemtype=\"https:\/\/schema.org\/ImageGallery\"><div style=\"opacity: 0.0\"  data-row-height=\"150\" data-gallery-theme=\"normal\" id=\"envira-gallery-2839\" class=\"envira-gallery-public envira-gallery-justified-public envira-gallery-0-columns envira-clear enviratope envira-gallery-css-animations\" data-envira-columns=\"0\"><div id=\"envira-gallery-item-2560\" class=\"envira-gallery-item enviratope-item envira-gallery-item-1 envira-lazy-load\" style=\"padding-left: 1px; padding-bottom: 1px; padding-right: 1px;\"  itemscope itemtype=\"https:\/\/schema.org\/ImageObject\"><div class=\"envira-gallery-item-inner\"><div class=\"envira-gallery-position-overlay  envira-gallery-top-left\"><\/div><div class=\"envira-gallery-position-overlay  envira-gallery-top-right\"><\/div><div class=\"envira-gallery-position-overlay  envira-gallery-bottom-left\"><\/div><div class=\"envira-gallery-position-overlay  envira-gallery-bottom-right\"><\/div><a href=\"http:\/\/malabarhotel.pl\/wp-content\/uploads\/2021\/07\/FERDYDURKE-fotosy-PRINT-fot-kasia-chmura-18360.jpg\" class=\"envira-gallery-2839 envira-gallery-link\" rel=\"enviragallery2839\" title=\"FERDYDURKE-fotosy-PRINT-fot-kasia-chmura-18360\" data-envira-caption=\"FERDYDURKE-fotosy-PRINT-fot-kasia-chmura-18360\" data-envira-retina=\"\" data-thumbnail=\"\"  itemprop=\"contentUrl\"><img id=\"envira-gallery-image-2560\" class=\"envira-gallery-image envira-gallery-image-1 envira-normal envira-lazy\" data-envira-index=\"1\" src=\"https:\/\/malabarhotel.pl\/wp-content\/uploads\/2021\/07\/FERDYDURKE-fotosy-PRINT-fot-kasia-chmura-18360-1024x683-640x480.jpg\" data-envira-src=\"https:\/\/malabarhotel.pl\/wp-content\/uploads\/2021\/07\/FERDYDURKE-fotosy-PRINT-fot-kasia-chmura-18360-1024x683-640x480.jpg\" data-envira-gallery-id=\"2839\" data-envira-item-id=\"2560\" data-envira-caption=\"FERDYDURKE-fotosy-PRINT-fot-kasia-chmura-18360\" alt=\"\" title=\"FERDYDURKE-fotosy-PRINT-fot-kasia-chmura-18360\"  itemprop=\"thumbnailUrl\" data-envira-srcset=\"https:\/\/malabarhotel.pl\/wp-content\/uploads\/2021\/07\/FERDYDURKE-fotosy-PRINT-fot-kasia-chmura-18360-1024x683-640x480.jpg 400w,https:\/\/malabarhotel.pl\/wp-content\/uploads\/2021\/07\/FERDYDURKE-fotosy-PRINT-fot-kasia-chmura-18360-1024x683-640x480.jpg 2x\" data-envira-width=\"300\" data-envira-height=\"200\" srcset=\"data:image\/gif;base64,R0lGODlhAQABAIAAAP\/\/\/\/\/\/\/yH5BAEKAAEALAAAAAABAAEAAAICTAEAOw==\" data-safe-src=\"data:image\/gif;base64,R0lGODlhAQABAIAAAP\/\/\/\/\/\/\/yH5BAEKAAEALAAAAAABAAEAAAICTAEAOw==\" \/><\/a><\/div><\/div><div id=\"envira-gallery-item-2559\" class=\"envira-gallery-item enviratope-item envira-gallery-item-2 envira-lazy-load\" style=\"padding-left: 1px; padding-bottom: 1px; padding-right: 1px;\"  itemscope itemtype=\"https:\/\/schema.org\/ImageObject\"><div class=\"envira-gallery-item-inner\"><div class=\"envira-gallery-position-overlay  envira-gallery-top-left\"><\/div><div class=\"envira-gallery-position-overlay  envira-gallery-top-right\"><\/div><div class=\"envira-gallery-position-overlay  envira-gallery-bottom-left\"><\/div><div class=\"envira-gallery-position-overlay  envira-gallery-bottom-right\"><\/div><a href=\"http:\/\/malabarhotel.pl\/wp-content\/uploads\/2021\/07\/FERDYDURKE-fotosy-PRINT-fot-kasia-chmura-18108.jpg\" class=\"envira-gallery-2839 envira-gallery-link\" rel=\"enviragallery2839\" title=\"FERDYDURKE-fotosy-PRINT-fot-kasia-chmura-18108\" data-envira-caption=\"FERDYDURKE-fotosy-PRINT-fot-kasia-chmura-18108\" data-envira-retina=\"\" data-thumbnail=\"\"  itemprop=\"contentUrl\"><img id=\"envira-gallery-image-2559\" class=\"envira-gallery-image envira-gallery-image-2 envira-normal envira-lazy\" data-envira-index=\"2\" src=\"https:\/\/malabarhotel.pl\/wp-content\/uploads\/2021\/07\/FERDYDURKE-fotosy-PRINT-fot-kasia-chmura-18108-1024x683-640x480.jpg\" data-envira-src=\"https:\/\/malabarhotel.pl\/wp-content\/uploads\/2021\/07\/FERDYDURKE-fotosy-PRINT-fot-kasia-chmura-18108-1024x683-640x480.jpg\" data-envira-gallery-id=\"2839\" data-envira-item-id=\"2559\" data-envira-caption=\"FERDYDURKE-fotosy-PRINT-fot-kasia-chmura-18108\" alt=\"\" title=\"FERDYDURKE-fotosy-PRINT-fot-kasia-chmura-18108\"  itemprop=\"thumbnailUrl\" data-envira-srcset=\"https:\/\/malabarhotel.pl\/wp-content\/uploads\/2021\/07\/FERDYDURKE-fotosy-PRINT-fot-kasia-chmura-18108-1024x683-640x480.jpg 400w,https:\/\/malabarhotel.pl\/wp-content\/uploads\/2021\/07\/FERDYDURKE-fotosy-PRINT-fot-kasia-chmura-18108-1024x683-640x480.jpg 2x\" data-envira-width=\"300\" data-envira-height=\"200\" srcset=\"data:image\/gif;base64,R0lGODlhAQABAIAAAP\/\/\/\/\/\/\/yH5BAEKAAEALAAAAAABAAEAAAICTAEAOw==\" data-safe-src=\"data:image\/gif;base64,R0lGODlhAQABAIAAAP\/\/\/\/\/\/\/yH5BAEKAAEALAAAAAABAAEAAAICTAEAOw==\" \/><\/a><\/div><\/div><div id=\"envira-gallery-item-2558\" class=\"envira-gallery-item enviratope-item envira-gallery-item-3 envira-lazy-load\" style=\"padding-left: 1px; padding-bottom: 1px; padding-right: 1px;\"  itemscope itemtype=\"https:\/\/schema.org\/ImageObject\"><div class=\"envira-gallery-item-inner\"><div class=\"envira-gallery-position-overlay  envira-gallery-top-left\"><\/div><div class=\"envira-gallery-position-overlay  envira-gallery-top-right\"><\/div><div class=\"envira-gallery-position-overlay  envira-gallery-bottom-left\"><\/div><div class=\"envira-gallery-position-overlay  envira-gallery-bottom-right\"><\/div><a href=\"http:\/\/malabarhotel.pl\/wp-content\/uploads\/2021\/07\/FERDYDURKE-fotosy-PRINT-fot-kasia-chmura-17926.jpg\" class=\"envira-gallery-2839 envira-gallery-link\" rel=\"enviragallery2839\" title=\"FERDYDURKE-fotosy-PRINT-fot-kasia-chmura-17926\" data-envira-caption=\"FERDYDURKE-fotosy-PRINT-fot-kasia-chmura-17926\" data-envira-retina=\"\" data-thumbnail=\"\"  itemprop=\"contentUrl\"><img id=\"envira-gallery-image-2558\" class=\"envira-gallery-image envira-gallery-image-3 envira-normal envira-lazy\" data-envira-index=\"3\" src=\"https:\/\/malabarhotel.pl\/wp-content\/uploads\/2021\/07\/FERDYDURKE-fotosy-PRINT-fot-kasia-chmura-17926-683x1024-640x480.jpg\" data-envira-src=\"https:\/\/malabarhotel.pl\/wp-content\/uploads\/2021\/07\/FERDYDURKE-fotosy-PRINT-fot-kasia-chmura-17926-683x1024-640x480.jpg\" data-envira-gallery-id=\"2839\" data-envira-item-id=\"2558\" data-envira-caption=\"FERDYDURKE-fotosy-PRINT-fot-kasia-chmura-17926\" alt=\"\" title=\"FERDYDURKE-fotosy-PRINT-fot-kasia-chmura-17926\"  itemprop=\"thumbnailUrl\" data-envira-srcset=\"https:\/\/malabarhotel.pl\/wp-content\/uploads\/2021\/07\/FERDYDURKE-fotosy-PRINT-fot-kasia-chmura-17926-683x1024-640x480.jpg 400w,https:\/\/malabarhotel.pl\/wp-content\/uploads\/2021\/07\/FERDYDURKE-fotosy-PRINT-fot-kasia-chmura-17926-683x1024-640x480.jpg 2x\" data-envira-width=\"200\" data-envira-height=\"300\" srcset=\"data:image\/gif;base64,R0lGODlhAQABAIAAAP\/\/\/\/\/\/\/yH5BAEKAAEALAAAAAABAAEAAAICTAEAOw==\" data-safe-src=\"data:image\/gif;base64,R0lGODlhAQABAIAAAP\/\/\/\/\/\/\/yH5BAEKAAEALAAAAAABAAEAAAICTAEAOw==\" \/><\/a><\/div><\/div><div id=\"envira-gallery-item-2557\" class=\"envira-gallery-item enviratope-item envira-gallery-item-4 envira-lazy-load\" style=\"padding-left: 1px; padding-bottom: 1px; padding-right: 1px;\"  itemscope itemtype=\"https:\/\/schema.org\/ImageObject\"><div class=\"envira-gallery-item-inner\"><div class=\"envira-gallery-position-overlay  envira-gallery-top-left\"><\/div><div class=\"envira-gallery-position-overlay  envira-gallery-top-right\"><\/div><div class=\"envira-gallery-position-overlay  envira-gallery-bottom-left\"><\/div><div class=\"envira-gallery-position-overlay  envira-gallery-bottom-right\"><\/div><a href=\"http:\/\/malabarhotel.pl\/wp-content\/uploads\/2021\/07\/FERDYDURKE-fotosy-PRINT-fot-kasia-chmura-17890-1.jpg\" class=\"envira-gallery-2839 envira-gallery-link\" rel=\"enviragallery2839\" title=\"FERDYDURKE-fotosy-PRINT-fot-kasia-chmura-17890-1\" data-envira-caption=\"FERDYDURKE-fotosy-PRINT-fot-kasia-chmura-17890-1\" data-envira-retina=\"\" data-thumbnail=\"\"  itemprop=\"contentUrl\"><img id=\"envira-gallery-image-2557\" class=\"envira-gallery-image envira-gallery-image-4 envira-normal envira-lazy\" data-envira-index=\"4\" src=\"https:\/\/malabarhotel.pl\/wp-content\/uploads\/2021\/07\/FERDYDURKE-fotosy-PRINT-fot-kasia-chmura-17890-1-1024x683-640x480.jpg\" data-envira-src=\"https:\/\/malabarhotel.pl\/wp-content\/uploads\/2021\/07\/FERDYDURKE-fotosy-PRINT-fot-kasia-chmura-17890-1-1024x683-640x480.jpg\" data-envira-gallery-id=\"2839\" data-envira-item-id=\"2557\" data-envira-caption=\"FERDYDURKE-fotosy-PRINT-fot-kasia-chmura-17890-1\" alt=\"\" title=\"FERDYDURKE-fotosy-PRINT-fot-kasia-chmura-17890-1\"  itemprop=\"thumbnailUrl\" data-envira-srcset=\"https:\/\/malabarhotel.pl\/wp-content\/uploads\/2021\/07\/FERDYDURKE-fotosy-PRINT-fot-kasia-chmura-17890-1-1024x683-640x480.jpg 400w,https:\/\/malabarhotel.pl\/wp-content\/uploads\/2021\/07\/FERDYDURKE-fotosy-PRINT-fot-kasia-chmura-17890-1-1024x683-640x480.jpg 2x\" data-envira-width=\"300\" data-envira-height=\"200\" srcset=\"data:image\/gif;base64,R0lGODlhAQABAIAAAP\/\/\/\/\/\/\/yH5BAEKAAEALAAAAAABAAEAAAICTAEAOw==\" data-safe-src=\"data:image\/gif;base64,R0lGODlhAQABAIAAAP\/\/\/\/\/\/\/yH5BAEKAAEALAAAAAABAAEAAAICTAEAOw==\" \/><\/a><\/div><\/div><div id=\"envira-gallery-item-2556\" class=\"envira-gallery-item enviratope-item envira-gallery-item-5 envira-lazy-load\" style=\"padding-left: 1px; padding-bottom: 1px; padding-right: 1px;\"  itemscope itemtype=\"https:\/\/schema.org\/ImageObject\"><div class=\"envira-gallery-item-inner\"><div class=\"envira-gallery-position-overlay  envira-gallery-top-left\"><\/div><div class=\"envira-gallery-position-overlay  envira-gallery-top-right\"><\/div><div class=\"envira-gallery-position-overlay  envira-gallery-bottom-left\"><\/div><div class=\"envira-gallery-position-overlay  envira-gallery-bottom-right\"><\/div><a href=\"http:\/\/malabarhotel.pl\/wp-content\/uploads\/2021\/07\/FERDYDURKE-fotosy-PRINT-fot-kasia-chmura-11822.jpg\" class=\"envira-gallery-2839 envira-gallery-link\" rel=\"enviragallery2839\" title=\"FERDYDURKE-fotosy-PRINT-fot-kasia-chmura-11822\" data-envira-caption=\"FERDYDURKE-fotosy-PRINT-fot-kasia-chmura-11822\" data-envira-retina=\"\" data-thumbnail=\"\"  itemprop=\"contentUrl\"><img id=\"envira-gallery-image-2556\" class=\"envira-gallery-image envira-gallery-image-5 envira-normal envira-lazy\" data-envira-index=\"5\" src=\"https:\/\/malabarhotel.pl\/wp-content\/uploads\/2021\/07\/FERDYDURKE-fotosy-PRINT-fot-kasia-chmura-11822-1024x683-640x480.jpg\" data-envira-src=\"https:\/\/malabarhotel.pl\/wp-content\/uploads\/2021\/07\/FERDYDURKE-fotosy-PRINT-fot-kasia-chmura-11822-1024x683-640x480.jpg\" data-envira-gallery-id=\"2839\" data-envira-item-id=\"2556\" data-envira-caption=\"FERDYDURKE-fotosy-PRINT-fot-kasia-chmura-11822\" alt=\"\" title=\"FERDYDURKE-fotosy-PRINT-fot-kasia-chmura-11822\"  itemprop=\"thumbnailUrl\" data-envira-srcset=\"https:\/\/malabarhotel.pl\/wp-content\/uploads\/2021\/07\/FERDYDURKE-fotosy-PRINT-fot-kasia-chmura-11822-1024x683-640x480.jpg 400w,https:\/\/malabarhotel.pl\/wp-content\/uploads\/2021\/07\/FERDYDURKE-fotosy-PRINT-fot-kasia-chmura-11822-1024x683-640x480.jpg 2x\" data-envira-width=\"300\" data-envira-height=\"200\" srcset=\"data:image\/gif;base64,R0lGODlhAQABAIAAAP\/\/\/\/\/\/\/yH5BAEKAAEALAAAAAABAAEAAAICTAEAOw==\" data-safe-src=\"data:image\/gif;base64,R0lGODlhAQABAIAAAP\/\/\/\/\/\/\/yH5BAEKAAEALAAAAAABAAEAAAICTAEAOw==\" \/><\/a><\/div><\/div><div id=\"envira-gallery-item-2555\" class=\"envira-gallery-item enviratope-item envira-gallery-item-6 envira-lazy-load\" style=\"padding-left: 1px; padding-bottom: 1px; padding-right: 1px;\"  itemscope itemtype=\"https:\/\/schema.org\/ImageObject\"><div class=\"envira-gallery-item-inner\"><div class=\"envira-gallery-position-overlay  envira-gallery-top-left\"><\/div><div class=\"envira-gallery-position-overlay  envira-gallery-top-right\"><\/div><div class=\"envira-gallery-position-overlay  envira-gallery-bottom-left\"><\/div><div class=\"envira-gallery-position-overlay  envira-gallery-bottom-right\"><\/div><a href=\"http:\/\/malabarhotel.pl\/wp-content\/uploads\/2021\/07\/FERDYDURKE-fotosy-PRINT-fot-kasia-chmura-11701.jpg\" class=\"envira-gallery-2839 envira-gallery-link\" rel=\"enviragallery2839\" title=\"FERDYDURKE-fotosy-PRINT-fot-kasia-chmura-11701\" data-envira-caption=\"FERDYDURKE-fotosy-PRINT-fot-kasia-chmura-11701\" data-envira-retina=\"\" data-thumbnail=\"\"  itemprop=\"contentUrl\"><img id=\"envira-gallery-image-2555\" class=\"envira-gallery-image envira-gallery-image-6 envira-normal envira-lazy\" data-envira-index=\"6\" src=\"https:\/\/malabarhotel.pl\/wp-content\/uploads\/2021\/07\/FERDYDURKE-fotosy-PRINT-fot-kasia-chmura-11701-1024x683-640x480.jpg\" data-envira-src=\"https:\/\/malabarhotel.pl\/wp-content\/uploads\/2021\/07\/FERDYDURKE-fotosy-PRINT-fot-kasia-chmura-11701-1024x683-640x480.jpg\" data-envira-gallery-id=\"2839\" data-envira-item-id=\"2555\" data-envira-caption=\"FERDYDURKE-fotosy-PRINT-fot-kasia-chmura-11701\" alt=\"\" title=\"FERDYDURKE-fotosy-PRINT-fot-kasia-chmura-11701\"  itemprop=\"thumbnailUrl\" data-envira-srcset=\"https:\/\/malabarhotel.pl\/wp-content\/uploads\/2021\/07\/FERDYDURKE-fotosy-PRINT-fot-kasia-chmura-11701-1024x683-640x480.jpg 400w,https:\/\/malabarhotel.pl\/wp-content\/uploads\/2021\/07\/FERDYDURKE-fotosy-PRINT-fot-kasia-chmura-11701-1024x683-640x480.jpg 2x\" data-envira-width=\"300\" data-envira-height=\"200\" srcset=\"data:image\/gif;base64,R0lGODlhAQABAIAAAP\/\/\/\/\/\/\/yH5BAEKAAEALAAAAAABAAEAAAICTAEAOw==\" data-safe-src=\"data:image\/gif;base64,R0lGODlhAQABAIAAAP\/\/\/\/\/\/\/yH5BAEKAAEALAAAAAABAAEAAAICTAEAOw==\" \/><\/a><\/div><\/div><div id=\"envira-gallery-item-2554\" class=\"envira-gallery-item enviratope-item envira-gallery-item-7 envira-lazy-load\" style=\"padding-left: 1px; padding-bottom: 1px; padding-right: 1px;\"  itemscope itemtype=\"https:\/\/schema.org\/ImageObject\"><div class=\"envira-gallery-item-inner\"><div class=\"envira-gallery-position-overlay  envira-gallery-top-left\"><\/div><div class=\"envira-gallery-position-overlay  envira-gallery-top-right\"><\/div><div class=\"envira-gallery-position-overlay  envira-gallery-bottom-left\"><\/div><div class=\"envira-gallery-position-overlay  envira-gallery-bottom-right\"><\/div><a href=\"http:\/\/malabarhotel.pl\/wp-content\/uploads\/2021\/07\/FERDYDURKE-fotosy-PRINT-fot-kasia-chmura-11383.jpg\" class=\"envira-gallery-2839 envira-gallery-link\" rel=\"enviragallery2839\" title=\"FERDYDURKE-fotosy-PRINT-fot-kasia-chmura-11383\" data-envira-caption=\"FERDYDURKE-fotosy-PRINT-fot-kasia-chmura-11383\" data-envira-retina=\"\" data-thumbnail=\"\"  itemprop=\"contentUrl\"><img id=\"envira-gallery-image-2554\" class=\"envira-gallery-image envira-gallery-image-7 envira-normal envira-lazy\" data-envira-index=\"7\" src=\"https:\/\/malabarhotel.pl\/wp-content\/uploads\/2021\/07\/FERDYDURKE-fotosy-PRINT-fot-kasia-chmura-11383-683x1024-640x480.jpg\" data-envira-src=\"https:\/\/malabarhotel.pl\/wp-content\/uploads\/2021\/07\/FERDYDURKE-fotosy-PRINT-fot-kasia-chmura-11383-683x1024-640x480.jpg\" data-envira-gallery-id=\"2839\" data-envira-item-id=\"2554\" data-envira-caption=\"FERDYDURKE-fotosy-PRINT-fot-kasia-chmura-11383\" alt=\"\" title=\"FERDYDURKE-fotosy-PRINT-fot-kasia-chmura-11383\"  itemprop=\"thumbnailUrl\" data-envira-srcset=\"https:\/\/malabarhotel.pl\/wp-content\/uploads\/2021\/07\/FERDYDURKE-fotosy-PRINT-fot-kasia-chmura-11383-683x1024-640x480.jpg 400w,https:\/\/malabarhotel.pl\/wp-content\/uploads\/2021\/07\/FERDYDURKE-fotosy-PRINT-fot-kasia-chmura-11383-683x1024-640x480.jpg 2x\" data-envira-width=\"200\" data-envira-height=\"300\" srcset=\"data:image\/gif;base64,R0lGODlhAQABAIAAAP\/\/\/\/\/\/\/yH5BAEKAAEALAAAAAABAAEAAAICTAEAOw==\" data-safe-src=\"data:image\/gif;base64,R0lGODlhAQABAIAAAP\/\/\/\/\/\/\/yH5BAEKAAEALAAAAAABAAEAAAICTAEAOw==\" \/><\/a><\/div><\/div><div id=\"envira-gallery-item-2553\" class=\"envira-gallery-item enviratope-item envira-gallery-item-8 envira-lazy-load\" style=\"padding-left: 1px; padding-bottom: 1px; padding-right: 1px;\"  itemscope itemtype=\"https:\/\/schema.org\/ImageObject\"><div class=\"envira-gallery-item-inner\"><div class=\"envira-gallery-position-overlay  envira-gallery-top-left\"><\/div><div class=\"envira-gallery-position-overlay  envira-gallery-top-right\"><\/div><div class=\"envira-gallery-position-overlay  envira-gallery-bottom-left\"><\/div><div class=\"envira-gallery-position-overlay  envira-gallery-bottom-right\"><\/div><a href=\"http:\/\/malabarhotel.pl\/wp-content\/uploads\/2021\/07\/FERDYDURKE-fotosy-PRINT-fot-kasia-chmura-10827.jpg\" class=\"envira-gallery-2839 envira-gallery-link\" rel=\"enviragallery2839\" title=\"FERDYDURKE-fotosy-PRINT-fot-kasia-chmura-10827\" data-envira-caption=\"FERDYDURKE-fotosy-PRINT-fot-kasia-chmura-10827\" data-envira-retina=\"\" data-thumbnail=\"\"  itemprop=\"contentUrl\"><img id=\"envira-gallery-image-2553\" class=\"envira-gallery-image envira-gallery-image-8 envira-normal envira-lazy\" data-envira-index=\"8\" src=\"https:\/\/malabarhotel.pl\/wp-content\/uploads\/2021\/07\/FERDYDURKE-fotosy-PRINT-fot-kasia-chmura-10827-1024x683-640x480.jpg\" data-envira-src=\"https:\/\/malabarhotel.pl\/wp-content\/uploads\/2021\/07\/FERDYDURKE-fotosy-PRINT-fot-kasia-chmura-10827-1024x683-640x480.jpg\" data-envira-gallery-id=\"2839\" data-envira-item-id=\"2553\" data-envira-caption=\"FERDYDURKE-fotosy-PRINT-fot-kasia-chmura-10827\" alt=\"\" title=\"FERDYDURKE-fotosy-PRINT-fot-kasia-chmura-10827\"  itemprop=\"thumbnailUrl\" data-envira-srcset=\"https:\/\/malabarhotel.pl\/wp-content\/uploads\/2021\/07\/FERDYDURKE-fotosy-PRINT-fot-kasia-chmura-10827-1024x683-640x480.jpg 400w,https:\/\/malabarhotel.pl\/wp-content\/uploads\/2021\/07\/FERDYDURKE-fotosy-PRINT-fot-kasia-chmura-10827-1024x683-640x480.jpg 2x\" data-envira-width=\"300\" data-envira-height=\"200\" srcset=\"data:image\/gif;base64,R0lGODlhAQABAIAAAP\/\/\/\/\/\/\/yH5BAEKAAEALAAAAAABAAEAAAICTAEAOw==\" data-safe-src=\"data:image\/gif;base64,R0lGODlhAQABAIAAAP\/\/\/\/\/\/\/yH5BAEKAAEALAAAAAABAAEAAAICTAEAOw==\" \/><\/a><\/div><\/div><div id=\"envira-gallery-item-2552\" class=\"envira-gallery-item enviratope-item envira-gallery-item-9 envira-lazy-load\" style=\"padding-left: 1px; padding-bottom: 1px; padding-right: 1px;\"  itemscope itemtype=\"https:\/\/schema.org\/ImageObject\"><div class=\"envira-gallery-item-inner\"><div class=\"envira-gallery-position-overlay  envira-gallery-top-left\"><\/div><div class=\"envira-gallery-position-overlay  envira-gallery-top-right\"><\/div><div class=\"envira-gallery-position-overlay  envira-gallery-bottom-left\"><\/div><div class=\"envira-gallery-position-overlay  envira-gallery-bottom-right\"><\/div><a href=\"http:\/\/malabarhotel.pl\/wp-content\/uploads\/2021\/07\/FERDYDURKE-fotosy-PRINT-fot-kasia-chmura-10521.jpg\" class=\"envira-gallery-2839 envira-gallery-link\" rel=\"enviragallery2839\" title=\"FERDYDURKE-fotosy-PRINT-fot-kasia-chmura-10521\" data-envira-caption=\"FERDYDURKE-fotosy-PRINT-fot-kasia-chmura-10521\" data-envira-retina=\"\" data-thumbnail=\"\"  itemprop=\"contentUrl\"><img id=\"envira-gallery-image-2552\" class=\"envira-gallery-image envira-gallery-image-9 envira-normal envira-lazy\" data-envira-index=\"9\" src=\"https:\/\/malabarhotel.pl\/wp-content\/uploads\/2021\/07\/FERDYDURKE-fotosy-PRINT-fot-kasia-chmura-10521-1024x683-640x480.jpg\" data-envira-src=\"https:\/\/malabarhotel.pl\/wp-content\/uploads\/2021\/07\/FERDYDURKE-fotosy-PRINT-fot-kasia-chmura-10521-1024x683-640x480.jpg\" data-envira-gallery-id=\"2839\" data-envira-item-id=\"2552\" data-envira-caption=\"FERDYDURKE-fotosy-PRINT-fot-kasia-chmura-10521\" alt=\"\" title=\"FERDYDURKE-fotosy-PRINT-fot-kasia-chmura-10521\"  itemprop=\"thumbnailUrl\" data-envira-srcset=\"https:\/\/malabarhotel.pl\/wp-content\/uploads\/2021\/07\/FERDYDURKE-fotosy-PRINT-fot-kasia-chmura-10521-1024x683-640x480.jpg 400w,https:\/\/malabarhotel.pl\/wp-content\/uploads\/2021\/07\/FERDYDURKE-fotosy-PRINT-fot-kasia-chmura-10521-1024x683-640x480.jpg 2x\" data-envira-width=\"300\" data-envira-height=\"200\" srcset=\"data:image\/gif;base64,R0lGODlhAQABAIAAAP\/\/\/\/\/\/\/yH5BAEKAAEALAAAAAABAAEAAAICTAEAOw==\" data-safe-src=\"data:image\/gif;base64,R0lGODlhAQABAIAAAP\/\/\/\/\/\/\/yH5BAEKAAEALAAAAAABAAEAAAICTAEAOw==\" \/><\/a><\/div><\/div><\/div><\/div><noscript><img src=\"https:\/\/malabarhotel.pl\/wp-content\/uploads\/2021\/07\/FERDYDURKE-fotosy-PRINT-fot-kasia-chmura-18360.jpg\" alt=\"\" \/><img src=\"https:\/\/malabarhotel.pl\/wp-content\/uploads\/2021\/07\/FERDYDURKE-fotosy-PRINT-fot-kasia-chmura-18108.jpg\" alt=\"\" \/><img src=\"https:\/\/malabarhotel.pl\/wp-content\/uploads\/2021\/07\/FERDYDURKE-fotosy-PRINT-fot-kasia-chmura-17926.jpg\" alt=\"\" \/><img src=\"https:\/\/malabarhotel.pl\/wp-content\/uploads\/2021\/07\/FERDYDURKE-fotosy-PRINT-fot-kasia-chmura-17890-1.jpg\" alt=\"\" \/><img src=\"https:\/\/malabarhotel.pl\/wp-content\/uploads\/2021\/07\/FERDYDURKE-fotosy-PRINT-fot-kasia-chmura-11822.jpg\" alt=\"\" \/><img src=\"https:\/\/malabarhotel.pl\/wp-content\/uploads\/2021\/07\/FERDYDURKE-fotosy-PRINT-fot-kasia-chmura-11701.jpg\" alt=\"\" \/><img src=\"https:\/\/malabarhotel.pl\/wp-content\/uploads\/2021\/07\/FERDYDURKE-fotosy-PRINT-fot-kasia-chmura-11383.jpg\" alt=\"\" \/><img src=\"https:\/\/malabarhotel.pl\/wp-content\/uploads\/2021\/07\/FERDYDURKE-fotosy-PRINT-fot-kasia-chmura-10827.jpg\" alt=\"\" \/><img src=\"https:\/\/malabarhotel.pl\/wp-content\/uploads\/2021\/07\/FERDYDURKE-fotosy-PRINT-fot-kasia-chmura-10521.jpg\" alt=\"\" \/><\/noscript><\/div>\n\n\n\n<p>foto Katarzyna Chmura-Cegie\u0142kowska<\/p>\n\n\n\n<p><strong>Nagrody i wyr\u00f3\u017cnienia:<\/strong><\/p>\n\n\n\n<ul><li><strong>Wyr\u00f3\u017cnienie aktorskie dla Anny Gorajskiej i Anny Steli na XIII Mi\u0119dzynarodowym Festiwalu Gombrowiczowskim<\/strong><\/li><\/ul>\n\n\n\n<p>Spektakl zrealizowany przy wsparciu finansowym Ministerstwa Kultury i Dziedzictwa Narodowego<\/p>\n\n\n\n<figure class=\"wp-block-image size-large is-resized\"><img decoding=\"async\" loading=\"lazy\" src=\"https:\/\/malabarhotel.pl\/wp-content\/uploads\/2021\/07\/mkidn_logo-2.jpg\" alt=\"\" class=\"wp-image-2751\" width=\"88\" height=\"88\" srcset=\"https:\/\/malabarhotel.pl\/wp-content\/uploads\/2021\/07\/mkidn_logo-2.jpg 300w, https:\/\/malabarhotel.pl\/wp-content\/uploads\/2021\/07\/mkidn_logo-2-150x150.jpg 150w\" sizes=\"(max-width: 88px) 100vw, 88px\" \/><\/figure>\n","protected":false},"excerpt":{"rendered":"<p>Witold Gombrowicz Trzydziestoletni J\u00f3zio prze\u017cywa istny horror. Horror egzystencjalny. \u015awiat poddaje go torturom, wciskaj\u0105c na powr\u00f3t w szkoln\u0105 \u0142awk\u0119 &#8211; za ma\u0142\u0105 i obklejon\u0105 wy\u017cut\u0105 gum\u0105. T\u0142amsi nowoczesno\u015b\u0107 trend\u00f3w, mierzi zat\u0119ch\u0142o\u015b\u0107 ziemia\u0144skiego dworku. Torturuje wreszcie J\u00f3zio sam siebie: wstydem, l\u0119kiem i kompleksami. Pragnie si\u0119 ukszta\u0142towa\u0107, a jednocze\u015bnie chce pozosta\u0107 niedookre\u015blony. Jednak nie mo\u017ce uciec przed&#8230; <\/p>\n","protected":false},"author":1,"featured_media":2550,"parent":0,"menu_order":0,"comment_status":"closed","ping_status":"closed","template":"no-sidebar.php","meta":{"om_disable_all_campaigns":false,"_monsterinsights_skip_tracking":false,"_monsterinsights_sitenote_active":false,"_monsterinsights_sitenote_note":"","_monsterinsights_sitenote_category":0},"_links":{"self":[{"href":"https:\/\/malabarhotel.pl\/index.php\/wp-json\/wp\/v2\/pages\/2536"}],"collection":[{"href":"https:\/\/malabarhotel.pl\/index.php\/wp-json\/wp\/v2\/pages"}],"about":[{"href":"https:\/\/malabarhotel.pl\/index.php\/wp-json\/wp\/v2\/types\/page"}],"author":[{"embeddable":true,"href":"https:\/\/malabarhotel.pl\/index.php\/wp-json\/wp\/v2\/users\/1"}],"replies":[{"embeddable":true,"href":"https:\/\/malabarhotel.pl\/index.php\/wp-json\/wp\/v2\/comments?post=2536"}],"version-history":[{"count":8,"href":"https:\/\/malabarhotel.pl\/index.php\/wp-json\/wp\/v2\/pages\/2536\/revisions"}],"predecessor-version":[{"id":2851,"href":"https:\/\/malabarhotel.pl\/index.php\/wp-json\/wp\/v2\/pages\/2536\/revisions\/2851"}],"wp:featuredmedia":[{"embeddable":true,"href":"https:\/\/malabarhotel.pl\/index.php\/wp-json\/wp\/v2\/media\/2550"}],"wp:attachment":[{"href":"https:\/\/malabarhotel.pl\/index.php\/wp-json\/wp\/v2\/media?parent=2536"}],"curies":[{"name":"wp","href":"https:\/\/api.w.org\/{rel}","templated":true}]}}