{"id":2506,"date":"2021-07-27T17:57:54","date_gmt":"2021-07-27T17:57:54","guid":{"rendered":"http:\/\/malabarhotel.pl\/?page_id=2506"},"modified":"2021-07-30T14:12:30","modified_gmt":"2021-07-30T14:12:30","slug":"barani-kozuszek","status":"publish","type":"page","link":"https:\/\/malabarhotel.pl\/index.php\/barani-kozuszek\/","title":{"rendered":"Barani Ko\u017cuszek"},"content":{"rendered":"\n<p>na podstawie powie\u015bci Ignacego Kraszewskiego, z inspiracji wydarzeniami Rewolucji Francuskiej<\/p>\n\n\n\n<p>Spektakl powsta\u0142 na podstawie opowiadania historycznego J\u00f3zefa Ignacego Kraszewskiego &#8220;Barani Ko\u017cuszek&#8221;. Bohater utworu z&nbsp;1881 r. &#8211; autentyczny warszawski \u017cebrak &#8211; wystawia\u0142 swoje przedstawienia w&nbsp;czasach Sejmu Czteroletniego. Siada\u0142 przy ulicy Miodowej i&nbsp;rozk\u0142ada\u0142 teatr. G\u0142\u00f3wnym punktem jego widowisk by\u0142o \u015bcinanie ma\u0142\u0105 gilotyn\u0105 g\u0142\u00f3w lalek, kt\u00f3re wyobra\u017ca\u0142y wa\u017cne osobisto\u015bci z&nbsp;okresu o\u015bwiecenia, uwa\u017cane za zdrajc\u00f3w ojczyzny. &#8220;Najsurowsze dochodzenia nie mog\u0142y wydoby\u0107, kto mu t\u0119 gilotynk\u0119 podda\u0142, te os\u00f3bki dostarczy\u0142 i&nbsp;do tego nak\u0142oni\u0142&#8221; [M. Waszkiel, &#8220;Dzieje teatru lalek w&nbsp;Polsce&#8221;, Warszawa 1990, s. 86].<\/p>\n\n\n\n<p>W &#8220;Kurierze Warszawskim&#8221; z&nbsp;1830 r. znajduje si\u0119 informacja, \u017ce Barani Ko\u017cuszek twarz mia\u0142 przyjemn\u0105, oczy ogniste, na sobie \u0142achmany, biega\u0142 raczej boso i&nbsp;\u015bpiewa\u0142 piosenk\u0119: &#8220;Ko\u017cuszek barani, czapeczka z&nbsp;pi\u00f3rami&#8221;. Za sw\u00f3j teatr Barani Ko\u017cuszek zap\u0142aci\u0142 wysok\u0105 cen\u0119, bo utrat\u0119 wolno\u015bci. Lalkarza upami\u0119tni\u0142 w&nbsp;swoich rysunkach Jan Piotr Norblin.<\/p>\n\n\n\n<p>re\u017cyseria<\/p>\n\n\n\n<p><strong>Marcin Bartnikowski<\/strong><\/p>\n\n\n\n<p><strong>Marcin Bikowski<\/strong><\/p>\n\n\n\n<p>scenariusz<\/p>\n\n\n\n<p><strong>Marcin Bartnikowski<\/strong><\/p>\n\n\n\n<p>scenografia<\/p>\n\n\n\n<p><strong>Marcin Bartnikowski<\/strong><\/p>\n\n\n\n<p><strong>Marcin Bikowski<\/strong><\/p>\n\n\n\n<p>lalki<\/p>\n\n\n\n<p><strong>Marcin Bikowski<\/strong><\/p>\n\n\n\n<p>koncepcja i koordynacja<\/p>\n\n\n\n<p><strong>Joanna Szuma\u0144ska<\/strong><\/p>\n\n\n\n<p>obsada<\/p>\n\n\n\n<p><strong>Marcin Bartnikowski<\/strong><\/p>\n\n\n\n<p><strong>Marcin Bikowski<\/strong><\/p>\n\n\n\n<p><strong>Premiera 5 grudnia 2019<\/strong><\/p>\n\n\n\n<div class=\"wp-block-envira-envira-gallery\"><div id=\"envira-gallery-wrap-2843\" class=\"envira-gallery-wrap envira-gallery-theme-base envira-lightbox-theme-base\" itemscope itemtype=\"https:\/\/schema.org\/ImageGallery\"><div style=\"opacity: 0.0\"  data-row-height=\"100\" data-gallery-theme=\"normal\" id=\"envira-gallery-2843\" class=\"envira-gallery-public envira-gallery-justified-public envira-gallery-0-columns envira-clear enviratope envira-gallery-css-animations\" data-envira-columns=\"0\"><div id=\"envira-gallery-item-2519\" class=\"envira-gallery-item enviratope-item envira-gallery-item-1 envira-lazy-load\" style=\"padding-left: 1px; padding-bottom: 1px; padding-right: 1px;\"  itemscope itemtype=\"https:\/\/schema.org\/ImageObject\"><div class=\"envira-gallery-item-inner\"><div class=\"envira-gallery-position-overlay  envira-gallery-top-left\"><\/div><div class=\"envira-gallery-position-overlay  envira-gallery-top-right\"><\/div><div class=\"envira-gallery-position-overlay  envira-gallery-bottom-left\"><\/div><div class=\"envira-gallery-position-overlay  envira-gallery-bottom-right\"><\/div><a href=\"http:\/\/malabarhotel.pl\/wp-content\/uploads\/2021\/07\/0E1A2142-2.jpg\" class=\"envira-gallery-2843 envira-gallery-link\" rel=\"enviragallery2843\" title=\"0E1A2142-2\" data-envira-caption=\"0E1A2142-2\" data-envira-retina=\"\" data-thumbnail=\"\"  itemprop=\"contentUrl\"><img id=\"envira-gallery-image-2519\" class=\"envira-gallery-image envira-gallery-image-1 envira-normal envira-lazy\" data-envira-index=\"1\" src=\"https:\/\/malabarhotel.pl\/wp-content\/uploads\/2021\/07\/0E1A2142-2-1024x682-640x480.jpg\" data-envira-src=\"https:\/\/malabarhotel.pl\/wp-content\/uploads\/2021\/07\/0E1A2142-2-1024x682-640x480.jpg\" data-envira-gallery-id=\"2843\" data-envira-item-id=\"2519\" data-envira-caption=\"0E1A2142-2\" alt=\"\" title=\"0E1A2142-2\"  itemprop=\"thumbnailUrl\" data-envira-srcset=\"https:\/\/malabarhotel.pl\/wp-content\/uploads\/2021\/07\/0E1A2142-2-1024x682-640x480.jpg 400w,https:\/\/malabarhotel.pl\/wp-content\/uploads\/2021\/07\/0E1A2142-2-1024x682-640x480.jpg 2x\" data-envira-width=\"300\" data-envira-height=\"200\" srcset=\"data:image\/gif;base64,R0lGODlhAQABAIAAAP\/\/\/\/\/\/\/yH5BAEKAAEALAAAAAABAAEAAAICTAEAOw==\" data-safe-src=\"data:image\/gif;base64,R0lGODlhAQABAIAAAP\/\/\/\/\/\/\/yH5BAEKAAEALAAAAAABAAEAAAICTAEAOw==\" \/><\/a><\/div><\/div><div id=\"envira-gallery-item-2520\" class=\"envira-gallery-item enviratope-item envira-gallery-item-2 envira-lazy-load\" style=\"padding-left: 1px; padding-bottom: 1px; padding-right: 1px;\"  itemscope itemtype=\"https:\/\/schema.org\/ImageObject\"><div class=\"envira-gallery-item-inner\"><div class=\"envira-gallery-position-overlay  envira-gallery-top-left\"><\/div><div class=\"envira-gallery-position-overlay  envira-gallery-top-right\"><\/div><div class=\"envira-gallery-position-overlay  envira-gallery-bottom-left\"><\/div><div class=\"envira-gallery-position-overlay  envira-gallery-bottom-right\"><\/div><a href=\"http:\/\/malabarhotel.pl\/wp-content\/uploads\/2021\/07\/0E1A2139-2.jpg\" class=\"envira-gallery-2843 envira-gallery-link\" rel=\"enviragallery2843\" title=\"0E1A2139-2\" data-envira-caption=\"0E1A2139-2\" data-envira-retina=\"\" data-thumbnail=\"\"  itemprop=\"contentUrl\"><img id=\"envira-gallery-image-2520\" class=\"envira-gallery-image envira-gallery-image-2 envira-normal envira-lazy\" data-envira-index=\"2\" src=\"https:\/\/malabarhotel.pl\/wp-content\/uploads\/2021\/07\/0E1A2139-2-1024x682-640x480.jpg\" data-envira-src=\"https:\/\/malabarhotel.pl\/wp-content\/uploads\/2021\/07\/0E1A2139-2-1024x682-640x480.jpg\" data-envira-gallery-id=\"2843\" data-envira-item-id=\"2520\" data-envira-caption=\"0E1A2139-2\" alt=\"\" title=\"0E1A2139-2\"  itemprop=\"thumbnailUrl\" data-envira-srcset=\"https:\/\/malabarhotel.pl\/wp-content\/uploads\/2021\/07\/0E1A2139-2-1024x682-640x480.jpg 400w,https:\/\/malabarhotel.pl\/wp-content\/uploads\/2021\/07\/0E1A2139-2-1024x682-640x480.jpg 2x\" data-envira-width=\"300\" data-envira-height=\"200\" srcset=\"data:image\/gif;base64,R0lGODlhAQABAIAAAP\/\/\/\/\/\/\/yH5BAEKAAEALAAAAAABAAEAAAICTAEAOw==\" data-safe-src=\"data:image\/gif;base64,R0lGODlhAQABAIAAAP\/\/\/\/\/\/\/yH5BAEKAAEALAAAAAABAAEAAAICTAEAOw==\" \/><\/a><\/div><\/div><div id=\"envira-gallery-item-2509\" class=\"envira-gallery-item enviratope-item envira-gallery-item-3 envira-lazy-load\" style=\"padding-left: 1px; padding-bottom: 1px; padding-right: 1px;\"  itemscope itemtype=\"https:\/\/schema.org\/ImageObject\"><div class=\"envira-gallery-item-inner\"><div class=\"envira-gallery-position-overlay  envira-gallery-top-left\"><\/div><div class=\"envira-gallery-position-overlay  envira-gallery-top-right\"><\/div><div class=\"envira-gallery-position-overlay  envira-gallery-bottom-left\"><\/div><div class=\"envira-gallery-position-overlay  envira-gallery-bottom-right\"><\/div><a href=\"http:\/\/malabarhotel.pl\/wp-content\/uploads\/2021\/07\/0E1A2128-scaled.jpg\" class=\"envira-gallery-2843 envira-gallery-link\" rel=\"enviragallery2843\" title=\"0E1A2128\" data-envira-caption=\"0E1A2128\" data-envira-retina=\"\" data-thumbnail=\"\"  itemprop=\"contentUrl\"><img id=\"envira-gallery-image-2509\" class=\"envira-gallery-image envira-gallery-image-3 envira-normal envira-lazy\" data-envira-index=\"3\" src=\"https:\/\/malabarhotel.pl\/wp-content\/uploads\/2021\/07\/0E1A2128-1024x683-640x480.jpg\" data-envira-src=\"https:\/\/malabarhotel.pl\/wp-content\/uploads\/2021\/07\/0E1A2128-1024x683-640x480.jpg\" data-envira-gallery-id=\"2843\" data-envira-item-id=\"2509\" data-envira-caption=\"0E1A2128\" alt=\"\" title=\"0E1A2128\"  itemprop=\"thumbnailUrl\" data-envira-srcset=\"https:\/\/malabarhotel.pl\/wp-content\/uploads\/2021\/07\/0E1A2128-1024x683-640x480.jpg 400w,https:\/\/malabarhotel.pl\/wp-content\/uploads\/2021\/07\/0E1A2128-1024x683-640x480.jpg 2x\" data-envira-width=\"300\" data-envira-height=\"200\" srcset=\"data:image\/gif;base64,R0lGODlhAQABAIAAAP\/\/\/\/\/\/\/yH5BAEKAAEALAAAAAABAAEAAAICTAEAOw==\" data-safe-src=\"data:image\/gif;base64,R0lGODlhAQABAIAAAP\/\/\/\/\/\/\/yH5BAEKAAEALAAAAAABAAEAAAICTAEAOw==\" \/><\/a><\/div><\/div><div id=\"envira-gallery-item-2508\" class=\"envira-gallery-item enviratope-item envira-gallery-item-4 envira-lazy-load\" style=\"padding-left: 1px; padding-bottom: 1px; padding-right: 1px;\"  itemscope itemtype=\"https:\/\/schema.org\/ImageObject\"><div class=\"envira-gallery-item-inner\"><div class=\"envira-gallery-position-overlay  envira-gallery-top-left\"><\/div><div class=\"envira-gallery-position-overlay  envira-gallery-top-right\"><\/div><div class=\"envira-gallery-position-overlay  envira-gallery-bottom-left\"><\/div><div class=\"envira-gallery-position-overlay  envira-gallery-bottom-right\"><\/div><a href=\"http:\/\/malabarhotel.pl\/wp-content\/uploads\/2021\/07\/0E1A2126-scaled.jpg\" class=\"envira-gallery-2843 envira-gallery-link\" rel=\"enviragallery2843\" title=\"0E1A2126\" data-envira-caption=\"0E1A2126\" data-envira-retina=\"\" data-thumbnail=\"\"  itemprop=\"contentUrl\"><img id=\"envira-gallery-image-2508\" class=\"envira-gallery-image envira-gallery-image-4 envira-normal envira-lazy\" data-envira-index=\"4\" src=\"https:\/\/malabarhotel.pl\/wp-content\/uploads\/2021\/07\/0E1A2126-1024x683-640x480.jpg\" data-envira-src=\"https:\/\/malabarhotel.pl\/wp-content\/uploads\/2021\/07\/0E1A2126-1024x683-640x480.jpg\" data-envira-gallery-id=\"2843\" data-envira-item-id=\"2508\" data-envira-caption=\"0E1A2126\" alt=\"\" title=\"0E1A2126\"  itemprop=\"thumbnailUrl\" data-envira-srcset=\"https:\/\/malabarhotel.pl\/wp-content\/uploads\/2021\/07\/0E1A2126-1024x683-640x480.jpg 400w,https:\/\/malabarhotel.pl\/wp-content\/uploads\/2021\/07\/0E1A2126-1024x683-640x480.jpg 2x\" data-envira-width=\"300\" data-envira-height=\"200\" srcset=\"data:image\/gif;base64,R0lGODlhAQABAIAAAP\/\/\/\/\/\/\/yH5BAEKAAEALAAAAAABAAEAAAICTAEAOw==\" data-safe-src=\"data:image\/gif;base64,R0lGODlhAQABAIAAAP\/\/\/\/\/\/\/yH5BAEKAAEALAAAAAABAAEAAAICTAEAOw==\" \/><\/a><\/div><\/div><div id=\"envira-gallery-item-2507\" class=\"envira-gallery-item enviratope-item envira-gallery-item-5 envira-lazy-load\" style=\"padding-left: 1px; padding-bottom: 1px; padding-right: 1px;\"  itemscope itemtype=\"https:\/\/schema.org\/ImageObject\"><div class=\"envira-gallery-item-inner\"><div class=\"envira-gallery-position-overlay  envira-gallery-top-left\"><\/div><div class=\"envira-gallery-position-overlay  envira-gallery-top-right\"><\/div><div class=\"envira-gallery-position-overlay  envira-gallery-bottom-left\"><\/div><div class=\"envira-gallery-position-overlay  envira-gallery-bottom-right\"><\/div><a href=\"http:\/\/malabarhotel.pl\/wp-content\/uploads\/2021\/07\/0E1A2124-scaled.jpg\" class=\"envira-gallery-2843 envira-gallery-link\" rel=\"enviragallery2843\" title=\"0E1A2124\" data-envira-caption=\"0E1A2124\" data-envira-retina=\"\" data-thumbnail=\"\"  itemprop=\"contentUrl\"><img id=\"envira-gallery-image-2507\" class=\"envira-gallery-image envira-gallery-image-5 envira-normal envira-lazy\" data-envira-index=\"5\" src=\"https:\/\/malabarhotel.pl\/wp-content\/uploads\/2021\/07\/0E1A2124-1024x683-640x480.jpg\" data-envira-src=\"https:\/\/malabarhotel.pl\/wp-content\/uploads\/2021\/07\/0E1A2124-1024x683-640x480.jpg\" data-envira-gallery-id=\"2843\" data-envira-item-id=\"2507\" data-envira-caption=\"0E1A2124\" alt=\"\" title=\"0E1A2124\"  itemprop=\"thumbnailUrl\" data-envira-srcset=\"https:\/\/malabarhotel.pl\/wp-content\/uploads\/2021\/07\/0E1A2124-1024x683-640x480.jpg 400w,https:\/\/malabarhotel.pl\/wp-content\/uploads\/2021\/07\/0E1A2124-1024x683-640x480.jpg 2x\" data-envira-width=\"300\" data-envira-height=\"200\" srcset=\"data:image\/gif;base64,R0lGODlhAQABAIAAAP\/\/\/\/\/\/\/yH5BAEKAAEALAAAAAABAAEAAAICTAEAOw==\" data-safe-src=\"data:image\/gif;base64,R0lGODlhAQABAIAAAP\/\/\/\/\/\/\/yH5BAEKAAEALAAAAAABAAEAAAICTAEAOw==\" \/><\/a><\/div><\/div><\/div><\/div><noscript><img src=\"https:\/\/malabarhotel.pl\/wp-content\/uploads\/2021\/07\/0E1A2142-2.jpg\" alt=\"\" \/><img src=\"https:\/\/malabarhotel.pl\/wp-content\/uploads\/2021\/07\/0E1A2139-2.jpg\" alt=\"\" \/><img src=\"https:\/\/malabarhotel.pl\/wp-content\/uploads\/2021\/07\/0E1A2128-scaled.jpg\" alt=\"\" \/><img src=\"https:\/\/malabarhotel.pl\/wp-content\/uploads\/2021\/07\/0E1A2126-scaled.jpg\" alt=\"\" \/><img src=\"https:\/\/malabarhotel.pl\/wp-content\/uploads\/2021\/07\/0E1A2124-scaled.jpg\" alt=\"\" \/><\/noscript><\/div>\n\n\n\n<p>foto Pawe\u0142 Czarnecki<\/p>\n\n\n\n<p>Spektakl &#8220;Barani Ko\u017cuszek&#8221; realizowany jest w&nbsp;ramach projektu&nbsp;<a href=\"https:\/\/www.lazienki-krolewskie.pl\/pl\/nasze-projekty\/konserwacja-i-remont-bialego-domku-oraz-wodozbioru\">&#8220;\u0179r\u00f3d\u0142a przemian. Ochrona i&nbsp;udost\u0119pnienie historycznego dziedzictwa \u0141azienek Kr\u00f3lewskich. Konserwacja i&nbsp;remont Bia\u0142ego Domku oraz Wodozbioru wraz z&nbsp;zabytkowym ogrodem w&nbsp;Muzeum \u0141azienki Kr\u00f3lewskie w&nbsp;Warszawie&#8221;<\/a>, dzi\u0119ki dofinansowaniu przyznanemu z&nbsp;Europejskiego Funduszu Rozwoju Regionalnego w&nbsp;ramach Programu Operacyjnego Infrastruktura i&nbsp;\u015arodowisko 2014-2020 .<\/p>\n\n\n\n<figure class=\"wp-block-image size-large is-resized\"><img decoding=\"async\" loading=\"lazy\" src=\"https:\/\/malabarhotel.pl\/wp-content\/uploads\/2021\/07\/lazienki-1.png\" alt=\"\" class=\"wp-image-2794\" width=\"72\" height=\"114\"\/><\/figure>\n","protected":false},"excerpt":{"rendered":"<p>na podstawie powie\u015bci Ignacego Kraszewskiego, z inspiracji wydarzeniami Rewolucji Francuskiej Spektakl powsta\u0142 na podstawie opowiadania historycznego J\u00f3zefa Ignacego Kraszewskiego &#8220;Barani Ko\u017cuszek&#8221;. Bohater utworu z&nbsp;1881 r. &#8211; autentyczny warszawski \u017cebrak &#8211; wystawia\u0142 swoje przedstawienia w&nbsp;czasach Sejmu Czteroletniego. Siada\u0142 przy ulicy Miodowej i&nbsp;rozk\u0142ada\u0142 teatr. G\u0142\u00f3wnym punktem jego widowisk by\u0142o \u015bcinanie ma\u0142\u0105 gilotyn\u0105 g\u0142\u00f3w lalek, kt\u00f3re wyobra\u017ca\u0142y wa\u017cne&#8230; <\/p>\n","protected":false},"author":1,"featured_media":2525,"parent":0,"menu_order":0,"comment_status":"closed","ping_status":"closed","template":"no-sidebar.php","meta":{"om_disable_all_campaigns":false,"_monsterinsights_skip_tracking":false,"_monsterinsights_sitenote_active":false,"_monsterinsights_sitenote_note":"","_monsterinsights_sitenote_category":0},"_links":{"self":[{"href":"https:\/\/malabarhotel.pl\/index.php\/wp-json\/wp\/v2\/pages\/2506"}],"collection":[{"href":"https:\/\/malabarhotel.pl\/index.php\/wp-json\/wp\/v2\/pages"}],"about":[{"href":"https:\/\/malabarhotel.pl\/index.php\/wp-json\/wp\/v2\/types\/page"}],"author":[{"embeddable":true,"href":"https:\/\/malabarhotel.pl\/index.php\/wp-json\/wp\/v2\/users\/1"}],"replies":[{"embeddable":true,"href":"https:\/\/malabarhotel.pl\/index.php\/wp-json\/wp\/v2\/comments?post=2506"}],"version-history":[{"count":8,"href":"https:\/\/malabarhotel.pl\/index.php\/wp-json\/wp\/v2\/pages\/2506\/revisions"}],"predecessor-version":[{"id":2850,"href":"https:\/\/malabarhotel.pl\/index.php\/wp-json\/wp\/v2\/pages\/2506\/revisions\/2850"}],"wp:featuredmedia":[{"embeddable":true,"href":"https:\/\/malabarhotel.pl\/index.php\/wp-json\/wp\/v2\/media\/2525"}],"wp:attachment":[{"href":"https:\/\/malabarhotel.pl\/index.php\/wp-json\/wp\/v2\/media?parent=2506"}],"curies":[{"name":"wp","href":"https:\/\/api.w.org\/{rel}","templated":true}]}}