{"id":2466,"date":"2021-07-23T12:56:36","date_gmt":"2021-07-23T12:56:36","guid":{"rendered":"http:\/\/malabarhotel.pl\/?page_id=2466"},"modified":"2021-08-03T08:00:06","modified_gmt":"2021-08-03T08:00:06","slug":"k","status":"publish","type":"page","link":"https:\/\/malabarhotel.pl\/index.php\/k\/","title":{"rendered":"Gaz!"},"content":{"rendered":"\n<p>Justyna Bilik, Daniel So\u0142tysi\u0144ski<\/p>\n\n\n\n<p>Tulipanowa gor\u0105czka\u201d, \u201egor\u0105czka z\u0142ota\u201d, \u201eczarne z\u0142oto\u201d, \u201ep\u0142ynne z\u0142oto\u201d i naftowy boom \u2013 ludziom od wiek\u00f3w towarzyszy\u0142o przekonanie, \u017ce gdzie\u015b blisko nich, niemal na wyci\u0105gni\u0119cie r\u0119ki jest skarb. Wystarczy si\u0119gn\u0105\u0107 do wn\u0119trza ziemi i wydoby\u0107 na powierzchni\u0119 to, co pomo\u017ce spe\u0142ni\u0107 marzenia. Kilka lat temu kolejna taka wizja, po dziewi\u0119tnastowiecznym naftowym boomie na Podkarpaciu, zaw\u0142adn\u0119\u0142a masow\u0105 wyobra\u017ani\u0105 Polak\u00f3w \u2013 niezale\u017cno\u015b\u0107 energetyczn\u0105 i bogactwo mia\u0142 zapewni\u0107 gaz \u0142upkowy.<\/p>\n\n\n\n<p>W spektaklu \u201eGaz!\u201d Marcin Wierzchowski pozwala sobie na puszczenie wodz\u00f3w fantazji \u2013 co sta\u0142oby si\u0119 z nami, gdyby uda\u0142o si\u0119 zrealizowa\u0107 plany wydobycia gazu \u0142upkowego? Akcja dzieje si\u0119 w ma\u0142ej spo\u0142eczno\u015bci pod Gnieznem. Przybywa do niej sprzedawczyni marze\u0144 \u2013 jej zadaniem jest przekonanie mieszka\u0144c\u00f3w do wydzier\u017cawienia ziemi firmie wydobywaj\u0105cej kolejne \u201ep\u0142ynne z\u0142oto\u201d. Stanie si\u0119 to chwil\u0105 konfrontacji z pragnieniami, z tym, co jeste\u015bmy w stanie po\u015bwi\u0119ci\u0107, \u017ceby je zaspokoi\u0107. Czy ludzko\u015b\u0107 wyci\u0105gn\u0119\u0142a wnioski z poprzednich \u201egor\u0105czek\u201d, w kt\u00f3rych wydziera\u0142a ziemi jej skarby? Czy nadal pami\u0119ta, co jeszcze skrywa ziemia poza potencjalnymi skarbami i \u017ce \u015bwiat podziemia to tak\u017ce ciemno\u015b\u0107, niebezpiecze\u0144stwo i z\u0142o? Zapraszamy na oniryczn\u0105 opowie\u015b\u0107 o ludzkiej naturze po\u0142\u0105czon\u0105 ze \u015bpiewnym ekologicznym namys\u0142em.\u201d<\/p>\n\n\n\n<p>re\u017cyseria<br><strong>Marcin Wierzchowski<\/strong><\/p>\n\n\n\n<p>scenariusz&nbsp;<br><strong>Justyna Bilik, Daniel So\u0142tysi\u0144ski<\/strong><\/p>\n\n\n\n<p>teksty piosenek<br><strong>Justyna Bilik<\/strong><\/p>\n\n\n\n<p>scenografia i kostiumy<br><strong>Kasia Minkowska<\/strong><\/p>\n\n\n\n<p>asystent scenografa<br><strong>\u0141ukasz Mleczak<\/strong><\/p>\n\n\n\n<p>muzyka<br><strong>Anna Stela, Kamil Tuszy\u0144ski<\/strong><\/p>\n\n\n\n<p>choreografia<br><strong>Jakub Lewandowski<\/strong><\/p>\n\n\n\n<p>re\u017cyseria \u015bwiat\u0142a<br><strong>Marek Kozakiewicz<\/strong><\/p>\n\n\n\n<p>inspicjent<br><strong>Jolanta Skawina<\/strong><\/p>\n\n\n\n<p>transkrypcje improwizacji aktorskich<br><strong>Kalina Jankowiak, Angelika Bosacka<\/strong><\/p>\n\n\n\n<p>obsada<\/p>\n\n\n\n<p><strong>Marcin Bartnikowski<\/strong><br><strong>Marcin Bikowski<\/strong><br><strong>Zuzanna Czerniejewska Stube<\/strong><br><strong>Pawe\u0142 Dobek<\/strong><br><strong>Maciej H\u0105z\u0142a<\/strong><br><strong>Wojciech Kalinowski<\/strong><br><strong>Micha\u0142 Karczewski<\/strong><br><strong>Roland Nowak<\/strong><br><strong>Martyna Rozwadowska<\/strong><br><strong>Iwona Sapa<\/strong><br><strong>Anna Stela<\/strong>&nbsp;<br><strong>Joanna \u017burawska<\/strong><\/p>\n\n\n\n<p><strong>Premiera 13 marca 2021<\/strong><\/p>\n\n\n\n<div class=\"wp-block-envira-envira-gallery\"><div id=\"envira-gallery-wrap-2845\" class=\"envira-gallery-wrap envira-gallery-theme-base envira-lightbox-theme-base\" itemscope itemtype=\"https:\/\/schema.org\/ImageGallery\"><div style=\"opacity: 0.0\"  data-row-height=\"150\" data-gallery-theme=\"normal\" id=\"envira-gallery-2845\" class=\"envira-gallery-public envira-gallery-justified-public envira-gallery-0-columns envira-clear enviratope envira-gallery-css-animations\" data-envira-columns=\"0\"><div id=\"envira-gallery-item-3301\" class=\"envira-gallery-item enviratope-item envira-gallery-item-1 envira-lazy-load\" style=\"padding-left: 1px; padding-bottom: 1px; padding-right: 1px;\"  itemscope itemtype=\"https:\/\/schema.org\/ImageObject\"><div class=\"envira-gallery-item-inner\"><div class=\"envira-gallery-position-overlay  envira-gallery-top-left\"><\/div><div class=\"envira-gallery-position-overlay  envira-gallery-top-right\"><\/div><div class=\"envira-gallery-position-overlay  envira-gallery-bottom-left\"><\/div><div class=\"envira-gallery-position-overlay  envira-gallery-bottom-right\"><\/div><a href=\"http:\/\/malabarhotel.pl\/wp-content\/uploads\/2021\/07\/IMG_4108-scaled.jpeg\" class=\"envira-gallery-2845 envira-gallery-link\" rel=\"enviragallery2845\" title=\"IMG_4108\" data-envira-caption=\"IMG_4108\" data-envira-retina=\"\" data-thumbnail=\"\"  itemprop=\"contentUrl\"><img id=\"envira-gallery-image-3301\" class=\"envira-gallery-image envira-gallery-image-1 envira-normal envira-lazy\" data-envira-index=\"1\" src=\"https:\/\/malabarhotel.pl\/wp-content\/uploads\/2021\/07\/IMG_4108-768x1024-640x480.jpeg\" data-envira-src=\"https:\/\/malabarhotel.pl\/wp-content\/uploads\/2021\/07\/IMG_4108-768x1024-640x480.jpeg\" data-envira-gallery-id=\"2845\" data-envira-item-id=\"3301\" data-envira-caption=\"IMG_4108\" alt=\"\" title=\"IMG_4108\"  itemprop=\"thumbnailUrl\" data-envira-srcset=\"https:\/\/malabarhotel.pl\/wp-content\/uploads\/2021\/07\/IMG_4108-768x1024-640x480.jpeg 400w,https:\/\/malabarhotel.pl\/wp-content\/uploads\/2021\/07\/IMG_4108-768x1024-640x480.jpeg 2x\" data-envira-width=\"225\" data-envira-height=\"300\" srcset=\"data:image\/gif;base64,R0lGODlhAQABAIAAAP\/\/\/\/\/\/\/yH5BAEKAAEALAAAAAABAAEAAAICTAEAOw==\" data-safe-src=\"data:image\/gif;base64,R0lGODlhAQABAIAAAP\/\/\/\/\/\/\/yH5BAEKAAEALAAAAAABAAEAAAICTAEAOw==\" \/><\/a><\/div><\/div><div id=\"envira-gallery-item-3302\" class=\"envira-gallery-item enviratope-item envira-gallery-item-2 envira-lazy-load\" style=\"padding-left: 1px; padding-bottom: 1px; padding-right: 1px;\"  itemscope itemtype=\"https:\/\/schema.org\/ImageObject\"><div class=\"envira-gallery-item-inner\"><div class=\"envira-gallery-position-overlay  envira-gallery-top-left\"><\/div><div class=\"envira-gallery-position-overlay  envira-gallery-top-right\"><\/div><div class=\"envira-gallery-position-overlay  envira-gallery-bottom-left\"><\/div><div class=\"envira-gallery-position-overlay  envira-gallery-bottom-right\"><\/div><a href=\"http:\/\/malabarhotel.pl\/wp-content\/uploads\/2021\/07\/IMG_4122-scaled.jpeg\" class=\"envira-gallery-2845 envira-gallery-link\" rel=\"enviragallery2845\" title=\"IMG_4122\" data-envira-caption=\"IMG_4122\" data-envira-retina=\"\" data-thumbnail=\"\"  itemprop=\"contentUrl\"><img id=\"envira-gallery-image-3302\" class=\"envira-gallery-image envira-gallery-image-2 envira-normal envira-lazy\" data-envira-index=\"2\" src=\"https:\/\/malabarhotel.pl\/wp-content\/uploads\/2021\/07\/IMG_4122-1024x768-640x480.jpeg\" data-envira-src=\"https:\/\/malabarhotel.pl\/wp-content\/uploads\/2021\/07\/IMG_4122-1024x768-640x480.jpeg\" data-envira-gallery-id=\"2845\" data-envira-item-id=\"3302\" data-envira-caption=\"IMG_4122\" alt=\"\" title=\"IMG_4122\"  itemprop=\"thumbnailUrl\" data-envira-srcset=\"https:\/\/malabarhotel.pl\/wp-content\/uploads\/2021\/07\/IMG_4122-1024x768-640x480.jpeg 400w,https:\/\/malabarhotel.pl\/wp-content\/uploads\/2021\/07\/IMG_4122-1024x768-640x480.jpeg 2x\" data-envira-width=\"300\" data-envira-height=\"225\" srcset=\"data:image\/gif;base64,R0lGODlhAQABAIAAAP\/\/\/\/\/\/\/yH5BAEKAAEALAAAAAABAAEAAAICTAEAOw==\" data-safe-src=\"data:image\/gif;base64,R0lGODlhAQABAIAAAP\/\/\/\/\/\/\/yH5BAEKAAEALAAAAAABAAEAAAICTAEAOw==\" \/><\/a><\/div><\/div><div id=\"envira-gallery-item-3303\" class=\"envira-gallery-item enviratope-item envira-gallery-item-3 envira-lazy-load\" style=\"padding-left: 1px; padding-bottom: 1px; padding-right: 1px;\"  itemscope itemtype=\"https:\/\/schema.org\/ImageObject\"><div class=\"envira-gallery-item-inner\"><div class=\"envira-gallery-position-overlay  envira-gallery-top-left\"><\/div><div class=\"envira-gallery-position-overlay  envira-gallery-top-right\"><\/div><div class=\"envira-gallery-position-overlay  envira-gallery-bottom-left\"><\/div><div class=\"envira-gallery-position-overlay  envira-gallery-bottom-right\"><\/div><a href=\"http:\/\/malabarhotel.pl\/wp-content\/uploads\/2021\/07\/IMG_3996-scaled.jpeg\" class=\"envira-gallery-2845 envira-gallery-link\" rel=\"enviragallery2845\" title=\"IMG_3996\" data-envira-caption=\"IMG_3996\" data-envira-retina=\"\" data-thumbnail=\"\"  itemprop=\"contentUrl\"><img id=\"envira-gallery-image-3303\" class=\"envira-gallery-image envira-gallery-image-3 envira-normal envira-lazy\" data-envira-index=\"3\" src=\"https:\/\/malabarhotel.pl\/wp-content\/uploads\/2021\/07\/IMG_3996-1024x768-640x480.jpeg\" data-envira-src=\"https:\/\/malabarhotel.pl\/wp-content\/uploads\/2021\/07\/IMG_3996-1024x768-640x480.jpeg\" data-envira-gallery-id=\"2845\" data-envira-item-id=\"3303\" data-envira-caption=\"IMG_3996\" alt=\"\" title=\"IMG_3996\"  itemprop=\"thumbnailUrl\" data-envira-srcset=\"https:\/\/malabarhotel.pl\/wp-content\/uploads\/2021\/07\/IMG_3996-1024x768-640x480.jpeg 400w,https:\/\/malabarhotel.pl\/wp-content\/uploads\/2021\/07\/IMG_3996-1024x768-640x480.jpeg 2x\" data-envira-width=\"300\" data-envira-height=\"225\" srcset=\"data:image\/gif;base64,R0lGODlhAQABAIAAAP\/\/\/\/\/\/\/yH5BAEKAAEALAAAAAABAAEAAAICTAEAOw==\" data-safe-src=\"data:image\/gif;base64,R0lGODlhAQABAIAAAP\/\/\/\/\/\/\/yH5BAEKAAEALAAAAAABAAEAAAICTAEAOw==\" \/><\/a><\/div><\/div><div id=\"envira-gallery-item-3304\" class=\"envira-gallery-item enviratope-item envira-gallery-item-4 envira-lazy-load\" style=\"padding-left: 1px; padding-bottom: 1px; padding-right: 1px;\"  itemscope itemtype=\"https:\/\/schema.org\/ImageObject\"><div class=\"envira-gallery-item-inner\"><div class=\"envira-gallery-position-overlay  envira-gallery-top-left\"><\/div><div class=\"envira-gallery-position-overlay  envira-gallery-top-right\"><\/div><div class=\"envira-gallery-position-overlay  envira-gallery-bottom-left\"><\/div><div class=\"envira-gallery-position-overlay  envira-gallery-bottom-right\"><\/div><a href=\"http:\/\/malabarhotel.pl\/wp-content\/uploads\/2021\/07\/IMG_3991-scaled.jpeg\" class=\"envira-gallery-2845 envira-gallery-link\" rel=\"enviragallery2845\" title=\"IMG_3991\" data-envira-caption=\"IMG_3991\" data-envira-retina=\"\" data-thumbnail=\"\"  itemprop=\"contentUrl\"><img id=\"envira-gallery-image-3304\" class=\"envira-gallery-image envira-gallery-image-4 envira-normal envira-lazy\" data-envira-index=\"4\" src=\"https:\/\/malabarhotel.pl\/wp-content\/uploads\/2021\/07\/IMG_3991-768x1024-640x480.jpeg\" data-envira-src=\"https:\/\/malabarhotel.pl\/wp-content\/uploads\/2021\/07\/IMG_3991-768x1024-640x480.jpeg\" data-envira-gallery-id=\"2845\" data-envira-item-id=\"3304\" data-envira-caption=\"IMG_3991\" alt=\"\" title=\"IMG_3991\"  itemprop=\"thumbnailUrl\" data-envira-srcset=\"https:\/\/malabarhotel.pl\/wp-content\/uploads\/2021\/07\/IMG_3991-768x1024-640x480.jpeg 400w,https:\/\/malabarhotel.pl\/wp-content\/uploads\/2021\/07\/IMG_3991-768x1024-640x480.jpeg 2x\" data-envira-width=\"225\" data-envira-height=\"300\" srcset=\"data:image\/gif;base64,R0lGODlhAQABAIAAAP\/\/\/\/\/\/\/yH5BAEKAAEALAAAAAABAAEAAAICTAEAOw==\" data-safe-src=\"data:image\/gif;base64,R0lGODlhAQABAIAAAP\/\/\/\/\/\/\/yH5BAEKAAEALAAAAAABAAEAAAICTAEAOw==\" \/><\/a><\/div><\/div><div id=\"envira-gallery-item-3305\" class=\"envira-gallery-item enviratope-item envira-gallery-item-5 envira-lazy-load\" style=\"padding-left: 1px; padding-bottom: 1px; padding-right: 1px;\"  itemscope itemtype=\"https:\/\/schema.org\/ImageObject\"><div class=\"envira-gallery-item-inner\"><div class=\"envira-gallery-position-overlay  envira-gallery-top-left\"><\/div><div class=\"envira-gallery-position-overlay  envira-gallery-top-right\"><\/div><div class=\"envira-gallery-position-overlay  envira-gallery-bottom-left\"><\/div><div class=\"envira-gallery-position-overlay  envira-gallery-bottom-right\"><\/div><a href=\"http:\/\/malabarhotel.pl\/wp-content\/uploads\/2021\/07\/IMG_3922-scaled.jpeg\" class=\"envira-gallery-2845 envira-gallery-link\" rel=\"enviragallery2845\" title=\"IMG_3922\" data-envira-caption=\"IMG_3922\" data-envira-retina=\"\" data-thumbnail=\"\"  itemprop=\"contentUrl\"><img id=\"envira-gallery-image-3305\" class=\"envira-gallery-image envira-gallery-image-5 envira-normal envira-lazy\" data-envira-index=\"5\" src=\"https:\/\/malabarhotel.pl\/wp-content\/uploads\/2021\/07\/IMG_3922-1024x768-640x480.jpeg\" data-envira-src=\"https:\/\/malabarhotel.pl\/wp-content\/uploads\/2021\/07\/IMG_3922-1024x768-640x480.jpeg\" data-envira-gallery-id=\"2845\" data-envira-item-id=\"3305\" data-envira-caption=\"IMG_3922\" alt=\"\" title=\"IMG_3922\"  itemprop=\"thumbnailUrl\" data-envira-srcset=\"https:\/\/malabarhotel.pl\/wp-content\/uploads\/2021\/07\/IMG_3922-1024x768-640x480.jpeg 400w,https:\/\/malabarhotel.pl\/wp-content\/uploads\/2021\/07\/IMG_3922-1024x768-640x480.jpeg 2x\" data-envira-width=\"300\" data-envira-height=\"225\" srcset=\"data:image\/gif;base64,R0lGODlhAQABAIAAAP\/\/\/\/\/\/\/yH5BAEKAAEALAAAAAABAAEAAAICTAEAOw==\" data-safe-src=\"data:image\/gif;base64,R0lGODlhAQABAIAAAP\/\/\/\/\/\/\/yH5BAEKAAEALAAAAAABAAEAAAICTAEAOw==\" \/><\/a><\/div><\/div><div id=\"envira-gallery-item-3306\" class=\"envira-gallery-item enviratope-item envira-gallery-item-6 envira-lazy-load\" style=\"padding-left: 1px; padding-bottom: 1px; padding-right: 1px;\"  itemscope itemtype=\"https:\/\/schema.org\/ImageObject\"><div class=\"envira-gallery-item-inner\"><div class=\"envira-gallery-position-overlay  envira-gallery-top-left\"><\/div><div class=\"envira-gallery-position-overlay  envira-gallery-top-right\"><\/div><div class=\"envira-gallery-position-overlay  envira-gallery-bottom-left\"><\/div><div class=\"envira-gallery-position-overlay  envira-gallery-bottom-right\"><\/div><a href=\"http:\/\/malabarhotel.pl\/wp-content\/uploads\/2021\/07\/IMG_3894-scaled.jpeg\" class=\"envira-gallery-2845 envira-gallery-link\" rel=\"enviragallery2845\" title=\"IMG_3894\" data-envira-caption=\"IMG_3894\" data-envira-retina=\"\" data-thumbnail=\"\"  itemprop=\"contentUrl\"><img id=\"envira-gallery-image-3306\" class=\"envira-gallery-image envira-gallery-image-6 envira-normal envira-lazy\" data-envira-index=\"6\" src=\"https:\/\/malabarhotel.pl\/wp-content\/uploads\/2021\/07\/IMG_3894-1024x768-640x480.jpeg\" data-envira-src=\"https:\/\/malabarhotel.pl\/wp-content\/uploads\/2021\/07\/IMG_3894-1024x768-640x480.jpeg\" data-envira-gallery-id=\"2845\" data-envira-item-id=\"3306\" data-envira-caption=\"IMG_3894\" alt=\"\" title=\"IMG_3894\"  itemprop=\"thumbnailUrl\" data-envira-srcset=\"https:\/\/malabarhotel.pl\/wp-content\/uploads\/2021\/07\/IMG_3894-1024x768-640x480.jpeg 400w,https:\/\/malabarhotel.pl\/wp-content\/uploads\/2021\/07\/IMG_3894-1024x768-640x480.jpeg 2x\" data-envira-width=\"300\" data-envira-height=\"225\" srcset=\"data:image\/gif;base64,R0lGODlhAQABAIAAAP\/\/\/\/\/\/\/yH5BAEKAAEALAAAAAABAAEAAAICTAEAOw==\" data-safe-src=\"data:image\/gif;base64,R0lGODlhAQABAIAAAP\/\/\/\/\/\/\/yH5BAEKAAEALAAAAAABAAEAAAICTAEAOw==\" \/><\/a><\/div><\/div><\/div><\/div><noscript><img src=\"https:\/\/malabarhotel.pl\/wp-content\/uploads\/2021\/07\/IMG_4108-scaled.jpeg\" alt=\"\" \/><img src=\"https:\/\/malabarhotel.pl\/wp-content\/uploads\/2021\/07\/IMG_4122-scaled.jpeg\" alt=\"\" \/><img src=\"https:\/\/malabarhotel.pl\/wp-content\/uploads\/2021\/07\/IMG_3996-scaled.jpeg\" alt=\"\" \/><img src=\"https:\/\/malabarhotel.pl\/wp-content\/uploads\/2021\/07\/IMG_3991-scaled.jpeg\" alt=\"\" \/><img src=\"https:\/\/malabarhotel.pl\/wp-content\/uploads\/2021\/07\/IMG_3922-scaled.jpeg\" alt=\"\" \/><img src=\"https:\/\/malabarhotel.pl\/wp-content\/uploads\/2021\/07\/IMG_3894-scaled.jpeg\" alt=\"\" \/><\/noscript><\/div>\n\n\n\n<p>foto Dawid Stube<\/p>\n\n\n\n<div class=\"is-layout-flow wp-block-group\"><div class=\"wp-block-group__inner-container\">\n<div class=\"is-layout-flow wp-block-group\"><div class=\"wp-block-group__inner-container\">\n<div class=\"is-layout-flow wp-block-group\"><div class=\"wp-block-group__inner-container\">\n<div class=\"is-layout-flow wp-block-group\"><div class=\"wp-block-group__inner-container\">\n<div class=\"is-layout-flow wp-block-group\"><div class=\"wp-block-group__inner-container\">\n<figure class=\"wp-block-image size-large is-resized\"><img decoding=\"async\" loading=\"lazy\" src=\"https:\/\/malabarhotel.pl\/wp-content\/uploads\/2021\/07\/Unknown-1.jpg\" alt=\"\" class=\"wp-image-2757\" width=\"104\" height=\"104\" srcset=\"https:\/\/malabarhotel.pl\/wp-content\/uploads\/2021\/07\/Unknown-1.jpg 225w, https:\/\/malabarhotel.pl\/wp-content\/uploads\/2021\/07\/Unknown-1-150x150.jpg 150w\" sizes=\"(max-width: 104px) 100vw, 104px\" \/><\/figure>\n<\/div><\/div>\n<\/div><\/div>\n\n\n\n<div class=\"is-layout-flow wp-block-group\"><div class=\"wp-block-group__inner-container\">\n<figure class=\"wp-block-image size-large is-resized\"><img decoding=\"async\" loading=\"lazy\" src=\"https:\/\/malabarhotel.pl\/wp-content\/uploads\/2021\/07\/fwk.png\" alt=\"\" class=\"wp-image-2758\" width=\"94\" height=\"79\"\/><\/figure>\n<\/div><\/div>\n\n\n\n<figure class=\"wp-block-image size-large is-resized\"><img decoding=\"async\" loading=\"lazy\" src=\"https:\/\/malabarhotel.pl\/wp-content\/uploads\/2021\/07\/fredro.png\" alt=\"\" class=\"wp-image-2760\" width=\"92\" height=\"93\" srcset=\"https:\/\/malabarhotel.pl\/wp-content\/uploads\/2021\/07\/fredro.png 224w, https:\/\/malabarhotel.pl\/wp-content\/uploads\/2021\/07\/fredro-150x150.png 150w\" sizes=\"(max-width: 92px) 100vw, 92px\" \/><\/figure>\n\n\n\n<figure class=\"wp-block-image size-large is-resized\"><img decoding=\"async\" loading=\"lazy\" src=\"https:\/\/malabarhotel.pl\/wp-content\/uploads\/2021\/07\/wsp.png\" alt=\"\" class=\"wp-image-2761\" width=\"119\" height=\"64\" srcset=\"https:\/\/malabarhotel.pl\/wp-content\/uploads\/2021\/07\/wsp.png 307w, https:\/\/malabarhotel.pl\/wp-content\/uploads\/2021\/07\/wsp-300x160.png 300w\" sizes=\"(max-width: 119px) 100vw, 119px\" \/><\/figure>\n<\/div><\/div>\n<\/div><\/div>\n\n\n\n<p><\/p>\n<\/div><\/div>\n\n\n\n<p><\/p>\n","protected":false},"excerpt":{"rendered":"<p>Justyna Bilik, Daniel So\u0142tysi\u0144ski Tulipanowa gor\u0105czka\u201d, \u201egor\u0105czka z\u0142ota\u201d, \u201eczarne z\u0142oto\u201d, \u201ep\u0142ynne z\u0142oto\u201d i naftowy boom \u2013 ludziom od wiek\u00f3w towarzyszy\u0142o przekonanie, \u017ce gdzie\u015b blisko nich, niemal na wyci\u0105gni\u0119cie r\u0119ki jest skarb. Wystarczy si\u0119gn\u0105\u0107 do wn\u0119trza ziemi i wydoby\u0107 na powierzchni\u0119 to, co pomo\u017ce spe\u0142ni\u0107 marzenia. Kilka lat temu kolejna taka wizja, po dziewi\u0119tnastowiecznym naftowym boomie&#8230; <\/p>\n","protected":false},"author":1,"featured_media":2533,"parent":0,"menu_order":0,"comment_status":"closed","ping_status":"closed","template":"no-sidebar.php","meta":{"om_disable_all_campaigns":false,"_monsterinsights_skip_tracking":false,"_monsterinsights_sitenote_active":false,"_monsterinsights_sitenote_note":"","_monsterinsights_sitenote_category":0},"_links":{"self":[{"href":"https:\/\/malabarhotel.pl\/index.php\/wp-json\/wp\/v2\/pages\/2466"}],"collection":[{"href":"https:\/\/malabarhotel.pl\/index.php\/wp-json\/wp\/v2\/pages"}],"about":[{"href":"https:\/\/malabarhotel.pl\/index.php\/wp-json\/wp\/v2\/types\/page"}],"author":[{"embeddable":true,"href":"https:\/\/malabarhotel.pl\/index.php\/wp-json\/wp\/v2\/users\/1"}],"replies":[{"embeddable":true,"href":"https:\/\/malabarhotel.pl\/index.php\/wp-json\/wp\/v2\/comments?post=2466"}],"version-history":[{"count":11,"href":"https:\/\/malabarhotel.pl\/index.php\/wp-json\/wp\/v2\/pages\/2466\/revisions"}],"predecessor-version":[{"id":2869,"href":"https:\/\/malabarhotel.pl\/index.php\/wp-json\/wp\/v2\/pages\/2466\/revisions\/2869"}],"wp:featuredmedia":[{"embeddable":true,"href":"https:\/\/malabarhotel.pl\/index.php\/wp-json\/wp\/v2\/media\/2533"}],"wp:attachment":[{"href":"https:\/\/malabarhotel.pl\/index.php\/wp-json\/wp\/v2\/media?parent=2466"}],"curies":[{"name":"wp","href":"https:\/\/api.w.org\/{rel}","templated":true}]}}