{"id":2162,"date":"2018-03-23T21:07:32","date_gmt":"2018-03-23T21:07:32","guid":{"rendered":"https:\/\/themestulip.com\/demo\/onedream-pro-new\/?page_id=9"},"modified":"2021-10-05T18:06:22","modified_gmt":"2021-10-05T18:06:22","slug":"no-sidebar-template","status":"publish","type":"page","link":"https:\/\/malabarhotel.pl\/index.php\/no-sidebar-template\/","title":{"rendered":"Mistrz i Ma\u0142gorzata"},"content":{"rendered":"\n<p>Spektakl \u201eMistrz i Ma\u0142gorzata\u201d to pr\u00f3ba prze\u0142o\u017cenia j\u0119zyka powie\u015bci Bu\u0142hakowa na j\u0119zyk teatru dzi\u0119ki teoretycznoliterackim kategoriom \u201eopowiadacza\u201d, \u201epolifonii\u201d i \u201edialogizmu\u201d, gdzie \u015bwiat jest opowiadany przez skontrastowanych ze sob\u0105 aktor\u00f3w-narrator\u00f3w za pomoc\u0105 r\u00f3\u017cnych j\u0119zyk\u00f3w teatralnych, bazuj\u0105cych przede wszystkim na teatrze lalek i teatrze dramatycznym. Temat powie\u015bci i opowiadania, sposob\u00f3w przekazywania i zamazywania prawdy jest uczyni\u0107 centralnym problemem spektaklu.<\/p>\n\n\n\n<p>Moskwa lat trzydziestych. Miasto, w kt\u00f3rym dekretem zlikwidowano Boga, dostaje si\u0119 we w\u0142adanie czarnej magii. Historia mi\u0142o\u015bci pisarza do Ma\u0142gorzaty &nbsp;przeplata si\u0119 z opowie\u015bci\u0105 o wizycie Szatana, kt\u00f3ry pojawia si\u0119 pod postaci\u0105 zagranicznego konsultanta w drogim garniturze. Towarzyszy mu wielki kot je\u017cd\u017c\u0105cy tramwajem &nbsp;i chudy osobnik o szyderczej fizjonomii. &nbsp;&nbsp;<\/p>\n\n\n\n<p>Tw\u00f3rcy spektaklu&nbsp;pytaj\u0105&nbsp;o znaczenie duchowo\u015bci, prawdy i wolno\u015bci w naszym \u017cyciu. Po \u015bwiecie Bu\u0142hakowa oprowadza nas kilku narrator\u00f3w, a przedstawienie wzbogacaj\u0105 elementy teatru formy i teatru lalkowego.<\/p>\n\n\n\n<p>re\u017cyseria&nbsp;<\/p>\n\n\n\n<p><strong>Magdalena Miklasz<\/strong><\/p>\n\n\n\n<p>dramaturgia<\/p>\n\n\n\n<p><strong>Marcin Bartnikowski<\/strong><\/p>\n\n\n\n<p>scenografia i kostiumy &nbsp;<\/p>\n\n\n\n<p><strong>Ewa Wo\u017aniak<\/strong><\/p>\n\n\n\n<p>lalki &nbsp;<\/p>\n\n\n\n<p><strong>Marcin Bikowski<\/strong><\/p>\n\n\n\n<p>muzyka&nbsp;<\/p>\n\n\n\n<p><strong>Anna Stela<\/strong><\/p>\n\n\n\n<p>projekcje&nbsp;<\/p>\n\n\n\n<p><strong>Aleksander Janas<\/strong><\/p>\n\n\n\n<p>obsada &nbsp;<\/p>\n\n\n\n<p><strong>Marcin Bartnikowski<\/strong><\/p>\n\n\n\n<p><strong>Marcin Bikowski&nbsp;<\/strong><\/p>\n\n\n\n<p><strong>\u0141ukasz Lewandowski\/Jan Jurkowski&nbsp;<\/strong><\/p>\n\n\n\n<p><strong>Agnieszka Makowska\/Daniel Guzdek<\/strong><\/p>\n\n\n\n<p><strong>Anna Stela<\/strong><\/p>\n\n\n\n<p><strong>Kornelia Trawkowska<\/strong><\/p>\n\n\n\n<p><strong>\u0141ukasz W\u00f3jcik\/Piotr Domalewski<\/strong><\/p>\n\n\n\n<p><strong>Premiera 13 marca 20<\/strong>14<\/p>\n\n\n\n<div class=\"wp-block-envira-envira-gallery\"><div id=\"envira-gallery-wrap-2856\" class=\"envira-gallery-wrap envira-gallery-theme-base envira-lightbox-theme-base\" itemscope itemtype=\"https:\/\/schema.org\/ImageGallery\"><div style=\"opacity: 0.0\"  data-row-height=\"150\" data-gallery-theme=\"normal\" id=\"envira-gallery-2856\" class=\"envira-gallery-public envira-gallery-justified-public envira-gallery-0-columns envira-clear enviratope envira-gallery-css-animations\" data-envira-columns=\"0\"><div id=\"envira-gallery-item-2636\" class=\"envira-gallery-item enviratope-item envira-gallery-item-1 envira-lazy-load\" style=\"padding-left: 1px; padding-bottom: 1px; padding-right: 1px;\"  itemscope itemtype=\"https:\/\/schema.org\/ImageObject\"><div class=\"envira-gallery-item-inner\"><div class=\"envira-gallery-position-overlay  envira-gallery-top-left\"><\/div><div class=\"envira-gallery-position-overlay  envira-gallery-top-right\"><\/div><div class=\"envira-gallery-position-overlay  envira-gallery-bottom-left\"><\/div><div class=\"envira-gallery-position-overlay  envira-gallery-bottom-right\"><\/div><a href=\"http:\/\/malabarhotel.pl\/wp-content\/uploads\/2021\/07\/Fot_Bartek_Warzecha_DSC1566.jpg\" class=\"envira-gallery-2856 envira-gallery-link\" rel=\"enviragallery2856\" title=\"Fot_Bartek_Warzecha_DSC1566\" data-envira-caption=\"Fot_Bartek_Warzecha_DSC1566\" data-envira-retina=\"\" data-thumbnail=\"\"  itemprop=\"contentUrl\"><img id=\"envira-gallery-image-2636\" class=\"envira-gallery-image envira-gallery-image-1 envira-normal envira-lazy\" data-envira-index=\"1\" src=\"https:\/\/malabarhotel.pl\/wp-content\/uploads\/2021\/07\/Fot_Bartek_Warzecha_DSC1566-640x480.jpg\" data-envira-src=\"https:\/\/malabarhotel.pl\/wp-content\/uploads\/2021\/07\/Fot_Bartek_Warzecha_DSC1566-640x480.jpg\" data-envira-gallery-id=\"2856\" data-envira-item-id=\"2636\" data-envira-caption=\"Fot_Bartek_Warzecha_DSC1566\" alt=\"\" title=\"Fot_Bartek_Warzecha_DSC1566\"  itemprop=\"thumbnailUrl\" data-envira-srcset=\"https:\/\/malabarhotel.pl\/wp-content\/uploads\/2021\/07\/Fot_Bartek_Warzecha_DSC1566-640x480.jpg 400w,https:\/\/malabarhotel.pl\/wp-content\/uploads\/2021\/07\/Fot_Bartek_Warzecha_DSC1566-640x480.jpg 2x\" data-envira-width=\"300\" data-envira-height=\"207\" srcset=\"data:image\/gif;base64,R0lGODlhAQABAIAAAP\/\/\/\/\/\/\/yH5BAEKAAEALAAAAAABAAEAAAICTAEAOw==\" data-safe-src=\"data:image\/gif;base64,R0lGODlhAQABAIAAAP\/\/\/\/\/\/\/yH5BAEKAAEALAAAAAABAAEAAAICTAEAOw==\" \/><\/a><\/div><\/div><div id=\"envira-gallery-item-2635\" class=\"envira-gallery-item enviratope-item envira-gallery-item-2 envira-lazy-load\" style=\"padding-left: 1px; padding-bottom: 1px; padding-right: 1px;\"  itemscope itemtype=\"https:\/\/schema.org\/ImageObject\"><div class=\"envira-gallery-item-inner\"><div class=\"envira-gallery-position-overlay  envira-gallery-top-left\"><\/div><div class=\"envira-gallery-position-overlay  envira-gallery-top-right\"><\/div><div class=\"envira-gallery-position-overlay  envira-gallery-bottom-left\"><\/div><div class=\"envira-gallery-position-overlay  envira-gallery-bottom-right\"><\/div><a href=\"http:\/\/malabarhotel.pl\/wp-content\/uploads\/2021\/07\/Fot_Bartek_Warzecha_DSC1776.jpg\" class=\"envira-gallery-2856 envira-gallery-link\" rel=\"enviragallery2856\" title=\"Fot_Bartek_Warzecha_DSC1776\" data-envira-caption=\"Fot_Bartek_Warzecha_DSC1776\" data-envira-retina=\"\" data-thumbnail=\"\"  itemprop=\"contentUrl\"><img id=\"envira-gallery-image-2635\" class=\"envira-gallery-image envira-gallery-image-2 envira-normal envira-lazy\" data-envira-index=\"2\" src=\"https:\/\/malabarhotel.pl\/wp-content\/uploads\/2021\/07\/Fot_Bartek_Warzecha_DSC1776-640x480.jpg\" data-envira-src=\"https:\/\/malabarhotel.pl\/wp-content\/uploads\/2021\/07\/Fot_Bartek_Warzecha_DSC1776-640x480.jpg\" data-envira-gallery-id=\"2856\" data-envira-item-id=\"2635\" data-envira-caption=\"Fot_Bartek_Warzecha_DSC1776\" alt=\"\" title=\"Fot_Bartek_Warzecha_DSC1776\"  itemprop=\"thumbnailUrl\" data-envira-srcset=\"https:\/\/malabarhotel.pl\/wp-content\/uploads\/2021\/07\/Fot_Bartek_Warzecha_DSC1776-640x480.jpg 400w,https:\/\/malabarhotel.pl\/wp-content\/uploads\/2021\/07\/Fot_Bartek_Warzecha_DSC1776-640x480.jpg 2x\" data-envira-width=\"300\" data-envira-height=\"206\" srcset=\"data:image\/gif;base64,R0lGODlhAQABAIAAAP\/\/\/\/\/\/\/yH5BAEKAAEALAAAAAABAAEAAAICTAEAOw==\" data-safe-src=\"data:image\/gif;base64,R0lGODlhAQABAIAAAP\/\/\/\/\/\/\/yH5BAEKAAEALAAAAAABAAEAAAICTAEAOw==\" \/><\/a><\/div><\/div><div id=\"envira-gallery-item-2633\" class=\"envira-gallery-item enviratope-item envira-gallery-item-3 envira-lazy-load\" style=\"padding-left: 1px; padding-bottom: 1px; padding-right: 1px;\"  itemscope itemtype=\"https:\/\/schema.org\/ImageObject\"><div class=\"envira-gallery-item-inner\"><div class=\"envira-gallery-position-overlay  envira-gallery-top-left\"><\/div><div class=\"envira-gallery-position-overlay  envira-gallery-top-right\"><\/div><div class=\"envira-gallery-position-overlay  envira-gallery-bottom-left\"><\/div><div class=\"envira-gallery-position-overlay  envira-gallery-bottom-right\"><\/div><a href=\"http:\/\/malabarhotel.pl\/wp-content\/uploads\/2021\/07\/Fot_Bartek_Warzecha_DSC2160.jpg\" class=\"envira-gallery-2856 envira-gallery-link\" rel=\"enviragallery2856\" title=\"Fot_Bartek_Warzecha_DSC2160\" data-envira-caption=\"Fot_Bartek_Warzecha_DSC2160\" data-envira-retina=\"\" data-thumbnail=\"\"  itemprop=\"contentUrl\"><img id=\"envira-gallery-image-2633\" class=\"envira-gallery-image envira-gallery-image-3 envira-normal envira-lazy\" data-envira-index=\"3\" src=\"https:\/\/malabarhotel.pl\/wp-content\/uploads\/2021\/07\/Fot_Bartek_Warzecha_DSC2160-640x480.jpg\" data-envira-src=\"https:\/\/malabarhotel.pl\/wp-content\/uploads\/2021\/07\/Fot_Bartek_Warzecha_DSC2160-640x480.jpg\" data-envira-gallery-id=\"2856\" data-envira-item-id=\"2633\" data-envira-caption=\"Fot_Bartek_Warzecha_DSC2160\" alt=\"\" title=\"Fot_Bartek_Warzecha_DSC2160\"  itemprop=\"thumbnailUrl\" data-envira-srcset=\"https:\/\/malabarhotel.pl\/wp-content\/uploads\/2021\/07\/Fot_Bartek_Warzecha_DSC2160-640x480.jpg 400w,https:\/\/malabarhotel.pl\/wp-content\/uploads\/2021\/07\/Fot_Bartek_Warzecha_DSC2160-640x480.jpg 2x\" data-envira-width=\"300\" data-envira-height=\"206\" srcset=\"data:image\/gif;base64,R0lGODlhAQABAIAAAP\/\/\/\/\/\/\/yH5BAEKAAEALAAAAAABAAEAAAICTAEAOw==\" data-safe-src=\"data:image\/gif;base64,R0lGODlhAQABAIAAAP\/\/\/\/\/\/\/yH5BAEKAAEALAAAAAABAAEAAAICTAEAOw==\" \/><\/a><\/div><\/div><div id=\"envira-gallery-item-2631\" class=\"envira-gallery-item enviratope-item envira-gallery-item-4 envira-lazy-load\" style=\"padding-left: 1px; padding-bottom: 1px; padding-right: 1px;\"  itemscope itemtype=\"https:\/\/schema.org\/ImageObject\"><div class=\"envira-gallery-item-inner\"><div class=\"envira-gallery-position-overlay  envira-gallery-top-left\"><\/div><div class=\"envira-gallery-position-overlay  envira-gallery-top-right\"><\/div><div class=\"envira-gallery-position-overlay  envira-gallery-bottom-left\"><\/div><div class=\"envira-gallery-position-overlay  envira-gallery-bottom-right\"><\/div><a href=\"http:\/\/malabarhotel.pl\/wp-content\/uploads\/2021\/07\/Fot_Bartek_Warzecha_DSC1647.jpg\" class=\"envira-gallery-2856 envira-gallery-link\" rel=\"enviragallery2856\" title=\"Fot_Bartek_Warzecha_DSC1647\" data-envira-caption=\"Fot_Bartek_Warzecha_DSC1647\" data-envira-retina=\"\" data-thumbnail=\"\"  itemprop=\"contentUrl\"><img id=\"envira-gallery-image-2631\" class=\"envira-gallery-image envira-gallery-image-4 envira-normal envira-lazy\" data-envira-index=\"4\" src=\"https:\/\/malabarhotel.pl\/wp-content\/uploads\/2021\/07\/Fot_Bartek_Warzecha_DSC1647-640x480.jpg\" data-envira-src=\"https:\/\/malabarhotel.pl\/wp-content\/uploads\/2021\/07\/Fot_Bartek_Warzecha_DSC1647-640x480.jpg\" data-envira-gallery-id=\"2856\" data-envira-item-id=\"2631\" data-envira-caption=\"Fot_Bartek_Warzecha_DSC1647\" alt=\"\" title=\"Fot_Bartek_Warzecha_DSC1647\"  itemprop=\"thumbnailUrl\" data-envira-srcset=\"https:\/\/malabarhotel.pl\/wp-content\/uploads\/2021\/07\/Fot_Bartek_Warzecha_DSC1647-640x480.jpg 400w,https:\/\/malabarhotel.pl\/wp-content\/uploads\/2021\/07\/Fot_Bartek_Warzecha_DSC1647-640x480.jpg 2x\" data-envira-width=\"300\" data-envira-height=\"114\" srcset=\"data:image\/gif;base64,R0lGODlhAQABAIAAAP\/\/\/\/\/\/\/yH5BAEKAAEALAAAAAABAAEAAAICTAEAOw==\" data-safe-src=\"data:image\/gif;base64,R0lGODlhAQABAIAAAP\/\/\/\/\/\/\/yH5BAEKAAEALAAAAAABAAEAAAICTAEAOw==\" \/><\/a><\/div><\/div><div id=\"envira-gallery-item-2493\" class=\"envira-gallery-item enviratope-item envira-gallery-item-5 envira-lazy-load\" style=\"padding-left: 1px; padding-bottom: 1px; padding-right: 1px;\"  itemscope itemtype=\"https:\/\/schema.org\/ImageObject\"><div class=\"envira-gallery-item-inner\"><div class=\"envira-gallery-position-overlay  envira-gallery-top-left\"><\/div><div class=\"envira-gallery-position-overlay  envira-gallery-top-right\"><\/div><div class=\"envira-gallery-position-overlay  envira-gallery-bottom-left\"><\/div><div class=\"envira-gallery-position-overlay  envira-gallery-bottom-right\"><\/div><a href=\"http:\/\/malabarhotel.pl\/wp-content\/uploads\/2021\/07\/i2-1.jpeg\" class=\"envira-gallery-2856 envira-gallery-link\" rel=\"enviragallery2856\" title=\"i2-1\" data-envira-caption=\"i2-1\" data-envira-retina=\"\" data-thumbnail=\"\"  itemprop=\"contentUrl\"><img id=\"envira-gallery-image-2493\" class=\"envira-gallery-image envira-gallery-image-5 envira-normal envira-lazy\" data-envira-index=\"5\" src=\"https:\/\/malabarhotel.pl\/wp-content\/uploads\/2021\/07\/i2-1-640x480.jpeg\" data-envira-src=\"https:\/\/malabarhotel.pl\/wp-content\/uploads\/2021\/07\/i2-1-640x480.jpeg\" data-envira-gallery-id=\"2856\" data-envira-item-id=\"2493\" data-envira-caption=\"i2-1\" alt=\"\" title=\"i2-1\"  itemprop=\"thumbnailUrl\" data-envira-srcset=\"https:\/\/malabarhotel.pl\/wp-content\/uploads\/2021\/07\/i2-1-640x480.jpeg 400w,https:\/\/malabarhotel.pl\/wp-content\/uploads\/2021\/07\/i2-1-640x480.jpeg 2x\" data-envira-width=\"300\" data-envira-height=\"160\" srcset=\"data:image\/gif;base64,R0lGODlhAQABAIAAAP\/\/\/\/\/\/\/yH5BAEKAAEALAAAAAABAAEAAAICTAEAOw==\" data-safe-src=\"data:image\/gif;base64,R0lGODlhAQABAIAAAP\/\/\/\/\/\/\/yH5BAEKAAEALAAAAAABAAEAAAICTAEAOw==\" \/><\/a><\/div><\/div><div id=\"envira-gallery-item-2491\" class=\"envira-gallery-item enviratope-item envira-gallery-item-6 envira-lazy-load\" style=\"padding-left: 1px; padding-bottom: 1px; padding-right: 1px;\"  itemscope itemtype=\"https:\/\/schema.org\/ImageObject\"><div class=\"envira-gallery-item-inner\"><div class=\"envira-gallery-position-overlay  envira-gallery-top-left\"><\/div><div class=\"envira-gallery-position-overlay  envira-gallery-top-right\"><\/div><div class=\"envira-gallery-position-overlay  envira-gallery-bottom-left\"><\/div><div class=\"envira-gallery-position-overlay  envira-gallery-bottom-right\"><\/div><a href=\"http:\/\/malabarhotel.pl\/wp-content\/uploads\/2021\/07\/mistrz-i-malgorzata_-Fot_Bartek_Warzecha_DSC1548.jpg\" class=\"envira-gallery-2856 envira-gallery-link\" rel=\"enviragallery2856\" title=\"mistrz-i-malgorzata_-Fot_Bartek_Warzecha_DSC1548\" data-envira-caption=\"mistrz-i-malgorzata_-Fot_Bartek_Warzecha_DSC1548\" data-envira-retina=\"\" data-thumbnail=\"\"  itemprop=\"contentUrl\"><img id=\"envira-gallery-image-2491\" class=\"envira-gallery-image envira-gallery-image-6 envira-normal envira-lazy\" data-envira-index=\"6\" src=\"https:\/\/malabarhotel.pl\/wp-content\/uploads\/2021\/07\/mistrz-i-malgorzata_-Fot_Bartek_Warzecha_DSC1548-640x480.jpg\" data-envira-src=\"https:\/\/malabarhotel.pl\/wp-content\/uploads\/2021\/07\/mistrz-i-malgorzata_-Fot_Bartek_Warzecha_DSC1548-640x480.jpg\" data-envira-gallery-id=\"2856\" data-envira-item-id=\"2491\" data-envira-caption=\"mistrz-i-malgorzata_-Fot_Bartek_Warzecha_DSC1548\" alt=\"\" title=\"mistrz-i-malgorzata_-Fot_Bartek_Warzecha_DSC1548\"  itemprop=\"thumbnailUrl\" data-envira-srcset=\"https:\/\/malabarhotel.pl\/wp-content\/uploads\/2021\/07\/mistrz-i-malgorzata_-Fot_Bartek_Warzecha_DSC1548-640x480.jpg 400w,https:\/\/malabarhotel.pl\/wp-content\/uploads\/2021\/07\/mistrz-i-malgorzata_-Fot_Bartek_Warzecha_DSC1548-640x480.jpg 2x\" data-envira-width=\"300\" data-envira-height=\"206\" srcset=\"data:image\/gif;base64,R0lGODlhAQABAIAAAP\/\/\/\/\/\/\/yH5BAEKAAEALAAAAAABAAEAAAICTAEAOw==\" data-safe-src=\"data:image\/gif;base64,R0lGODlhAQABAIAAAP\/\/\/\/\/\/\/yH5BAEKAAEALAAAAAABAAEAAAICTAEAOw==\" \/><\/a><\/div><\/div><div id=\"envira-gallery-item-2492\" class=\"envira-gallery-item enviratope-item envira-gallery-item-7 envira-lazy-load\" style=\"padding-left: 1px; padding-bottom: 1px; padding-right: 1px;\"  itemscope itemtype=\"https:\/\/schema.org\/ImageObject\"><div class=\"envira-gallery-item-inner\"><div class=\"envira-gallery-position-overlay  envira-gallery-top-left\"><\/div><div class=\"envira-gallery-position-overlay  envira-gallery-top-right\"><\/div><div class=\"envira-gallery-position-overlay  envira-gallery-bottom-left\"><\/div><div class=\"envira-gallery-position-overlay  envira-gallery-bottom-right\"><\/div><a href=\"http:\/\/malabarhotel.pl\/wp-content\/uploads\/2021\/07\/u2.jpg\" class=\"envira-gallery-2856 envira-gallery-link\" rel=\"enviragallery2856\" title=\"u2\" data-envira-caption=\"u2\" data-envira-retina=\"\" data-thumbnail=\"\"  itemprop=\"contentUrl\"><img id=\"envira-gallery-image-2492\" class=\"envira-gallery-image envira-gallery-image-7 envira-normal envira-lazy\" data-envira-index=\"7\" src=\"https:\/\/malabarhotel.pl\/wp-content\/uploads\/2021\/07\/u2-640x480.jpg\" data-envira-src=\"https:\/\/malabarhotel.pl\/wp-content\/uploads\/2021\/07\/u2-640x480.jpg\" data-envira-gallery-id=\"2856\" data-envira-item-id=\"2492\" data-envira-caption=\"u2\" alt=\"\" title=\"u2\"  itemprop=\"thumbnailUrl\" data-envira-srcset=\"https:\/\/malabarhotel.pl\/wp-content\/uploads\/2021\/07\/u2-640x480.jpg 400w,https:\/\/malabarhotel.pl\/wp-content\/uploads\/2021\/07\/u2-640x480.jpg 2x\" data-envira-width=\"279\" data-envira-height=\"181\" srcset=\"data:image\/gif;base64,R0lGODlhAQABAIAAAP\/\/\/\/\/\/\/yH5BAEKAAEALAAAAAABAAEAAAICTAEAOw==\" data-safe-src=\"data:image\/gif;base64,R0lGODlhAQABAIAAAP\/\/\/\/\/\/\/yH5BAEKAAEALAAAAAABAAEAAAICTAEAOw==\" \/><\/a><\/div><\/div><div id=\"envira-gallery-item-2489\" class=\"envira-gallery-item enviratope-item envira-gallery-item-8 envira-lazy-load\" style=\"padding-left: 1px; padding-bottom: 1px; padding-right: 1px;\"  itemscope itemtype=\"https:\/\/schema.org\/ImageObject\"><div class=\"envira-gallery-item-inner\"><div class=\"envira-gallery-position-overlay  envira-gallery-top-left\"><\/div><div class=\"envira-gallery-position-overlay  envira-gallery-top-right\"><\/div><div class=\"envira-gallery-position-overlay  envira-gallery-bottom-left\"><\/div><div class=\"envira-gallery-position-overlay  envira-gallery-bottom-right\"><\/div><a href=\"http:\/\/malabarhotel.pl\/wp-content\/uploads\/2021\/07\/images2.jpeg\" class=\"envira-gallery-2856 envira-gallery-link\" rel=\"enviragallery2856\" title=\"images2\" data-envira-caption=\"images2\" data-envira-retina=\"\" data-thumbnail=\"\"  itemprop=\"contentUrl\"><img id=\"envira-gallery-image-2489\" class=\"envira-gallery-image envira-gallery-image-8 envira-normal envira-lazy\" data-envira-index=\"8\" src=\"https:\/\/malabarhotel.pl\/wp-content\/uploads\/2021\/07\/images2-640x480.jpeg\" data-envira-src=\"https:\/\/malabarhotel.pl\/wp-content\/uploads\/2021\/07\/images2-640x480.jpeg\" data-envira-gallery-id=\"2856\" data-envira-item-id=\"2489\" data-envira-caption=\"images2\" alt=\"\" title=\"images2\"  itemprop=\"thumbnailUrl\" data-envira-srcset=\"https:\/\/malabarhotel.pl\/wp-content\/uploads\/2021\/07\/images2-640x480.jpeg 400w,https:\/\/malabarhotel.pl\/wp-content\/uploads\/2021\/07\/images2-640x480.jpeg 2x\" data-envira-width=\"300\" data-envira-height=\"160\" srcset=\"data:image\/gif;base64,R0lGODlhAQABAIAAAP\/\/\/\/\/\/\/yH5BAEKAAEALAAAAAABAAEAAAICTAEAOw==\" data-safe-src=\"data:image\/gif;base64,R0lGODlhAQABAIAAAP\/\/\/\/\/\/\/yH5BAEKAAEALAAAAAABAAEAAAICTAEAOw==\" \/><\/a><\/div><\/div><div id=\"envira-gallery-item-2490\" class=\"envira-gallery-item enviratope-item envira-gallery-item-9 envira-lazy-load\" style=\"padding-left: 1px; padding-bottom: 1px; padding-right: 1px;\"  itemscope itemtype=\"https:\/\/schema.org\/ImageObject\"><div class=\"envira-gallery-item-inner\"><div class=\"envira-gallery-position-overlay  envira-gallery-top-left\"><\/div><div class=\"envira-gallery-position-overlay  envira-gallery-top-right\"><\/div><div class=\"envira-gallery-position-overlay  envira-gallery-bottom-left\"><\/div><div class=\"envira-gallery-position-overlay  envira-gallery-bottom-right\"><\/div><a href=\"http:\/\/malabarhotel.pl\/wp-content\/uploads\/2021\/07\/images.jpeg\" class=\"envira-gallery-2856 envira-gallery-link\" rel=\"enviragallery2856\" title=\"images\" data-envira-caption=\"images\" data-envira-retina=\"\" data-thumbnail=\"\"  itemprop=\"contentUrl\"><img id=\"envira-gallery-image-2490\" class=\"envira-gallery-image envira-gallery-image-9 envira-normal envira-lazy\" data-envira-index=\"9\" src=\"https:\/\/malabarhotel.pl\/wp-content\/uploads\/2021\/07\/images-640x480.jpeg\" data-envira-src=\"https:\/\/malabarhotel.pl\/wp-content\/uploads\/2021\/07\/images-640x480.jpeg\" data-envira-gallery-id=\"2856\" data-envira-item-id=\"2490\" data-envira-caption=\"images\" alt=\"\" title=\"images\"  itemprop=\"thumbnailUrl\" data-envira-srcset=\"https:\/\/malabarhotel.pl\/wp-content\/uploads\/2021\/07\/images-640x480.jpeg 400w,https:\/\/malabarhotel.pl\/wp-content\/uploads\/2021\/07\/images-640x480.jpeg 2x\" data-envira-width=\"275\" data-envira-height=\"183\" srcset=\"data:image\/gif;base64,R0lGODlhAQABAIAAAP\/\/\/\/\/\/\/yH5BAEKAAEALAAAAAABAAEAAAICTAEAOw==\" data-safe-src=\"data:image\/gif;base64,R0lGODlhAQABAIAAAP\/\/\/\/\/\/\/yH5BAEKAAEALAAAAAABAAEAAAICTAEAOw==\" \/><\/a><\/div><\/div><\/div><\/div><noscript><img src=\"https:\/\/malabarhotel.pl\/wp-content\/uploads\/2021\/07\/Fot_Bartek_Warzecha_DSC1566.jpg\" alt=\"\" \/><img src=\"https:\/\/malabarhotel.pl\/wp-content\/uploads\/2021\/07\/Fot_Bartek_Warzecha_DSC1776.jpg\" alt=\"\" \/><img src=\"https:\/\/malabarhotel.pl\/wp-content\/uploads\/2021\/07\/Fot_Bartek_Warzecha_DSC2160.jpg\" alt=\"\" \/><img src=\"https:\/\/malabarhotel.pl\/wp-content\/uploads\/2021\/07\/Fot_Bartek_Warzecha_DSC1647.jpg\" alt=\"\" \/><img src=\"https:\/\/malabarhotel.pl\/wp-content\/uploads\/2021\/07\/i2-1.jpeg\" alt=\"\" \/><img src=\"https:\/\/malabarhotel.pl\/wp-content\/uploads\/2021\/07\/mistrz-i-malgorzata_-Fot_Bartek_Warzecha_DSC1548.jpg\" alt=\"\" \/><img src=\"https:\/\/malabarhotel.pl\/wp-content\/uploads\/2021\/07\/u2.jpg\" alt=\"\" \/><img src=\"https:\/\/malabarhotel.pl\/wp-content\/uploads\/2021\/07\/images2.jpeg\" alt=\"\" \/><img src=\"https:\/\/malabarhotel.pl\/wp-content\/uploads\/2021\/07\/images.jpeg\" alt=\"\" \/><\/noscript><\/div>\n\n\n\n<div class=\"is-layout-flow wp-block-group\"><div class=\"wp-block-group__inner-container\">\n<div class=\"is-layout-flow wp-block-group\"><div class=\"wp-block-group__inner-container\"><\/div><\/div>\n<\/div><\/div>\n\n\n\n<p>foto Bartek Warzecha, Katarzyna Chmura-Cegie\u0142kowska<\/p>\n\n\n\n<p>Koprodukcja z Teatrem Dramatycznym Miasta Sto\u0142ecznego Warszawy<\/p>\n\n\n\n<p>Spektakl finansowany ze \u015brodk\u00f3w Ministerstwa Kultury i Dziedzictwa Narodowego oraz Urz\u0119du Miejskiego w Bia\u0142ymstoku&nbsp;<\/p>\n\n\n\n<p><strong>Nagrody i wyr\u00f3\u017cnienia:<\/strong><\/p>\n\n\n\n<ul><li><strong>Nagroda G\u0142\u00f3wna Na Mi\u0119dzynarodowym Festiwalu Teatralnym Maskarada w Rzeszowie<\/strong><\/li><\/ul>\n\n\n\n<p>Spektakl zosta\u0142 zrealizowany w ramach Stypendium Ministerstwa kultury Dziedzictwa narodowego, przyznanego \u0141ukaszowi Lewandowskiemu<\/p>\n\n\n\n<figure class=\"wp-block-image size-large is-resized\"><img decoding=\"async\" loading=\"lazy\" src=\"https:\/\/malabarhotel.pl\/wp-content\/uploads\/2021\/07\/mkidn_logo-3.jpg\" alt=\"\" class=\"wp-image-2765\" width=\"80\" height=\"80\" srcset=\"https:\/\/malabarhotel.pl\/wp-content\/uploads\/2021\/07\/mkidn_logo-3.jpg 300w, https:\/\/malabarhotel.pl\/wp-content\/uploads\/2021\/07\/mkidn_logo-3-150x150.jpg 150w\" sizes=\"(max-width: 80px) 100vw, 80px\" \/><\/figure>\n\n\n\n<figure class=\"wp-block-image size-large is-resized\"><img decoding=\"async\" loading=\"lazy\" src=\"https:\/\/malabarhotel.pl\/wp-content\/uploads\/2021\/07\/dramatyczny.png\" alt=\"\" class=\"wp-image-2787\" width=\"89\" height=\"89\" srcset=\"https:\/\/malabarhotel.pl\/wp-content\/uploads\/2021\/07\/dramatyczny.png 225w, https:\/\/malabarhotel.pl\/wp-content\/uploads\/2021\/07\/dramatyczny-150x150.png 150w\" sizes=\"(max-width: 89px) 100vw, 89px\" \/><\/figure>\n","protected":false},"excerpt":{"rendered":"<p>Spektakl \u201eMistrz i Ma\u0142gorzata\u201d to pr\u00f3ba prze\u0142o\u017cenia j\u0119zyka powie\u015bci Bu\u0142hakowa na j\u0119zyk teatru dzi\u0119ki teoretycznoliterackim kategoriom \u201eopowiadacza\u201d, \u201epolifonii\u201d i \u201edialogizmu\u201d, gdzie \u015bwiat jest opowiadany przez skontrastowanych ze sob\u0105 aktor\u00f3w-narrator\u00f3w za pomoc\u0105 r\u00f3\u017cnych j\u0119zyk\u00f3w teatralnych, bazuj\u0105cych przede wszystkim na teatrze lalek i teatrze dramatycznym. Temat powie\u015bci i opowiadania, sposob\u00f3w przekazywania i zamazywania prawdy jest uczyni\u0107 centralnym&#8230; <\/p>\n","protected":false},"author":1,"featured_media":2534,"parent":0,"menu_order":0,"comment_status":"closed","ping_status":"closed","template":"no-sidebar.php","meta":{"om_disable_all_campaigns":false,"_monsterinsights_skip_tracking":false,"_monsterinsights_sitenote_active":false,"_monsterinsights_sitenote_note":"","_monsterinsights_sitenote_category":0},"_links":{"self":[{"href":"https:\/\/malabarhotel.pl\/index.php\/wp-json\/wp\/v2\/pages\/2162"}],"collection":[{"href":"https:\/\/malabarhotel.pl\/index.php\/wp-json\/wp\/v2\/pages"}],"about":[{"href":"https:\/\/malabarhotel.pl\/index.php\/wp-json\/wp\/v2\/types\/page"}],"author":[{"embeddable":true,"href":"https:\/\/malabarhotel.pl\/index.php\/wp-json\/wp\/v2\/users\/1"}],"replies":[{"embeddable":true,"href":"https:\/\/malabarhotel.pl\/index.php\/wp-json\/wp\/v2\/comments?post=2162"}],"version-history":[{"count":17,"href":"https:\/\/malabarhotel.pl\/index.php\/wp-json\/wp\/v2\/pages\/2162\/revisions"}],"predecessor-version":[{"id":2924,"href":"https:\/\/malabarhotel.pl\/index.php\/wp-json\/wp\/v2\/pages\/2162\/revisions\/2924"}],"wp:featuredmedia":[{"embeddable":true,"href":"https:\/\/malabarhotel.pl\/index.php\/wp-json\/wp\/v2\/media\/2534"}],"wp:attachment":[{"href":"https:\/\/malabarhotel.pl\/index.php\/wp-json\/wp\/v2\/media?parent=2162"}],"curies":[{"name":"wp","href":"https:\/\/api.w.org\/{rel}","templated":true}]}}